{"id":105,"date":"2012-02-09T16:53:39","date_gmt":"2012-02-09T16:53:39","guid":{"rendered":"http:\/\/rando-quad19.fr\/?page_id=105"},"modified":"2022-05-11T09:17:17","modified_gmt":"2022-05-11T09:17:17","slug":"contact","status":"publish","type":"page","link":"http:\/\/rando-quad19.fr\/?page_id=105","title":{"rendered":"Contact"},"content":{"rendered":"\n<figure class=\"wp-block-image is-resized\"><img loading=\"lazy\" decoding=\"async\" src=\"http:\/\/rando-quad19.fr\/wp-content\/uploads\/2022\/04\/unnamed-1024x768.jpg\" alt=\"\" class=\"wp-image-1054\" width=\"561\" height=\"421\" srcset=\"http:\/\/rando-quad19.fr\/wp-content\/uploads\/2022\/04\/unnamed-1024x768.jpg 1024w, http:\/\/rando-quad19.fr\/wp-content\/uploads\/2022\/04\/unnamed-600x450.jpg 600w, http:\/\/rando-quad19.fr\/wp-content\/uploads\/2022\/04\/unnamed-300x225.jpg 300w, http:\/\/rando-quad19.fr\/wp-content\/uploads\/2022\/04\/unnamed-768x576.jpg 768w, http:\/\/rando-quad19.fr\/wp-content\/uploads\/2022\/04\/unnamed-216x162.jpg 216w\" sizes=\"auto, (max-width: 561px) 100vw, 561px\" \/><\/figure>\n\n\n<p style=\"text-align: center;\"><span style=\"color: #000000;\"><strong>Sebastien CARAFI &amp; Adrien Carafi<\/strong><\/span><\/p>\n<p style=\"text-align: center;\"><span style=\"color: #000000;\"><strong>la bredeche 19200 USSEL<\/strong><\/span><\/p>\n<p style=\"text-align: center;\"><span style=\"color: #000000;\"><strong>tel: 0648970001<\/strong><\/span><\/p>\n<h2>\u00a0\u00a0\u00a0\u00a0\u00a0\u00a0\u00a0\u00a0\u00a0\u00a0\u00a0\u00a0\u00a0\u00a0\u00a0\u00a0\u00a0\u00a0\u00a0\u00a0\u00a0\u00a0\u00a0\u00a0\u00a0\u00a0\u00a0\u00a0\u00a0\u00a0\u00a0\u00a0\u00a0\u00a0\u00a0\u00a0\u00a0 \u00a0 \u00a0\u00a0\u00a0\u00a0\u00a0\u00a0\u00a0\u00a0\u00a0\u00a0\u00a0\u00a0\u00a0\u00a0\u00a0\u00a0\u00a0\u00a0\u00a0\u00a0\u00a0\u00a0\u00a0\u00a0\u00a0\u00a0\u00a0\u00a0\u00a0\u00a0\u00a0\u00a0\u00a0\u00a0\u00a0\u00a0\u00a0\u00a0\u00a0\u00a0\u00a0\u00a0\u00a0 randomotoquad19@gmail.com<\/h2>\n<h4 style=\"text-align: center;\">N&#8217;h\u00e9sitez pas \u00e0 nous contacter pour toutes vos questions<\/h4>\n<p><span class=\"cntctfrm_shortcode\">\u00a0<\/span><\/p>","protected":false},"excerpt":{"rendered":"<p>Sebastien CARAFI &amp; Adrien Carafi la bredeche 19200 USSEL tel: 0648970001 \u00a0\u00a0\u00a0\u00a0\u00a0\u00a0\u00a0\u00a0\u00a0\u00a0\u00a0\u00a0\u00a0\u00a0\u00a0\u00a0\u00a0\u00a0\u00a0\u00a0\u00a0\u00a0\u00a0\u00a0\u00a0\u00a0\u00a0\u00a0\u00a0\u00a0\u00a0\u00a0\u00a0\u00a0\u00a0\u00a0\u00a0 \u00a0 \u00a0\u00a0\u00a0\u00a0\u00a0\u00a0\u00a0\u00a0\u00a0\u00a0\u00a0\u00a0\u00a0\u00a0\u00a0\u00a0\u00a0\u00a0\u00a0\u00a0\u00a0\u00a0\u00a0\u00a0\u00a0\u00a0\u00a0\u00a0\u00a0\u00a0\u00a0\u00a0\u00a0\u00a0\u00a0\u00a0\u00a0\u00a0\u00a0\u00a0\u00a0\u00a0\u00a0 randomotoquad19@gmail.com N&#8217;h\u00e9sitez pas \u00e0 nous contacter pour toutes vos questions \u00a0<\/p>\n","protected":false},"author":1,"featured_media":697,"parent":0,"menu_order":4,"comment_status":"closed","ping_status":"closed","template":"","meta":{"saved_in_kubio":false,"footnotes":""},"class_list":["post-105","page","type-page","status-publish","has-post-thumbnail","hentry"],"yoast_head":"<!-- This site is optimized with the Yoast SEO plugin v20.2.1 - https:\/\/yoast.com\/wordpress\/plugins\/seo\/ -->\n<title>Contact - Rando-Moto-Quad19<\/title>\n<meta name=\"robots\" content=\"index, follow, max-snippet:-1, max-image-preview:large, max-video-preview:-1\" \/>\n<link rel=\"canonical\" href=\"http:\/\/rando-quad19.fr\/?page_id=105\" \/>\n<meta property=\"og:locale\" content=\"fr_FR\" \/>\n<meta property=\"og:type\" content=\"article\" \/>\n<meta property=\"og:title\" content=\"Contact - Rando-Moto-Quad19\" \/>\n<meta property=\"og:description\" content=\"Sebastien CARAFI &amp; Adrien Carafi la bredeche 19200 USSEL tel: 0648970001 \u00a0\u00a0\u00a0\u00a0\u00a0\u00a0\u00a0\u00a0\u00a0\u00a0\u00a0\u00a0\u00a0\u00a0\u00a0\u00a0\u00a0\u00a0\u00a0\u00a0\u00a0\u00a0\u00a0\u00a0\u00a0\u00a0\u00a0\u00a0\u00a0\u00a0\u00a0\u00a0\u00a0\u00a0\u00a0\u00a0\u00a0 \u00a0 \u00a0\u00a0\u00a0\u00a0\u00a0\u00a0\u00a0\u00a0\u00a0\u00a0\u00a0\u00a0\u00a0\u00a0\u00a0\u00a0\u00a0\u00a0\u00a0\u00a0\u00a0\u00a0\u00a0\u00a0\u00a0\u00a0\u00a0\u00a0\u00a0\u00a0\u00a0\u00a0\u00a0\u00a0\u00a0\u00a0\u00a0\u00a0\u00a0\u00a0\u00a0\u00a0\u00a0 randomotoquad19@gmail.com N&#8217;h\u00e9sitez pas \u00e0 nous contacter pour toutes vos questions \u00a0\" \/>\n<meta property=\"og:url\" content=\"http:\/\/rando-quad19.fr\/?page_id=105\" \/>\n<meta property=\"og:site_name\" content=\"Rando-Moto-Quad19\" \/>\n<meta property=\"article:modified_time\" content=\"2022-05-11T09:17:17+00:00\" \/>\n<meta property=\"og:image\" content=\"http:\/\/rando-quad19.fr\/wp-content\/uploads\/2018\/03\/20170929_164406-e1521202388226-scaled.jpg\" \/>\n\t<meta property=\"og:image:width\" content=\"2560\" \/>\n\t<meta property=\"og:image:height\" content=\"1920\" \/>\n\t<meta property=\"og:image:type\" content=\"image\/jpeg\" \/>\n<meta name=\"twitter:card\" content=\"summary_large_image\" \/>\n<script type=\"application\/ld+json\" class=\"yoast-schema-graph\">{\"@context\":\"https:\/\/schema.org\",\"@graph\":[{\"@type\":\"WebPage\",\"@id\":\"http:\/\/rando-quad19.fr\/?page_id=105\",\"url\":\"http:\/\/rando-quad19.fr\/?page_id=105\",\"name\":\"Contact - Rando-Moto-Quad19\",\"isPartOf\":{\"@id\":\"https:\/\/rando-quad19.fr\/#website\"},\"datePublished\":\"2012-02-09T16:53:39+00:00\",\"dateModified\":\"2022-05-11T09:17:17+00:00\",\"breadcrumb\":{\"@id\":\"http:\/\/rando-quad19.fr\/?page_id=105#breadcrumb\"},\"inLanguage\":\"fr-FR\",\"potentialAction\":[{\"@type\":\"ReadAction\",\"target\":[\"http:\/\/rando-quad19.fr\/?page_id=105\"]}]},{\"@type\":\"BreadcrumbList\",\"@id\":\"http:\/\/rando-quad19.fr\/?page_id=105#breadcrumb\",\"itemListElement\":[{\"@type\":\"ListItem\",\"position\":1,\"name\":\"Accueil\",\"item\":\"https:\/\/rando-quad19.fr\/\"},{\"@type\":\"ListItem\",\"position\":2,\"name\":\"Contact\"}]},{\"@type\":\"WebSite\",\"@id\":\"https:\/\/rando-quad19.fr\/#website\",\"url\":\"https:\/\/rando-quad19.fr\/\",\"name\":\"Rando-Moto-Quad19\",\"description\":\"Cr\u00e9ateur d&#039;\u00e9motion en Haute Corr\u00e8ze\",\"potentialAction\":[{\"@type\":\"SearchAction\",\"target\":{\"@type\":\"EntryPoint\",\"urlTemplate\":\"https:\/\/rando-quad19.fr\/?s={search_term_string}\"},\"query-input\":\"required name=search_term_string\"}],\"inLanguage\":\"fr-FR\"}]}<\/script>\n<!-- \/ Yoast SEO plugin. -->","yoast_head_json":{"title":"Contact - Rando-Moto-Quad19","robots":{"index":"index","follow":"follow","max-snippet":"max-snippet:-1","max-image-preview":"max-image-preview:large","max-video-preview":"max-video-preview:-1"},"canonical":"http:\/\/rando-quad19.fr\/?page_id=105","og_locale":"fr_FR","og_type":"article","og_title":"Contact - Rando-Moto-Quad19","og_description":"Sebastien CARAFI &amp; Adrien Carafi la bredeche 19200 USSEL tel: 0648970001 \u00a0\u00a0\u00a0\u00a0\u00a0\u00a0\u00a0\u00a0\u00a0\u00a0\u00a0\u00a0\u00a0\u00a0\u00a0\u00a0\u00a0\u00a0\u00a0\u00a0\u00a0\u00a0\u00a0\u00a0\u00a0\u00a0\u00a0\u00a0\u00a0\u00a0\u00a0\u00a0\u00a0\u00a0\u00a0\u00a0\u00a0 \u00a0 \u00a0\u00a0\u00a0\u00a0\u00a0\u00a0\u00a0\u00a0\u00a0\u00a0\u00a0\u00a0\u00a0\u00a0\u00a0\u00a0\u00a0\u00a0\u00a0\u00a0\u00a0\u00a0\u00a0\u00a0\u00a0\u00a0\u00a0\u00a0\u00a0\u00a0\u00a0\u00a0\u00a0\u00a0\u00a0\u00a0\u00a0\u00a0\u00a0\u00a0\u00a0\u00a0\u00a0 randomotoquad19@gmail.com N&#8217;h\u00e9sitez pas \u00e0 nous contacter pour toutes vos questions \u00a0","og_url":"http:\/\/rando-quad19.fr\/?page_id=105","og_site_name":"Rando-Moto-Quad19","article_modified_time":"2022-05-11T09:17:17+00:00","og_image":[{"width":2560,"height":1920,"url":"http:\/\/rando-quad19.fr\/wp-content\/uploads\/2018\/03\/20170929_164406-e1521202388226-scaled.jpg","type":"image\/jpeg"}],"twitter_card":"summary_large_image","schema":{"@context":"https:\/\/schema.org","@graph":[{"@type":"WebPage","@id":"http:\/\/rando-quad19.fr\/?page_id=105","url":"http:\/\/rando-quad19.fr\/?page_id=105","name":"Contact - Rando-Moto-Quad19","isPartOf":{"@id":"https:\/\/rando-quad19.fr\/#website"},"datePublished":"2012-02-09T16:53:39+00:00","dateModified":"2022-05-11T09:17:17+00:00","breadcrumb":{"@id":"http:\/\/rando-quad19.fr\/?page_id=105#breadcrumb"},"inLanguage":"fr-FR","potentialAction":[{"@type":"ReadAction","target":["http:\/\/rando-quad19.fr\/?page_id=105"]}]},{"@type":"BreadcrumbList","@id":"http:\/\/rando-quad19.fr\/?page_id=105#breadcrumb","itemListElement":[{"@type":"ListItem","position":1,"name":"Accueil","item":"https:\/\/rando-quad19.fr\/"},{"@type":"ListItem","position":2,"name":"Contact"}]},{"@type":"WebSite","@id":"https:\/\/rando-quad19.fr\/#website","url":"https:\/\/rando-quad19.fr\/","name":"Rando-Moto-Quad19","description":"Cr\u00e9ateur d&#039;\u00e9motion en Haute Corr\u00e8ze","potentialAction":[{"@type":"SearchAction","target":{"@type":"EntryPoint","urlTemplate":"https:\/\/rando-quad19.fr\/?s={search_term_string}"},"query-input":"required name=search_term_string"}],"inLanguage":"fr-FR"}]}},"kubio_ai_page_context":{"short_desc":"","purpose":"general"},"jetpack_sharing_enabled":true,"_links":{"self":[{"href":"http:\/\/rando-quad19.fr\/index.php?rest_route=\/wp\/v2\/pages\/105","targetHints":{"allow":["GET"]}}],"collection":[{"href":"http:\/\/rando-quad19.fr\/index.php?rest_route=\/wp\/v2\/pages"}],"about":[{"href":"http:\/\/rando-quad19.fr\/index.php?rest_route=\/wp\/v2\/types\/page"}],"author":[{"embeddable":true,"href":"http:\/\/rando-quad19.fr\/index.php?rest_route=\/wp\/v2\/users\/1"}],"replies":[{"embeddable":true,"href":"http:\/\/rando-quad19.fr\/index.php?rest_route=%2Fwp%2Fv2%2Fcomments&post=105"}],"version-history":[{"count":27,"href":"http:\/\/rando-quad19.fr\/index.php?rest_route=\/wp\/v2\/pages\/105\/revisions"}],"predecessor-version":[{"id":1112,"href":"http:\/\/rando-quad19.fr\/index.php?rest_route=\/wp\/v2\/pages\/105\/revisions\/1112"}],"wp:featuredmedia":[{"embeddable":true,"href":"http:\/\/rando-quad19.fr\/index.php?rest_route=\/wp\/v2\/media\/697"}],"wp:attachment":[{"href":"http:\/\/rando-quad19.fr\/index.php?rest_route=%2Fwp%2Fv2%2Fmedia&parent=105"}],"curies":[{"name":"wp","href":"https:\/\/api.w.org\/{rel}","templated":true}]}}