{"id":1074,"date":"2022-04-01T17:12:33","date_gmt":"2022-04-01T17:12:33","guid":{"rendered":"http:\/\/rando-quad19.fr\/?page_id=1074"},"modified":"2024-10-17T16:15:31","modified_gmt":"2024-10-17T16:15:31","slug":"randonnees-motos","status":"publish","type":"page","link":"http:\/\/rando-quad19.fr\/?page_id=1074","title":{"rendered":"ENDURO\/TRAIL\/MAXI TRAIL"},"content":{"rendered":"\n<p>Bienvenue dans les montagnes de la Haute Corr\u00e8ze, o\u00f9 les sentiers sinueux et les vues \u00e0 couper le souffle vous attendent pour une aventure en enduro qui restera grav\u00e9e dans votre m\u00e9moire. Nos randonn\u00e9es en enduro sont con\u00e7ues pour les amateurs de sensations fortes qui cherchent \u00e0 explorer les sentiers les plus sauvages et les plus exigeants de la r\u00e9gion.<br><br>Que vous soyez novice ou expert, nos guides dipl\u00f4m\u00e9s vous accompagneront tout au long de votre parcours, en vous proposant des itin\u00e9raires adapt\u00e9s \u00e0 votre niveau de pilotage. Vous d\u00e9couvrirez des paysages \u00e0 couper le souffle, des for\u00eats profondes, des ruisseaux cristallins et des vues panoramiques.<br><br>Notre programme de randonn\u00e9es en enduro comprend des circuits allant de une \u00e0 plusieurs journ\u00e9es, avec des arr\u00eats dans des h\u00f4tels et restaurants locaux pour vous permettre de vous reposer et de vous ressourcer avant de poursuivre votre voyage. Nous vous proposons \u00e9galement des d\u00e9gustations de produits r\u00e9gionaux pour vous faire d\u00e9couvrir les saveurs authentiques de la r\u00e9gion.<br><br>Alors, si vous cherchez \u00e0 vivre une exp\u00e9rience de conduite hors piste inoubliable, n&#8217;h\u00e9sitez pas \u00e0 nous contacter pour r\u00e9server votre randonn\u00e9e en moto enduro dans les montagnes de la Haute Corr\u00e8ze. Vous ne le regretterez pas !<\/p>\n\n\n\n<figure class=\"wp-block-image size-large\"><a href=\"http:\/\/rando-quad19.fr\/wp-content\/uploads\/2022\/05\/IMG_1250.jpeg\"><img loading=\"lazy\" decoding=\"async\" width=\"549\" height=\"1024\" src=\"http:\/\/rando-quad19.fr\/wp-content\/uploads\/2022\/05\/IMG_1250-549x1024.jpeg\" alt=\"\" class=\"wp-image-1110\" srcset=\"http:\/\/rando-quad19.fr\/wp-content\/uploads\/2022\/05\/IMG_1250-549x1024.jpeg 549w, http:\/\/rando-quad19.fr\/wp-content\/uploads\/2022\/05\/IMG_1250-600x1120.jpeg 600w, http:\/\/rando-quad19.fr\/wp-content\/uploads\/2022\/05\/IMG_1250-161x300.jpeg 161w, http:\/\/rando-quad19.fr\/wp-content\/uploads\/2022\/05\/IMG_1250-768x1434.jpeg 768w, http:\/\/rando-quad19.fr\/wp-content\/uploads\/2022\/05\/IMG_1250-87x162.jpeg 87w, http:\/\/rando-quad19.fr\/wp-content\/uploads\/2022\/05\/IMG_1250.jpeg 960w\" sizes=\"auto, (max-width: 549px) 100vw, 549px\" \/><\/a><\/figure>\n\n\n\n<p> <\/p>\n\n\n\n<h2 class=\"has-large-font-size wp-block-heading\"><em>LA NOUVELLE:&nbsp;<\/em>Le Massif des Mon\u00e9di\u00e8res <\/h2>\n\n\n\n<div class=\"wp-block-media-text alignwide is-stacked-on-mobile\"><figure class=\"wp-block-media-text__media\"><img loading=\"lazy\" decoding=\"async\" width=\"1024\" height=\"768\" src=\"http:\/\/rando-quad19.fr\/wp-content\/uploads\/2023\/03\/IMG-2614-1024x768.jpg\" alt=\"\" class=\"wp-image-1228 size-full\" srcset=\"http:\/\/rando-quad19.fr\/wp-content\/uploads\/2023\/03\/IMG-2614-1024x768.jpg 1024w, http:\/\/rando-quad19.fr\/wp-content\/uploads\/2023\/03\/IMG-2614-scaled-600x450.jpg 600w, http:\/\/rando-quad19.fr\/wp-content\/uploads\/2023\/03\/IMG-2614-300x225.jpg 300w, http:\/\/rando-quad19.fr\/wp-content\/uploads\/2023\/03\/IMG-2614-768x576.jpg 768w, http:\/\/rando-quad19.fr\/wp-content\/uploads\/2023\/03\/IMG-2614-1536x1152.jpg 1536w, http:\/\/rando-quad19.fr\/wp-content\/uploads\/2023\/03\/IMG-2614-2048x1536.jpg 2048w, http:\/\/rando-quad19.fr\/wp-content\/uploads\/2023\/03\/IMG-2614-216x162.jpg 216w\" sizes=\"auto, (max-width: 1024px) 100vw, 1024px\" \/><\/figure><div class=\"wp-block-media-text__content\">\n<p>Nous sommes ravi de partager avec vous notre nouvelle randonn\u00e9e en enduro, en quad ou en SSV sur les monts des Mon\u00e9di\u00e8res en direction de Treignac. Ce parcours est id\u00e9al pour les amateurs de sports m\u00e9caniques qui souhaitent profiter d&#8217;un chemin roulant et de jolie paysage.<\/p>\n\n\n\n<p>Le parcours de cette randonn\u00e9e est d&#8217;une dur\u00e9e de 2 \u00e0 4 jours, selon vos envies. Vous pourrez d\u00e9couvrir les paysages de la Corr\u00e8ze, avec ses collines et ses vall\u00e9es. <\/p>\n\n\n\n<p>Mais ce n&#8217;est pas tout ! Cette randonn\u00e9e vous permettra \u00e9galement de d\u00e9couvrir les produits locaux de la r\u00e9gion. Vous pourrez d\u00e9guster les sp\u00e9cialit\u00e9s culinaires de la Corr\u00e8ze, comme le jambon de pays, les fromages de la r\u00e9gion.<\/p>\n\n\n\n<p>Et pour que vous puissiez profiter de cette randonn\u00e9e en toute s\u00e9r\u00e9nit\u00e9, nous avons inclus dans le parcours l&#8217;h\u00e9bergement et la restauration. Vous pourrez vous reposer dans des g\u00eetes ou des h\u00f4tels confortables et vous r\u00e9galer avec les plats locaux.<\/p>\n\n\n\n<p>Alors, n&#8217;h\u00e9sitez plus et partez \u00e0 la d\u00e9couverte des monts des Mon\u00e9di\u00e8res en enduro, en quad ou en SSV. Vous ne serez pas d\u00e9\u00e7u !<\/p>\n<\/div><\/div>\n\n\n\n<h1 class=\"has-large-font-size wp-block-heading\">les Combrailles en 4 d\u00e9partements<\/h1>\n\n\n\n<div class=\"wp-block-media-text alignwide has-media-on-the-right is-stacked-on-mobile\"><div class=\"wp-block-media-text__content\">\n<p>Partez \u00e0 la d\u00e9couverte des Combrailles en moto, quad ou SSV et vivez une exp\u00e9rience inoubliable au coeur de la nature. Vous traverserez les magnifiques paysages de la r\u00e9gion et d\u00e9couvrirez les merveilles du patrimoine local.<\/p>\n\n\n\n<p>Votre parcours d\u00e9butera \u00e0 Ussel en direction de Marcillat-en-Combrailles, o\u00f9 vous pourrez s\u00e9journer dans un chateau confortable et profiter d&#8217;un repas. Pendant deux \u00e0 trois jours, vous explorerez les environs en traversant cinq d\u00e9partements diff\u00e9rents.<\/p>\n\n\n\n<p>La randonn\u00e9e en direction de la cha\u00eene des Puys, o\u00f9 vous pourrez admirer les volcans embl\u00e9matiques de la r\u00e9gion. Vous traverserez ensuite des for\u00eats majestueuses et des paysages vallonn\u00e9s, en passant par des villages pittoresques et des ch\u00e2teaux m\u00e9di\u00e9vaux.<\/p>\n\n\n\n<p>Vous pourrez \u00e9galement vous arr\u00eater pour d\u00e9guster des sp\u00e9cialit\u00e9s de la r\u00e9gion.<\/p>\n\n\n\n<p>D\u00e9couvrez une cuisine riche en saveurs et en traditions, avec des produits frais et locaux.<\/p>\n\n\n\n<p>Cette randonn\u00e9e en moto, quad ou SSV dans les Combrailles est une exp\u00e9rience unique qui vous permettra de d\u00e9couvrir la beaut\u00e9 de la nature et du patrimoine local. Un voyage inoubliable pour les amateurs de sensations fortes et de d\u00e9couverte.<\/p>\n<\/div><figure class=\"wp-block-media-text__media\"><img loading=\"lazy\" decoding=\"async\" width=\"480\" height=\"270\" src=\"http:\/\/rando-quad19.fr\/wp-content\/uploads\/2023\/03\/Le_Puy_de_Dome_depuis_Sainte_Christine.jpg\" alt=\"\" class=\"wp-image-1236 size-full\" srcset=\"http:\/\/rando-quad19.fr\/wp-content\/uploads\/2023\/03\/Le_Puy_de_Dome_depuis_Sainte_Christine.jpg 480w, http:\/\/rando-quad19.fr\/wp-content\/uploads\/2023\/03\/Le_Puy_de_Dome_depuis_Sainte_Christine-300x169.jpg 300w, http:\/\/rando-quad19.fr\/wp-content\/uploads\/2023\/03\/Le_Puy_de_Dome_depuis_Sainte_Christine-262x147.jpg 262w\" sizes=\"auto, (max-width: 480px) 100vw, 480px\" \/><\/figure><\/div>\n\n\n\n<h1 class=\"has-large-font-size wp-block-heading\">&nbsp;La Cantalouse<\/h1>\n\n\n\n<div class=\"wp-block-media-text alignwide is-stacked-on-mobile\"><figure class=\"wp-block-media-text__media\"><img loading=\"lazy\" decoding=\"async\" width=\"768\" height=\"1024\" src=\"http:\/\/rando-quad19.fr\/wp-content\/uploads\/2022\/04\/unnamed-1-768x1024.jpg\" alt=\"\" class=\"wp-image-1053 size-full\" srcset=\"http:\/\/rando-quad19.fr\/wp-content\/uploads\/2022\/04\/unnamed-1-768x1024.jpg 768w, http:\/\/rando-quad19.fr\/wp-content\/uploads\/2022\/04\/unnamed-1-600x800.jpg 600w, http:\/\/rando-quad19.fr\/wp-content\/uploads\/2022\/04\/unnamed-1-225x300.jpg 225w, http:\/\/rando-quad19.fr\/wp-content\/uploads\/2022\/04\/unnamed-1-122x162.jpg 122w, http:\/\/rando-quad19.fr\/wp-content\/uploads\/2022\/04\/unnamed-1-scaled.jpg 1920w\" sizes=\"auto, (max-width: 768px) 100vw, 768px\" \/><\/figure><div class=\"wp-block-media-text__content\">\n<p>Partez \u00e0 l&#8217;aventure dans le Cantal, une r\u00e9gion aux paysages \u00e9poustouflants et aux sentiers de randonn\u00e9e techniques. Vous pourrez profiter d&#8217;un h\u00f4tel confortable avec vue sur un lac, pour vous reposer apr\u00e8s une journ\u00e9e de moto ou quad .<\/p>\n\n\n\n<p>Le Cantal est une r\u00e9gion qui regorge de paysages magnifiques. Vous aurez la chance de d\u00e9couvrir des vall\u00e9es verdoyantes, des for\u00eats denses et des montagnes majestueuses, qui vous offriront des panoramas \u00e0 couper le souffle.<\/p>\n\n\n\n<p>Si vous \u00eates un amateur de fromage, vous serez ravi de d\u00e9couvrir les d\u00e9gustations de fromage que vous pourrez faire tout au long de votre randonn\u00e9e. Le Cantal est en effet connu pour ses d\u00e9licieux fromages, qui font la fiert\u00e9 de la r\u00e9gion.<\/p>\n\n\n\n<p>Et pour vous restaurer, vous pourrez compter sur les nombreux restaurants qui jalonnent votre chemin. Tous les midis, vous pourrez vous r\u00e9galer de sp\u00e9cialit\u00e9s locales, pour reprendre des forces avant de reprendre la route.<\/p>\n\n\n\n<p>Alors n&#8217;h\u00e9sitez plus, partez \u00e0 la d\u00e9couverte du Cantal et de ses paysages grandioses lors d&#8217;une randonn\u00e9e technique, o\u00f9 vous pourrez profiter de toutes les merveilles que la r\u00e9gion.<\/p>\n<\/div><\/div>\n\n\n\n<h2 class=\"wp-block-heading\">&nbsp;&nbsp;&nbsp;&nbsp;&nbsp;&nbsp;&nbsp;&nbsp;&nbsp; &nbsp;&nbsp;&nbsp;&nbsp;&nbsp;&nbsp;&nbsp;&nbsp;&nbsp;&nbsp;&nbsp;&nbsp; &nbsp;&nbsp;&nbsp;&nbsp;&nbsp;&nbsp;&nbsp;&nbsp; &nbsp;&nbsp;&nbsp;&nbsp;&nbsp;&nbsp;&nbsp;&nbsp;&nbsp;&nbsp;&nbsp;&nbsp; &nbsp; &nbsp; &nbsp; &nbsp; &nbsp;<\/h2>\n\n\n\n<h2 class=\"wp-block-heading\"> Plateaux de Millevaches<\/h2>\n\n\n\n<div class=\"wp-block-media-text alignwide has-media-on-the-right is-stacked-on-mobile\"><div class=\"wp-block-media-text__content\">\n<p>Partez \u00e0 la d\u00e9couverte du plateau de Millevaches lors d&#8217;une randonn\u00e9e moto quad ssv inoubliable ! Vous serez \u00e9merveill\u00e9 par les paysages grandioses que vous traverserez tout au long de votre parcours.<\/p>\n\n\n\n<p>Chaque midi, nous nous arr\u00eaterons dans un restaurant pour reprendre des forces et savourer des sp\u00e9cialit\u00e9s locales. Vous pourrez \u00e9galement choisir de vous loger dans un g\u00eete ou un h\u00f4tel, selon vos pr\u00e9f\u00e9rences.<\/p>\n\n\n\n<p>Cette randonn\u00e9e est adapt\u00e9e \u00e0 tous les niveaux, que vous soyez d\u00e9butant ou exp\u00e9riment\u00e9 en mati\u00e8re de randonn\u00e9e en moto quad ssv. Vous pourrez ainsi profiter pleinement de l&#8217;aventure et vous laisser porter par les magnifiques paysages qui s&#8217;offriront \u00e0 vous.<\/p>\n\n\n\n<p>Alors n&#8217;h\u00e9sitez plus et rejoignez-nous pour une exp\u00e9rience unique sur le plateau de Millevaches !<\/p>\n<\/div><figure class=\"wp-block-media-text__media\"><img loading=\"lazy\" decoding=\"async\" width=\"1023\" height=\"688\" src=\"http:\/\/rando-quad19.fr\/wp-content\/uploads\/2023\/03\/1024px-thumbnail.jpg\" alt=\"\" class=\"wp-image-1239 size-full\" srcset=\"http:\/\/rando-quad19.fr\/wp-content\/uploads\/2023\/03\/1024px-thumbnail.jpg 1023w, http:\/\/rando-quad19.fr\/wp-content\/uploads\/2023\/03\/1024px-thumbnail-600x404.jpg 600w, http:\/\/rando-quad19.fr\/wp-content\/uploads\/2023\/03\/1024px-thumbnail-300x202.jpg 300w, http:\/\/rando-quad19.fr\/wp-content\/uploads\/2023\/03\/1024px-thumbnail-768x517.jpg 768w, http:\/\/rando-quad19.fr\/wp-content\/uploads\/2023\/03\/1024px-thumbnail-241x162.jpg 241w\" sizes=\"auto, (max-width: 1023px) 100vw, 1023px\" \/><\/figure><\/div>\n\n\n\n<h2 class=\"wp-block-heading\"> &nbsp; &nbsp; &nbsp; &nbsp; &nbsp; &nbsp;&nbsp;<\/h2>\n\n\n\n<h2 class=\"wp-block-heading\"><em>Les balcons de la dordogne<\/em><\/h2>\n\n\n\n<div class=\"wp-block-media-text alignwide is-stacked-on-mobile\"><figure class=\"wp-block-media-text__media\"><img loading=\"lazy\" decoding=\"async\" width=\"1024\" height=\"768\" src=\"http:\/\/rando-quad19.fr\/wp-content\/uploads\/2023\/03\/IMG-25671-1024x768.jpg\" alt=\"\" class=\"wp-image-1240 size-full\" srcset=\"http:\/\/rando-quad19.fr\/wp-content\/uploads\/2023\/03\/IMG-25671-1024x768.jpg 1024w, http:\/\/rando-quad19.fr\/wp-content\/uploads\/2023\/03\/IMG-25671-scaled-600x450.jpg 600w, http:\/\/rando-quad19.fr\/wp-content\/uploads\/2023\/03\/IMG-25671-300x225.jpg 300w, http:\/\/rando-quad19.fr\/wp-content\/uploads\/2023\/03\/IMG-25671-768x576.jpg 768w, http:\/\/rando-quad19.fr\/wp-content\/uploads\/2023\/03\/IMG-25671-1536x1152.jpg 1536w, http:\/\/rando-quad19.fr\/wp-content\/uploads\/2023\/03\/IMG-25671-2048x1536.jpg 2048w, http:\/\/rando-quad19.fr\/wp-content\/uploads\/2023\/03\/IMG-25671-216x162.jpg 216w\" sizes=\"auto, (max-width: 1024px) 100vw, 1024px\" \/><\/figure><div class=\"wp-block-media-text__content\">\n<p>Bienvenue \u00e0 tous les amateurs de sensations fortes !&nbsp;<\/p>\n\n\n\n<p>Nous vous proposons une randonn\u00e9e en moto quad ou SSV \u00e0 travers les magnifiques gorges de la Dordogne. Au programme, des paysages \u00e0 couper le souffle et des chemins roulants qui vous feront vivre des moments inoubliables.&nbsp;<\/p>\n\n\n\n<p>Au c\u0153ur de cette r\u00e9gion, nous vous avons s\u00e9lectionn\u00e9 un restaurant typique pour d\u00e9guster les sp\u00e9cialit\u00e9s locales et d\u00e9couvrir la gastronomie de la r\u00e9gion. Une pause bien m\u00e9rit\u00e9e qui vous permettra de reprendre des forces pour la suite de l&#8217;aventure.&nbsp;<\/p>\n\n\n\n<p>C\u00f4t\u00e9 h\u00e9bergement, nous avons choisi pour vous un h\u00f4tel 3 \u00e9toiles confortable et accueillant, qui vous permettra de vous reposer apr\u00e8s une journ\u00e9e bien charg\u00e9e en \u00e9motions.&nbsp;<\/p>\n\n\n\n<p>Cette randonn\u00e9e est pr\u00e9vue sur 2 ou 3 jours, en fonction de vos envies et de votre temps disponible. Vous pourrez ainsi profiter pleinement de cette exp\u00e9rience unique et d\u00e9couvrir les tr\u00e9sors cach\u00e9s de la r\u00e9gion.&nbsp;<\/p>\n\n\n\n<p>Alors, pr\u00eats \u00e0 enfourcher votre moto quad ou SSV pour une aventure inoubliable dans les gorges de la Dordogne ? Nous vous attendons pour le d\u00e9part !<\/p>\n<\/div><\/div>\n\n\n\n<h2 class=\"wp-block-heading\">&nbsp;&nbsp;&nbsp;&nbsp;&nbsp;&nbsp;&nbsp;&nbsp;&nbsp;&nbsp;&nbsp;&nbsp;&nbsp;&nbsp;&nbsp;&nbsp;&nbsp;&nbsp;&nbsp;&nbsp;&nbsp;&nbsp;&nbsp;&nbsp;&nbsp;&nbsp;&nbsp;&nbsp;&nbsp;&nbsp;&nbsp;&nbsp;&nbsp;&nbsp;&nbsp;&nbsp;&nbsp;&nbsp;&nbsp;&nbsp;&nbsp;&nbsp;&nbsp;&nbsp;&nbsp;&nbsp;&nbsp;&nbsp;&nbsp;&nbsp;&nbsp;&nbsp;&nbsp;&nbsp;&nbsp;&nbsp;<\/h2>\n\n\n\n<h2 class=\"has-large-font-size wp-block-heading\"><strong><em>Sentiers des gorges<\/em><\/strong><\/h2>\n\n\n\n<div class=\"wp-block-media-text alignwide has-media-on-the-right is-stacked-on-mobile\"><div class=\"wp-block-media-text__content\">\n<p>Partez \u00e0 la d\u00e9couverte des gorges du Chavanon en moto quad ou SSV ! Vous emprunterez des chemins variant du technique au roulant qui vous fera d\u00e9couvrir des paysages de la haute Corr\u00e8ze .<\/p>\n\n\n\n<p>Lors de votre parcours, vous aurez l&#8217;opportunit\u00e9 de vous arr\u00eater dans un restaurant typique o\u00f9 vous pourrez d\u00e9guster des sp\u00e9cialit\u00e9s locales. Vous pourrez \u00e9galement profiter de l&#8217;hospitalit\u00e9 d&#8217;un h\u00f4tel ou d&#8217;un g\u00eete de charme pour vous reposer apr\u00e8s une journ\u00e9e de randonn\u00e9e.&nbsp;<\/p>\n\n\n\n<p>Pendant deux ou trois jours, vous d\u00e9couvrirez la beaut\u00e9 de la nature environnante et pourrez m\u00eame visiter un ch\u00e2teau. Un voyage en moto quad ou SSV dans les gorges du Chavanon est une exp\u00e9rience inoubliable pour les amateurs de sensations fortes et les amoureux de la nature. Alors n&#8217;h\u00e9sitez plus, pr\u00e9parez votre \u00e9quipement et partez \u00e0 l&#8217;aventure !<\/p>\n<\/div><figure class=\"wp-block-media-text__media\"><img loading=\"lazy\" decoding=\"async\" width=\"779\" height=\"515\" src=\"http:\/\/rando-quad19.fr\/wp-content\/uploads\/2018\/03\/Correze-UnegabaredanslesgorgesdelaDordogne-web.jpg\" alt=\"\" class=\"wp-image-696 size-full\" srcset=\"http:\/\/rando-quad19.fr\/wp-content\/uploads\/2018\/03\/Correze-UnegabaredanslesgorgesdelaDordogne-web.jpg 779w, http:\/\/rando-quad19.fr\/wp-content\/uploads\/2018\/03\/Correze-UnegabaredanslesgorgesdelaDordogne-web-600x397.jpg 600w, http:\/\/rando-quad19.fr\/wp-content\/uploads\/2018\/03\/Correze-UnegabaredanslesgorgesdelaDordogne-web-300x198.jpg 300w, http:\/\/rando-quad19.fr\/wp-content\/uploads\/2018\/03\/Correze-UnegabaredanslesgorgesdelaDordogne-web-768x508.jpg 768w\" sizes=\"auto, (max-width: 779px) 100vw, 779px\" \/><\/figure><\/div>\n\n\n\n<figure class=\"wp-block-image\"><img decoding=\"async\" src=\"https:\/\/encrypted-tbn0.gstatic.com\/images?q=tbn:ANd9GcQRgtxKqAPwXEg31WSyIqPjaEPTIc1N0yOzPw&amp;usqp=CAU\" alt=\"Ch\u00e2teau de Val - BORT-LES-ORGUES\/LANOBRE - Tourisme Corr\u00e8ze\"\/><\/figure>\n","protected":false},"excerpt":{"rendered":"<p>Bienvenue dans les montagnes de la Haute Corr\u00e8ze, o\u00f9 les sentiers sinueux et les vues \u00e0 couper le souffle vous attendent pour une aventure en enduro qui restera grav\u00e9e dans votre m\u00e9moire. Nos randonn\u00e9es en enduro sont con\u00e7ues pour les amateurs de sensations fortes qui cherchent \u00e0 explorer les sentiers les plus sauvages et les [&hellip;]<\/p>\n","protected":false},"author":2,"featured_media":0,"parent":0,"menu_order":0,"comment_status":"closed","ping_status":"closed","template":"","meta":{"saved_in_kubio":false,"footnotes":""},"class_list":["post-1074","page","type-page","status-publish","hentry"],"yoast_head":"<!-- This site is optimized with the Yoast SEO plugin v20.2.1 - https:\/\/yoast.com\/wordpress\/plugins\/seo\/ -->\n<title>ENDURO\/TRAIL\/MAXI TRAIL - Rando-Moto-Quad19<\/title>\n<meta name=\"description\" content=\"bienvenue dans les montagnes de la Haute Corr\u00e8ze, o\u00f9 les sentiers sinueux et les vues vous attendent pour une aventure en enduro.\" \/>\n<meta name=\"robots\" content=\"index, follow, max-snippet:-1, max-image-preview:large, max-video-preview:-1\" \/>\n<link rel=\"canonical\" href=\"https:\/\/rando-quad19.fr\/?page_id=1074\" \/>\n<meta property=\"og:locale\" content=\"fr_FR\" \/>\n<meta property=\"og:type\" content=\"article\" \/>\n<meta property=\"og:title\" content=\"ENDURO\/TRAIL\/MAXI TRAIL - Rando-Moto-Quad19\" \/>\n<meta property=\"og:description\" content=\"bienvenue dans les montagnes de la Haute Corr\u00e8ze, o\u00f9 les sentiers sinueux et les vues vous attendent pour une aventure en enduro.\" \/>\n<meta property=\"og:url\" content=\"https:\/\/rando-quad19.fr\/?page_id=1074\" \/>\n<meta property=\"og:site_name\" content=\"Rando-Moto-Quad19\" \/>\n<meta property=\"article:modified_time\" content=\"2024-10-17T16:15:31+00:00\" \/>\n<meta property=\"og:image\" content=\"http:\/\/rando-quad19.fr\/wp-content\/uploads\/2022\/05\/IMG_1250-549x1024.jpeg\" \/>\n<meta name=\"twitter:card\" content=\"summary_large_image\" \/>\n<meta name=\"twitter:label1\" content=\"Dur\u00e9e de lecture estim\u00e9e\" \/>\n\t<meta name=\"twitter:data1\" content=\"8 minutes\" \/>\n<script type=\"application\/ld+json\" class=\"yoast-schema-graph\">{\"@context\":\"https:\/\/schema.org\",\"@graph\":[{\"@type\":\"WebPage\",\"@id\":\"https:\/\/rando-quad19.fr\/?page_id=1074\",\"url\":\"https:\/\/rando-quad19.fr\/?page_id=1074\",\"name\":\"ENDURO\/TRAIL\/MAXI TRAIL - Rando-Moto-Quad19\",\"isPartOf\":{\"@id\":\"http:\/\/rando-quad19.fr\/#website\"},\"datePublished\":\"2022-04-01T17:12:33+00:00\",\"dateModified\":\"2024-10-17T16:15:31+00:00\",\"description\":\"bienvenue dans les montagnes de la Haute Corr\u00e8ze, o\u00f9 les sentiers sinueux et les vues vous attendent pour une aventure en enduro.\",\"breadcrumb\":{\"@id\":\"https:\/\/rando-quad19.fr\/?page_id=1074#breadcrumb\"},\"inLanguage\":\"fr-FR\",\"potentialAction\":[{\"@type\":\"ReadAction\",\"target\":[\"https:\/\/rando-quad19.fr\/?page_id=1074\"]}]},{\"@type\":\"BreadcrumbList\",\"@id\":\"https:\/\/rando-quad19.fr\/?page_id=1074#breadcrumb\",\"itemListElement\":[{\"@type\":\"ListItem\",\"position\":1,\"name\":\"Accueil\",\"item\":\"http:\/\/rando-quad19.fr\/\"},{\"@type\":\"ListItem\",\"position\":2,\"name\":\"ENDURO\/TRAIL\/MAXI TRAIL\"}]},{\"@type\":\"WebSite\",\"@id\":\"http:\/\/rando-quad19.fr\/#website\",\"url\":\"http:\/\/rando-quad19.fr\/\",\"name\":\"Rando-Moto-Quad19\",\"description\":\"Cr\u00e9ateur d&#039;\u00e9motion en Haute Corr\u00e8ze\",\"potentialAction\":[{\"@type\":\"SearchAction\",\"target\":{\"@type\":\"EntryPoint\",\"urlTemplate\":\"http:\/\/rando-quad19.fr\/?s={search_term_string}\"},\"query-input\":\"required name=search_term_string\"}],\"inLanguage\":\"fr-FR\"}]}<\/script>\n<!-- \/ Yoast SEO plugin. -->","yoast_head_json":{"title":"ENDURO\/TRAIL\/MAXI TRAIL - Rando-Moto-Quad19","description":"bienvenue dans les montagnes de la Haute Corr\u00e8ze, o\u00f9 les sentiers sinueux et les vues vous attendent pour une aventure en enduro.","robots":{"index":"index","follow":"follow","max-snippet":"max-snippet:-1","max-image-preview":"max-image-preview:large","max-video-preview":"max-video-preview:-1"},"canonical":"https:\/\/rando-quad19.fr\/?page_id=1074","og_locale":"fr_FR","og_type":"article","og_title":"ENDURO\/TRAIL\/MAXI TRAIL - Rando-Moto-Quad19","og_description":"bienvenue dans les montagnes de la Haute Corr\u00e8ze, o\u00f9 les sentiers sinueux et les vues vous attendent pour une aventure en enduro.","og_url":"https:\/\/rando-quad19.fr\/?page_id=1074","og_site_name":"Rando-Moto-Quad19","article_modified_time":"2024-10-17T16:15:31+00:00","og_image":[{"url":"http:\/\/rando-quad19.fr\/wp-content\/uploads\/2022\/05\/IMG_1250-549x1024.jpeg"}],"twitter_card":"summary_large_image","twitter_misc":{"Dur\u00e9e de lecture estim\u00e9e":"8 minutes"},"schema":{"@context":"https:\/\/schema.org","@graph":[{"@type":"WebPage","@id":"https:\/\/rando-quad19.fr\/?page_id=1074","url":"https:\/\/rando-quad19.fr\/?page_id=1074","name":"ENDURO\/TRAIL\/MAXI TRAIL - Rando-Moto-Quad19","isPartOf":{"@id":"http:\/\/rando-quad19.fr\/#website"},"datePublished":"2022-04-01T17:12:33+00:00","dateModified":"2024-10-17T16:15:31+00:00","description":"bienvenue dans les montagnes de la Haute Corr\u00e8ze, o\u00f9 les sentiers sinueux et les vues vous attendent pour une aventure en enduro.","breadcrumb":{"@id":"https:\/\/rando-quad19.fr\/?page_id=1074#breadcrumb"},"inLanguage":"fr-FR","potentialAction":[{"@type":"ReadAction","target":["https:\/\/rando-quad19.fr\/?page_id=1074"]}]},{"@type":"BreadcrumbList","@id":"https:\/\/rando-quad19.fr\/?page_id=1074#breadcrumb","itemListElement":[{"@type":"ListItem","position":1,"name":"Accueil","item":"http:\/\/rando-quad19.fr\/"},{"@type":"ListItem","position":2,"name":"ENDURO\/TRAIL\/MAXI TRAIL"}]},{"@type":"WebSite","@id":"http:\/\/rando-quad19.fr\/#website","url":"http:\/\/rando-quad19.fr\/","name":"Rando-Moto-Quad19","description":"Cr\u00e9ateur d&#039;\u00e9motion en Haute Corr\u00e8ze","potentialAction":[{"@type":"SearchAction","target":{"@type":"EntryPoint","urlTemplate":"http:\/\/rando-quad19.fr\/?s={search_term_string}"},"query-input":"required name=search_term_string"}],"inLanguage":"fr-FR"}]}},"kubio_ai_page_context":{"short_desc":"","purpose":"general"},"jetpack_sharing_enabled":true,"_links":{"self":[{"href":"http:\/\/rando-quad19.fr\/index.php?rest_route=\/wp\/v2\/pages\/1074","targetHints":{"allow":["GET"]}}],"collection":[{"href":"http:\/\/rando-quad19.fr\/index.php?rest_route=\/wp\/v2\/pages"}],"about":[{"href":"http:\/\/rando-quad19.fr\/index.php?rest_route=\/wp\/v2\/types\/page"}],"author":[{"embeddable":true,"href":"http:\/\/rando-quad19.fr\/index.php?rest_route=\/wp\/v2\/users\/2"}],"replies":[{"embeddable":true,"href":"http:\/\/rando-quad19.fr\/index.php?rest_route=%2Fwp%2Fv2%2Fcomments&post=1074"}],"version-history":[{"count":5,"href":"http:\/\/rando-quad19.fr\/index.php?rest_route=\/wp\/v2\/pages\/1074\/revisions"}],"predecessor-version":[{"id":1348,"href":"http:\/\/rando-quad19.fr\/index.php?rest_route=\/wp\/v2\/pages\/1074\/revisions\/1348"}],"wp:attachment":[{"href":"http:\/\/rando-quad19.fr\/index.php?rest_route=%2Fwp%2Fv2%2Fmedia&parent=1074"}],"curies":[{"name":"wp","href":"https:\/\/api.w.org\/{rel}","templated":true}]}}