{"id":1080,"date":"2022-04-01T17:55:06","date_gmt":"2022-04-01T17:55:06","guid":{"rendered":"http:\/\/rando-quad19.fr\/?page_id=1080"},"modified":"2022-05-09T19:36:21","modified_gmt":"2022-05-09T19:36:21","slug":"enduro","status":"publish","type":"page","link":"http:\/\/rando-quad19.fr\/?page_id=1080","title":{"rendered":"Enduro"},"content":{"rendered":"\n<figure class=\"wp-block-image\"><img loading=\"lazy\" decoding=\"async\" width=\"600\" height=\"400\" src=\"http:\/\/rando-quad19.fr\/wp-content\/uploads\/2022\/04\/EVASION_WEB-e1473095234610.jpg\" alt=\"\" class=\"wp-image-1081\" srcset=\"http:\/\/rando-quad19.fr\/wp-content\/uploads\/2022\/04\/EVASION_WEB-e1473095234610.jpg 600w, http:\/\/rando-quad19.fr\/wp-content\/uploads\/2022\/04\/EVASION_WEB-e1473095234610-300x200.jpg 300w, http:\/\/rando-quad19.fr\/wp-content\/uploads\/2022\/04\/EVASION_WEB-e1473095234610-243x162.jpg 243w\" sizes=\"auto, (max-width: 600px) 100vw, 600px\" \/><\/figure>\n\n\n\n<p>Nous sommes l&#8217;une des premi\u00e8res r\u00e9gions \u00e0 avoir d\u00e9but\u00e9 l&#8217;enduro avec ces chemins vari\u00e9s en passant par du soft et de l&#8217;extr\u00eame comme la comp\u00e9tition r\u00e9put\u00e9e l&#8217;extr\u00eame Peyratois <\/p>\n\n\n\n<p>Nous proposons pleins de randonn\u00e9es en passant par le soft et le hard, sur un et plusieurs jours pour visit\u00e9 notre r\u00e9gion et nos r\u00e9gions voisines.<\/p>\n\n\n\n<p>Notre culture et nos traditions.<\/p>\n\n\n\n<p>Tarifs:<\/p>\n\n\n\n<p>1 jour\/85\u20acttc <\/p>\n\n\n\n<p>2 jours\/190\u20acttc<\/p>\n\n\n\n<figure class=\"wp-block-image\"><img loading=\"lazy\" decoding=\"async\" width=\"549\" height=\"1024\" src=\"http:\/\/rando-quad19.fr\/wp-content\/uploads\/2022\/05\/IMG_1250-549x1024.jpeg\" alt=\"\" class=\"wp-image-1110\" srcset=\"http:\/\/rando-quad19.fr\/wp-content\/uploads\/2022\/05\/IMG_1250-549x1024.jpeg 549w, http:\/\/rando-quad19.fr\/wp-content\/uploads\/2022\/05\/IMG_1250-600x1120.jpeg 600w, http:\/\/rando-quad19.fr\/wp-content\/uploads\/2022\/05\/IMG_1250-161x300.jpeg 161w, http:\/\/rando-quad19.fr\/wp-content\/uploads\/2022\/05\/IMG_1250-768x1434.jpeg 768w, http:\/\/rando-quad19.fr\/wp-content\/uploads\/2022\/05\/IMG_1250-87x162.jpeg 87w, http:\/\/rando-quad19.fr\/wp-content\/uploads\/2022\/05\/IMG_1250.jpeg 960w\" sizes=\"auto, (max-width: 549px) 100vw, 549px\" \/><\/figure>\n","protected":false},"excerpt":{"rendered":"<p>Nous sommes l&#8217;une des premi\u00e8res r\u00e9gions \u00e0 avoir d\u00e9but\u00e9 l&#8217;enduro avec ces chemins vari\u00e9s en passant par du soft et de l&#8217;extr\u00eame comme la comp\u00e9tition r\u00e9put\u00e9e l&#8217;extr\u00eame Peyratois Nous proposons pleins de randonn\u00e9es en passant par le soft et le hard, sur un et plusieurs jours pour visit\u00e9 notre r\u00e9gion et nos r\u00e9gions voisines. Notre [&hellip;]<\/p>\n","protected":false},"author":2,"featured_media":0,"parent":0,"menu_order":0,"comment_status":"closed","ping_status":"closed","template":"","meta":{"saved_in_kubio":false,"footnotes":""},"class_list":["post-1080","page","type-page","status-publish","hentry"],"yoast_head":"<!-- This site is optimized with the Yoast SEO plugin v20.2.1 - https:\/\/yoast.com\/wordpress\/plugins\/seo\/ -->\n<title>Enduro - Rando-Moto-Quad19<\/title>\n<meta name=\"robots\" content=\"index, follow, max-snippet:-1, max-image-preview:large, max-video-preview:-1\" \/>\n<link rel=\"canonical\" href=\"https:\/\/rando-quad19.fr\/?page_id=1080\" \/>\n<meta property=\"og:locale\" content=\"fr_FR\" \/>\n<meta property=\"og:type\" content=\"article\" \/>\n<meta property=\"og:title\" content=\"Enduro - Rando-Moto-Quad19\" \/>\n<meta property=\"og:description\" content=\"Nous sommes l&#8217;une des premi\u00e8res r\u00e9gions \u00e0 avoir d\u00e9but\u00e9 l&#8217;enduro avec ces chemins vari\u00e9s en passant par du soft et de l&#8217;extr\u00eame comme la comp\u00e9tition r\u00e9put\u00e9e l&#8217;extr\u00eame Peyratois Nous proposons pleins de randonn\u00e9es en passant par le soft et le hard, sur un et plusieurs jours pour visit\u00e9 notre r\u00e9gion et nos r\u00e9gions voisines. Notre [&hellip;]\" \/>\n<meta property=\"og:url\" content=\"https:\/\/rando-quad19.fr\/?page_id=1080\" \/>\n<meta property=\"og:site_name\" content=\"Rando-Moto-Quad19\" \/>\n<meta property=\"article:modified_time\" content=\"2022-05-09T19:36:21+00:00\" \/>\n<meta property=\"og:image\" content=\"http:\/\/rando-quad19.fr\/wp-content\/uploads\/2022\/04\/EVASION_WEB-e1473095234610.jpg\" \/>\n<meta name=\"twitter:card\" content=\"summary_large_image\" \/>\n<script type=\"application\/ld+json\" class=\"yoast-schema-graph\">{\"@context\":\"https:\/\/schema.org\",\"@graph\":[{\"@type\":\"WebPage\",\"@id\":\"https:\/\/rando-quad19.fr\/?page_id=1080\",\"url\":\"https:\/\/rando-quad19.fr\/?page_id=1080\",\"name\":\"Enduro - Rando-Moto-Quad19\",\"isPartOf\":{\"@id\":\"http:\/\/rando-quad19.fr\/#website\"},\"datePublished\":\"2022-04-01T17:55:06+00:00\",\"dateModified\":\"2022-05-09T19:36:21+00:00\",\"breadcrumb\":{\"@id\":\"https:\/\/rando-quad19.fr\/?page_id=1080#breadcrumb\"},\"inLanguage\":\"fr-FR\",\"potentialAction\":[{\"@type\":\"ReadAction\",\"target\":[\"https:\/\/rando-quad19.fr\/?page_id=1080\"]}]},{\"@type\":\"BreadcrumbList\",\"@id\":\"https:\/\/rando-quad19.fr\/?page_id=1080#breadcrumb\",\"itemListElement\":[{\"@type\":\"ListItem\",\"position\":1,\"name\":\"Accueil\",\"item\":\"http:\/\/rando-quad19.fr\/\"},{\"@type\":\"ListItem\",\"position\":2,\"name\":\"Enduro\"}]},{\"@type\":\"WebSite\",\"@id\":\"http:\/\/rando-quad19.fr\/#website\",\"url\":\"http:\/\/rando-quad19.fr\/\",\"name\":\"Rando-Moto-Quad19\",\"description\":\"Cr\u00e9ateur d&#039;\u00e9motion en Haute Corr\u00e8ze\",\"potentialAction\":[{\"@type\":\"SearchAction\",\"target\":{\"@type\":\"EntryPoint\",\"urlTemplate\":\"http:\/\/rando-quad19.fr\/?s={search_term_string}\"},\"query-input\":\"required name=search_term_string\"}],\"inLanguage\":\"fr-FR\"}]}<\/script>\n<!-- \/ Yoast SEO plugin. -->","yoast_head_json":{"title":"Enduro - Rando-Moto-Quad19","robots":{"index":"index","follow":"follow","max-snippet":"max-snippet:-1","max-image-preview":"max-image-preview:large","max-video-preview":"max-video-preview:-1"},"canonical":"https:\/\/rando-quad19.fr\/?page_id=1080","og_locale":"fr_FR","og_type":"article","og_title":"Enduro - Rando-Moto-Quad19","og_description":"Nous sommes l&#8217;une des premi\u00e8res r\u00e9gions \u00e0 avoir d\u00e9but\u00e9 l&#8217;enduro avec ces chemins vari\u00e9s en passant par du soft et de l&#8217;extr\u00eame comme la comp\u00e9tition r\u00e9put\u00e9e l&#8217;extr\u00eame Peyratois Nous proposons pleins de randonn\u00e9es en passant par le soft et le hard, sur un et plusieurs jours pour visit\u00e9 notre r\u00e9gion et nos r\u00e9gions voisines. Notre [&hellip;]","og_url":"https:\/\/rando-quad19.fr\/?page_id=1080","og_site_name":"Rando-Moto-Quad19","article_modified_time":"2022-05-09T19:36:21+00:00","og_image":[{"url":"http:\/\/rando-quad19.fr\/wp-content\/uploads\/2022\/04\/EVASION_WEB-e1473095234610.jpg"}],"twitter_card":"summary_large_image","schema":{"@context":"https:\/\/schema.org","@graph":[{"@type":"WebPage","@id":"https:\/\/rando-quad19.fr\/?page_id=1080","url":"https:\/\/rando-quad19.fr\/?page_id=1080","name":"Enduro - Rando-Moto-Quad19","isPartOf":{"@id":"http:\/\/rando-quad19.fr\/#website"},"datePublished":"2022-04-01T17:55:06+00:00","dateModified":"2022-05-09T19:36:21+00:00","breadcrumb":{"@id":"https:\/\/rando-quad19.fr\/?page_id=1080#breadcrumb"},"inLanguage":"fr-FR","potentialAction":[{"@type":"ReadAction","target":["https:\/\/rando-quad19.fr\/?page_id=1080"]}]},{"@type":"BreadcrumbList","@id":"https:\/\/rando-quad19.fr\/?page_id=1080#breadcrumb","itemListElement":[{"@type":"ListItem","position":1,"name":"Accueil","item":"http:\/\/rando-quad19.fr\/"},{"@type":"ListItem","position":2,"name":"Enduro"}]},{"@type":"WebSite","@id":"http:\/\/rando-quad19.fr\/#website","url":"http:\/\/rando-quad19.fr\/","name":"Rando-Moto-Quad19","description":"Cr\u00e9ateur d&#039;\u00e9motion en Haute Corr\u00e8ze","potentialAction":[{"@type":"SearchAction","target":{"@type":"EntryPoint","urlTemplate":"http:\/\/rando-quad19.fr\/?s={search_term_string}"},"query-input":"required name=search_term_string"}],"inLanguage":"fr-FR"}]}},"kubio_ai_page_context":{"short_desc":"","purpose":"general"},"jetpack_sharing_enabled":true,"_links":{"self":[{"href":"http:\/\/rando-quad19.fr\/index.php?rest_route=\/wp\/v2\/pages\/1080","targetHints":{"allow":["GET"]}}],"collection":[{"href":"http:\/\/rando-quad19.fr\/index.php?rest_route=\/wp\/v2\/pages"}],"about":[{"href":"http:\/\/rando-quad19.fr\/index.php?rest_route=\/wp\/v2\/types\/page"}],"author":[{"embeddable":true,"href":"http:\/\/rando-quad19.fr\/index.php?rest_route=\/wp\/v2\/users\/2"}],"replies":[{"embeddable":true,"href":"http:\/\/rando-quad19.fr\/index.php?rest_route=%2Fwp%2Fv2%2Fcomments&post=1080"}],"version-history":[{"count":2,"href":"http:\/\/rando-quad19.fr\/index.php?rest_route=\/wp\/v2\/pages\/1080\/revisions"}],"predecessor-version":[{"id":1111,"href":"http:\/\/rando-quad19.fr\/index.php?rest_route=\/wp\/v2\/pages\/1080\/revisions\/1111"}],"wp:attachment":[{"href":"http:\/\/rando-quad19.fr\/index.php?rest_route=%2Fwp%2Fv2%2Fmedia&parent=1080"}],"curies":[{"name":"wp","href":"https:\/\/api.w.org\/{rel}","templated":true}]}}