{"id":1161,"date":"2023-03-08T09:28:51","date_gmt":"2023-03-08T09:28:51","guid":{"rendered":"http:\/\/rando-quad19.fr\/?page_id=1161"},"modified":"2024-08-20T14:44:51","modified_gmt":"2024-08-20T14:44:51","slug":"evasion-canada","status":"publish","type":"page","link":"http:\/\/rando-quad19.fr\/?page_id=1161","title":{"rendered":"CANADA"},"content":{"rendered":"\n<p><\/p>\n\n\n\n<h2 class=\"wp-block-heading\"> <strong>\u00a0\u00c9vasion Glac\u00e9e<\/strong><\/h2>\n\n\n\n<p> Votre Aventure de 12 Jours au Coeur du Canada en all inclusive<\/p>\n\n\n\n<p>Imaginez un paysage f\u00e9\u00e9rique, o\u00f9 les flocons de neige dansent sous le clair de lune, et o\u00f9 la magie de l&#8217;hiver canadien s&#8217;offre \u00e0 vous dans toute sa splendeur.<\/p>\n\n\n\n<p> Pr\u00e9parez-vous \u00e0 vivre une exp\u00e9rience inoubliable, une aventure de 12 jours qui vous plongera au c\u0153ur des merveilles du Qu\u00e9bec, de Trois-Rivi\u00e8res, de Tadoussac et de la r\u00e9gion de Charlevoix. <\/p>\n\n\n\n<p>Enfourchez votre motoneige et laissez-vous emporter par des paysages \u00e0 couper le souffle ! <\/p>\n\n\n\n<p><\/p>\n\n\n\n<p>Jour 1-3 : Qu\u00e9bec et Trois-Rivi\u00e8res<\/p>\n\n\n\n<p>D\u00e9marrez votre voyage par la charmante ville de Qu\u00e9bec, o\u00f9 l&#8217;histoire et la modernit\u00e9 se rencontrent. Apr\u00e8s une nuit de repos dans un chalet quatre \u00e9toiles, partez pour une excursion en motoneige \u00e0 travers des sentiers enchanteurs. D\u00e9couvrez les panoramas spectaculaires de la r\u00e9gion, tout en profitant d&#8217;un h\u00e9bergement de luxe avec spa et hammam pour vous d\u00e9tendre apr\u00e8s une journ\u00e9e d&#8217;aventure. Les d\u00e9lices culinaires de la gastronomie qu\u00e9b\u00e9coise, inclus dans votre s\u00e9jour, raviront vos papilles. <\/p>\n\n\n\n<p><\/p>\n\n\n\n<figure class=\"wp-block-image size-full\"><a href=\"http:\/\/rando-quad19.fr\/wp-content\/uploads\/2023\/03\/60b74fa73ccdf530d3eed679_hello-p-500.jpeg\"><img loading=\"lazy\" decoding=\"async\" width=\"500\" height=\"334\" src=\"http:\/\/rando-quad19.fr\/wp-content\/uploads\/2023\/03\/60b74fa73ccdf530d3eed679_hello-p-500.jpeg\" alt=\"\" class=\"wp-image-1163\" srcset=\"http:\/\/rando-quad19.fr\/wp-content\/uploads\/2023\/03\/60b74fa73ccdf530d3eed679_hello-p-500.jpeg 500w, http:\/\/rando-quad19.fr\/wp-content\/uploads\/2023\/03\/60b74fa73ccdf530d3eed679_hello-p-500-300x200.jpeg 300w, http:\/\/rando-quad19.fr\/wp-content\/uploads\/2023\/03\/60b74fa73ccdf530d3eed679_hello-p-500-243x162.jpeg 243w\" sizes=\"auto, (max-width: 500px) 100vw, 500px\" \/><\/a><\/figure>\n\n\n\n<p>Jour 4-6 : Tadoussac et Baleine<\/p>\n\n\n\n<p>Direction Tadoussac, c\u00e9l\u00e8bre pour sa beaut\u00e9 naturelle. Ici, vous aurez l&#8217;occasion de partir en exp\u00e9dition pour voir des Baleines. \u00c9quipez-vous de nos v\u00eatements chauffants pour affronter le froid et vivre une exp\u00e9rience authentique au c\u0153ur des lacs gel\u00e9s. De retour dans votre chalet, savourez un repas r\u00e9confortant pr\u00e9par\u00e9 avec soin, tout en partageant vos histoires d\u2019aventure autour d\u2019un bon feu de chemin\u00e9e. <\/p>\n\n\n\n<p>Jour 7-10 : Charlevoix et Chien de Tra\u00eeneau et p\u00eache sous glace <\/p>\n\n\n\n<p> Enfin, cap sur la r\u00e9gion pittoresque de Charlevoix. Plongez dans une aventure unique avec une balade en chien de tra\u00eeneau, guid\u00e9 par des mushers exp\u00e9riment\u00e9s qui vous r\u00e9v\u00e9leront les secrets de cette discipline ancestrale. Les paysages grandioses de Charlevoix vous couperont le souffle, et chaque pas vous reconnectera \u00e0 la nature.<\/p>\n\n\n\n<p><\/p>\n\n\n\n<p><\/p>\n\n\n\n<p> Ce s\u00e9jour est bien plus qu&#8217;une simple escapade : c&#8217;est une immersion totale dans l\u2019hiver qu\u00e9b\u00e9cois, un m\u00e9lange d\u2019adr\u00e9naline, de s\u00e9r\u00e9nit\u00e9 et de d\u00e9couvertes. Avec des h\u00e9bergements de luxe, des activit\u00e9s m\u00e9morables, et une gastronomie d\u00e9licieuse, chaque moment sera grav\u00e9 dans votre m\u00e9moire. <\/p>\n\n\n\n<p><\/p>\n\n\n\n<p>R\u00e9servez d\u00e8s maintenant votre aventure l\u00e9gendaire et vivez l\u2019hiver comme jamais auparavant !<\/p>\n\n\n\n<figure class=\"wp-block-gallery has-nested-images columns-default is-cropped wp-block-gallery-1 is-layout-flex wp-block-gallery-is-layout-flex\">\n<figure class=\"wp-block-image\"><img loading=\"lazy\" decoding=\"async\" width=\"500\" height=\"375\" data-id=\"1162\" src=\"http:\/\/rando-quad19.fr\/wp-content\/uploads\/2023\/03\/60b74f8e7d74c223dd835303_sunset-p-500.jpeg\" alt=\"\" class=\"wp-image-1162\" srcset=\"http:\/\/rando-quad19.fr\/wp-content\/uploads\/2023\/03\/60b74f8e7d74c223dd835303_sunset-p-500.jpeg 500w, http:\/\/rando-quad19.fr\/wp-content\/uploads\/2023\/03\/60b74f8e7d74c223dd835303_sunset-p-500-300x225.jpeg 300w, http:\/\/rando-quad19.fr\/wp-content\/uploads\/2023\/03\/60b74f8e7d74c223dd835303_sunset-p-500-216x162.jpeg 216w\" sizes=\"auto, (max-width: 500px) 100vw, 500px\" \/><\/figure>\n<\/figure>\n\n\n\n<figure class=\"wp-block-gallery has-nested-images columns-default is-cropped wp-block-gallery-2 is-layout-flex wp-block-gallery-is-layout-flex\"><\/figure>\n","protected":false},"excerpt":{"rendered":"<p>\u00a0\u00c9vasion Glac\u00e9e Votre Aventure de 12 Jours au Coeur du Canada en all inclusive Imaginez un paysage f\u00e9\u00e9rique, o\u00f9 les flocons de neige dansent sous le clair de lune, et o\u00f9 la magie de l&#8217;hiver canadien s&#8217;offre \u00e0 vous dans toute sa splendeur. Pr\u00e9parez-vous \u00e0 vivre une exp\u00e9rience inoubliable, une aventure de 12 jours qui [&hellip;]<\/p>\n","protected":false},"author":2,"featured_media":0,"parent":0,"menu_order":0,"comment_status":"closed","ping_status":"closed","template":"","meta":{"saved_in_kubio":false,"footnotes":""},"class_list":["post-1161","page","type-page","status-publish","hentry"],"yoast_head":"<!-- This site is optimized with the Yoast SEO plugin v20.2.1 - https:\/\/yoast.com\/wordpress\/plugins\/seo\/ -->\n<title>CANADA - Rando-Moto-Quad19<\/title>\n<meta name=\"description\" content=\"Partez \u00e0 l&#039;aventure en motoneige au Canada dans la magnifique r\u00e9gion de Charlevoix avec ce s\u00e9jour de 5 \u00e0 10 jours tout inclus avec le vol.\" \/>\n<meta name=\"robots\" content=\"index, follow, max-snippet:-1, max-image-preview:large, max-video-preview:-1\" \/>\n<link rel=\"canonical\" href=\"https:\/\/rando-quad19.fr\/?page_id=1161\" \/>\n<meta property=\"og:locale\" content=\"fr_FR\" \/>\n<meta property=\"og:type\" content=\"article\" \/>\n<meta property=\"og:title\" content=\"CANADA - Rando-Moto-Quad19\" \/>\n<meta property=\"og:description\" content=\"Partez \u00e0 l&#039;aventure en motoneige au Canada dans la magnifique r\u00e9gion de Charlevoix avec ce s\u00e9jour de 5 \u00e0 10 jours tout inclus avec le vol.\" \/>\n<meta property=\"og:url\" content=\"https:\/\/rando-quad19.fr\/?page_id=1161\" \/>\n<meta property=\"og:site_name\" content=\"Rando-Moto-Quad19\" \/>\n<meta property=\"article:modified_time\" content=\"2024-08-20T14:44:51+00:00\" \/>\n<meta property=\"og:image\" content=\"http:\/\/rando-quad19.fr\/wp-content\/uploads\/2023\/03\/60b74fa73ccdf530d3eed679_hello-p-500.jpeg\" \/>\n<meta name=\"twitter:card\" content=\"summary_large_image\" \/>\n<meta name=\"twitter:label1\" content=\"Dur\u00e9e de lecture estim\u00e9e\" \/>\n\t<meta name=\"twitter:data1\" content=\"3 minutes\" \/>\n<script type=\"application\/ld+json\" class=\"yoast-schema-graph\">{\"@context\":\"https:\/\/schema.org\",\"@graph\":[{\"@type\":\"WebPage\",\"@id\":\"https:\/\/rando-quad19.fr\/?page_id=1161\",\"url\":\"https:\/\/rando-quad19.fr\/?page_id=1161\",\"name\":\"CANADA - Rando-Moto-Quad19\",\"isPartOf\":{\"@id\":\"http:\/\/rando-quad19.fr\/#website\"},\"datePublished\":\"2023-03-08T09:28:51+00:00\",\"dateModified\":\"2024-08-20T14:44:51+00:00\",\"description\":\"Partez \u00e0 l'aventure en motoneige au Canada dans la magnifique r\u00e9gion de Charlevoix avec ce s\u00e9jour de 5 \u00e0 10 jours tout inclus avec le vol.\",\"breadcrumb\":{\"@id\":\"https:\/\/rando-quad19.fr\/?page_id=1161#breadcrumb\"},\"inLanguage\":\"fr-FR\",\"potentialAction\":[{\"@type\":\"ReadAction\",\"target\":[\"https:\/\/rando-quad19.fr\/?page_id=1161\"]}]},{\"@type\":\"BreadcrumbList\",\"@id\":\"https:\/\/rando-quad19.fr\/?page_id=1161#breadcrumb\",\"itemListElement\":[{\"@type\":\"ListItem\",\"position\":1,\"name\":\"Accueil\",\"item\":\"http:\/\/rando-quad19.fr\/\"},{\"@type\":\"ListItem\",\"position\":2,\"name\":\"CANADA\"}]},{\"@type\":\"WebSite\",\"@id\":\"http:\/\/rando-quad19.fr\/#website\",\"url\":\"http:\/\/rando-quad19.fr\/\",\"name\":\"Rando-Moto-Quad19\",\"description\":\"Cr\u00e9ateur d&#039;\u00e9motion en Haute Corr\u00e8ze\",\"potentialAction\":[{\"@type\":\"SearchAction\",\"target\":{\"@type\":\"EntryPoint\",\"urlTemplate\":\"http:\/\/rando-quad19.fr\/?s={search_term_string}\"},\"query-input\":\"required name=search_term_string\"}],\"inLanguage\":\"fr-FR\"}]}<\/script>\n<!-- \/ Yoast SEO plugin. -->","yoast_head_json":{"title":"CANADA - Rando-Moto-Quad19","description":"Partez \u00e0 l'aventure en motoneige au Canada dans la magnifique r\u00e9gion de Charlevoix avec ce s\u00e9jour de 5 \u00e0 10 jours tout inclus avec le vol.","robots":{"index":"index","follow":"follow","max-snippet":"max-snippet:-1","max-image-preview":"max-image-preview:large","max-video-preview":"max-video-preview:-1"},"canonical":"https:\/\/rando-quad19.fr\/?page_id=1161","og_locale":"fr_FR","og_type":"article","og_title":"CANADA - Rando-Moto-Quad19","og_description":"Partez \u00e0 l'aventure en motoneige au Canada dans la magnifique r\u00e9gion de Charlevoix avec ce s\u00e9jour de 5 \u00e0 10 jours tout inclus avec le vol.","og_url":"https:\/\/rando-quad19.fr\/?page_id=1161","og_site_name":"Rando-Moto-Quad19","article_modified_time":"2024-08-20T14:44:51+00:00","og_image":[{"url":"http:\/\/rando-quad19.fr\/wp-content\/uploads\/2023\/03\/60b74fa73ccdf530d3eed679_hello-p-500.jpeg"}],"twitter_card":"summary_large_image","twitter_misc":{"Dur\u00e9e de lecture estim\u00e9e":"3 minutes"},"schema":{"@context":"https:\/\/schema.org","@graph":[{"@type":"WebPage","@id":"https:\/\/rando-quad19.fr\/?page_id=1161","url":"https:\/\/rando-quad19.fr\/?page_id=1161","name":"CANADA - Rando-Moto-Quad19","isPartOf":{"@id":"http:\/\/rando-quad19.fr\/#website"},"datePublished":"2023-03-08T09:28:51+00:00","dateModified":"2024-08-20T14:44:51+00:00","description":"Partez \u00e0 l'aventure en motoneige au Canada dans la magnifique r\u00e9gion de Charlevoix avec ce s\u00e9jour de 5 \u00e0 10 jours tout inclus avec le vol.","breadcrumb":{"@id":"https:\/\/rando-quad19.fr\/?page_id=1161#breadcrumb"},"inLanguage":"fr-FR","potentialAction":[{"@type":"ReadAction","target":["https:\/\/rando-quad19.fr\/?page_id=1161"]}]},{"@type":"BreadcrumbList","@id":"https:\/\/rando-quad19.fr\/?page_id=1161#breadcrumb","itemListElement":[{"@type":"ListItem","position":1,"name":"Accueil","item":"http:\/\/rando-quad19.fr\/"},{"@type":"ListItem","position":2,"name":"CANADA"}]},{"@type":"WebSite","@id":"http:\/\/rando-quad19.fr\/#website","url":"http:\/\/rando-quad19.fr\/","name":"Rando-Moto-Quad19","description":"Cr\u00e9ateur d&#039;\u00e9motion en Haute Corr\u00e8ze","potentialAction":[{"@type":"SearchAction","target":{"@type":"EntryPoint","urlTemplate":"http:\/\/rando-quad19.fr\/?s={search_term_string}"},"query-input":"required name=search_term_string"}],"inLanguage":"fr-FR"}]}},"kubio_ai_page_context":{"short_desc":"","purpose":"general"},"jetpack_sharing_enabled":true,"_links":{"self":[{"href":"http:\/\/rando-quad19.fr\/index.php?rest_route=\/wp\/v2\/pages\/1161","targetHints":{"allow":["GET"]}}],"collection":[{"href":"http:\/\/rando-quad19.fr\/index.php?rest_route=\/wp\/v2\/pages"}],"about":[{"href":"http:\/\/rando-quad19.fr\/index.php?rest_route=\/wp\/v2\/types\/page"}],"author":[{"embeddable":true,"href":"http:\/\/rando-quad19.fr\/index.php?rest_route=\/wp\/v2\/users\/2"}],"replies":[{"embeddable":true,"href":"http:\/\/rando-quad19.fr\/index.php?rest_route=%2Fwp%2Fv2%2Fcomments&post=1161"}],"version-history":[{"count":4,"href":"http:\/\/rando-quad19.fr\/index.php?rest_route=\/wp\/v2\/pages\/1161\/revisions"}],"predecessor-version":[{"id":1332,"href":"http:\/\/rando-quad19.fr\/index.php?rest_route=\/wp\/v2\/pages\/1161\/revisions\/1332"}],"wp:attachment":[{"href":"http:\/\/rando-quad19.fr\/index.php?rest_route=%2Fwp%2Fv2%2Fmedia&parent=1161"}],"curies":[{"name":"wp","href":"https:\/\/api.w.org\/{rel}","templated":true}]}}