{"id":1363,"date":"2024-10-17T17:10:02","date_gmt":"2024-10-17T17:10:02","guid":{"rendered":"http:\/\/rando-quad19.fr\/?page_id=1363"},"modified":"2024-10-18T08:32:43","modified_gmt":"2024-10-18T08:32:43","slug":"location-randonnee-quad","status":"publish","type":"page","link":"http:\/\/rando-quad19.fr\/?page_id=1363","title":{"rendered":"Location Randonn\u00e9e Quad"},"content":{"rendered":"\n<h3 class=\"wp-block-heading\"><strong>D\u00e9couvrez la Haute-Corr\u00e8ze en quad avec nos randonn\u00e9es guid\u00e9es !<\/strong><\/h3>\n\n\n\n<p><br>Envie d\u2019explorer les paysages pr\u00e9serv\u00e9s de la Haute-Corr\u00e8ze tout en vivant une exp\u00e9rience riche en sensations fortes ? Nos randonn\u00e9es en quad guid\u00e9es sont parfaites pour ceux qui cherchent \u00e0 allier aventure et d\u00e9couverte de la nature. Que vous soyez d\u00e9butant ou passionn\u00e9, nous proposons des circuits adapt\u00e9s pour tous les niveaux.<\/p>\n\n\n\n<p> Avec des excursions :<\/p>\n\n\n\n<div class=\"wp-block-media-text\"><figure class=\"wp-block-media-text__media\"><a href=\"http:\/\/rando-quad19.fr\/?page_id=1366\"><img loading=\"lazy\" decoding=\"async\" width=\"960\" height=\"1020\" src=\"http:\/\/rando-quad19.fr\/wp-content\/uploads\/2024\/10\/IMG_5714.webp\" alt=\"\" class=\"wp-image-1351 size-full\" srcset=\"http:\/\/rando-quad19.fr\/wp-content\/uploads\/2024\/10\/IMG_5714.webp 960w, http:\/\/rando-quad19.fr\/wp-content\/uploads\/2024\/10\/IMG_5714-282x300.webp 282w, http:\/\/rando-quad19.fr\/wp-content\/uploads\/2024\/10\/IMG_5714-768x816.webp 768w, http:\/\/rando-quad19.fr\/wp-content\/uploads\/2024\/10\/IMG_5714-600x638.webp 600w\" sizes=\"auto, (max-width: 960px) 100vw, 960px\" \/><\/a><\/figure><div class=\"wp-block-media-text__content\">\n<p><strong>D\u00e9couverte 1h30<\/strong><\/p>\n\n\n\n<p><a href=\"http:\/\/rando-quad19.fr\/?page_id=1366\">-> En savoir plus<\/a><\/p>\n<\/div><\/div>\n\n\n\n<div class=\"wp-block-media-text has-media-on-the-right\"><div class=\"wp-block-media-text__content\">\n<p><strong>Randonn\u00e9e 3H<\/strong><\/p>\n\n\n\n<p><a href=\"http:\/\/rando-quad19.fr\/?page_id=1401\">-> En savoir plus<\/a><\/p>\n<\/div><figure class=\"wp-block-media-text__media\"><img loading=\"lazy\" decoding=\"async\" width=\"1024\" height=\"704\" src=\"http:\/\/rando-quad19.fr\/wp-content\/uploads\/2024\/10\/1v6a7325-scaled-1164x800-c-center-1024x704.webp\" alt=\"\" class=\"wp-image-1352 size-full\" srcset=\"http:\/\/rando-quad19.fr\/wp-content\/uploads\/2024\/10\/1v6a7325-scaled-1164x800-c-center-1024x704.webp 1024w, http:\/\/rando-quad19.fr\/wp-content\/uploads\/2024\/10\/1v6a7325-scaled-1164x800-c-center-300x206.webp 300w, http:\/\/rando-quad19.fr\/wp-content\/uploads\/2024\/10\/1v6a7325-scaled-1164x800-c-center-768x528.webp 768w, http:\/\/rando-quad19.fr\/wp-content\/uploads\/2024\/10\/1v6a7325-scaled-1164x800-c-center-600x412.webp 600w, http:\/\/rando-quad19.fr\/wp-content\/uploads\/2024\/10\/1v6a7325-scaled-1164x800-c-center.webp 1164w\" sizes=\"auto, (max-width: 1024px) 100vw, 1024px\" \/><\/figure><\/div>\n\n\n\n<div class=\"wp-block-media-text\"><figure class=\"wp-block-media-text__media\"><img loading=\"lazy\" decoding=\"async\" width=\"1024\" height=\"682\" src=\"http:\/\/rando-quad19.fr\/wp-content\/uploads\/2024\/10\/IMG_5822-1024x682.jpg\" alt=\"\" class=\"wp-image-1350 size-full\" srcset=\"http:\/\/rando-quad19.fr\/wp-content\/uploads\/2024\/10\/IMG_5822-1024x682.jpg 1024w, http:\/\/rando-quad19.fr\/wp-content\/uploads\/2024\/10\/IMG_5822-300x200.jpg 300w, http:\/\/rando-quad19.fr\/wp-content\/uploads\/2024\/10\/IMG_5822-768x511.jpg 768w, http:\/\/rando-quad19.fr\/wp-content\/uploads\/2024\/10\/IMG_5822-1320x879.jpg 1320w, http:\/\/rando-quad19.fr\/wp-content\/uploads\/2024\/10\/IMG_5822-600x400.jpg 600w, http:\/\/rando-quad19.fr\/wp-content\/uploads\/2024\/10\/IMG_5822.jpg 1440w\" sizes=\"auto, (max-width: 1024px) 100vw, 1024px\" \/><\/figure><div class=\"wp-block-media-text__content\">\n<p><strong>Randonn\u00e9e journ\u00e9e<\/strong><\/p>\n\n\n\n<p><a href=\"http:\/\/rando-quad19.fr\/?page_id=1407\">-> En savoir plus<\/a><\/p>\n<\/div><\/div>\n\n\n\n<p>D\u00e9couvrez la r\u00e9gion autrement, en toute s\u00e9curit\u00e9 !<\/p>\n\n\n\n<p><strong>Les avantages de nos randonn\u00e9es en quad <\/strong><br>La Haute-Corr\u00e8ze offre un cadre naturel exceptionnel, parfait pour une escapade en quad. Nos randonn\u00e9es guid\u00e9es pr\u00e9sentent de nombreux avantages :<\/p>\n\n\n\n<ul class=\"wp-block-list\">\n<li><strong>Un encadrement professionnel<\/strong>&nbsp;: Nos guides locaux, passionn\u00e9s et exp\u00e9riment\u00e9s, vous accompagnent tout au long de la randonn\u00e9e, vous faisant d\u00e9couvrir les plus beaux itin\u00e9raires de la r\u00e9gion tout en veillant \u00e0 votre s\u00e9curit\u00e9.<\/li>\n\n\n\n<li><strong>Des parcours diversifi\u00e9s<\/strong>&nbsp;: Choisissez la formule qui vous convient le mieux : une escapade de 1h30 pour une introduction rapide, une sortie de 3h pour une immersion plus compl\u00e8te, ou une journ\u00e9e enti\u00e8re avec un repas pour explorer pleinement les tr\u00e9sors naturels de la Haute-Corr\u00e8ze.<\/li>\n\n\n\n<li><strong>\u00c9quipement inclus<\/strong>&nbsp;: Nous vous fournissons casques et gants pour garantir votre confort et votre s\u00e9curit\u00e9 tout au long de l\u2019aventure.<\/li>\n<\/ul>\n\n\n\n<p><br>La Haute-Corr\u00e8ze est le terrain de jeu parfait pour les amateurs de nature et de sensations fortes. Que vous optiez pour une sortie rapide ou une journ\u00e9e compl\u00e8te avec repas, nos randonn\u00e9es en quad guid\u00e9es vous offriront des moments inoubliables au c\u0153ur de cette r\u00e9gion magnifique. Pr\u00eat \u00e0 partir \u00e0 l\u2019aventure ? R\u00e9servez votre randonn\u00e9e d\u00e8s aujourd\u2019hui et d\u00e9couvrez la Haute-Corr\u00e8ze<\/p>\n","protected":false},"excerpt":{"rendered":"<p>D\u00e9couvrez la Haute-Corr\u00e8ze en quad avec nos randonn\u00e9es guid\u00e9es ! Envie d\u2019explorer les paysages pr\u00e9serv\u00e9s de la Haute-Corr\u00e8ze tout en vivant une exp\u00e9rience riche en sensations fortes ? Nos randonn\u00e9es en quad guid\u00e9es sont parfaites pour ceux qui cherchent \u00e0 allier aventure et d\u00e9couverte de la nature. Que vous soyez d\u00e9butant ou passionn\u00e9, nous proposons [&hellip;]<\/p>\n","protected":false},"author":2,"featured_media":0,"parent":0,"menu_order":0,"comment_status":"closed","ping_status":"closed","template":"","meta":{"saved_in_kubio":false,"footnotes":""},"class_list":["post-1363","page","type-page","status-publish","hentry"],"yoast_head":"<!-- This site is optimized with the Yoast SEO plugin v20.2.1 - https:\/\/yoast.com\/wordpress\/plugins\/seo\/ -->\n<title>Location Randonn\u00e9e Quad - Rando-Moto-Quad19<\/title>\n<meta name=\"description\" content=\"Partez \u00e0 l\u2019aventure en Corr\u00e8ze avec nos randonn\u00e9es en quad guid\u00e9es. Explorez des paysages exceptionnels en toute s\u00e9curit\u00e9.\" \/>\n<meta name=\"robots\" content=\"index, follow, max-snippet:-1, max-image-preview:large, max-video-preview:-1\" \/>\n<link rel=\"canonical\" href=\"http:\/\/rando-quad19.fr\/?page_id=1363\" \/>\n<meta property=\"og:locale\" content=\"fr_FR\" \/>\n<meta property=\"og:type\" content=\"article\" \/>\n<meta property=\"og:title\" content=\"Location Randonn\u00e9e Quad - Rando-Moto-Quad19\" \/>\n<meta property=\"og:description\" content=\"Partez \u00e0 l\u2019aventure en Corr\u00e8ze avec nos randonn\u00e9es en quad guid\u00e9es. Explorez des paysages exceptionnels en toute s\u00e9curit\u00e9.\" \/>\n<meta property=\"og:url\" content=\"http:\/\/rando-quad19.fr\/?page_id=1363\" \/>\n<meta property=\"og:site_name\" content=\"Rando-Moto-Quad19\" \/>\n<meta property=\"article:modified_time\" content=\"2024-10-18T08:32:43+00:00\" \/>\n<meta property=\"og:image\" content=\"http:\/\/rando-quad19.fr\/wp-content\/uploads\/2024\/10\/IMG_5714.webp\" \/>\n<meta name=\"twitter:card\" content=\"summary_large_image\" \/>\n<meta name=\"twitter:label1\" content=\"Dur\u00e9e de lecture estim\u00e9e\" \/>\n\t<meta name=\"twitter:data1\" content=\"2 minutes\" \/>\n<script type=\"application\/ld+json\" class=\"yoast-schema-graph\">{\"@context\":\"https:\/\/schema.org\",\"@graph\":[{\"@type\":\"WebPage\",\"@id\":\"http:\/\/rando-quad19.fr\/?page_id=1363\",\"url\":\"http:\/\/rando-quad19.fr\/?page_id=1363\",\"name\":\"Location Randonn\u00e9e Quad - Rando-Moto-Quad19\",\"isPartOf\":{\"@id\":\"http:\/\/rando-quad19.fr\/#website\"},\"datePublished\":\"2024-10-17T17:10:02+00:00\",\"dateModified\":\"2024-10-18T08:32:43+00:00\",\"description\":\"Partez \u00e0 l\u2019aventure en Corr\u00e8ze avec nos randonn\u00e9es en quad guid\u00e9es. Explorez des paysages exceptionnels en toute s\u00e9curit\u00e9.\",\"breadcrumb\":{\"@id\":\"http:\/\/rando-quad19.fr\/?page_id=1363#breadcrumb\"},\"inLanguage\":\"fr-FR\",\"potentialAction\":[{\"@type\":\"ReadAction\",\"target\":[\"http:\/\/rando-quad19.fr\/?page_id=1363\"]}]},{\"@type\":\"BreadcrumbList\",\"@id\":\"http:\/\/rando-quad19.fr\/?page_id=1363#breadcrumb\",\"itemListElement\":[{\"@type\":\"ListItem\",\"position\":1,\"name\":\"Accueil\",\"item\":\"http:\/\/rando-quad19.fr\/\"},{\"@type\":\"ListItem\",\"position\":2,\"name\":\"Location Randonn\u00e9e Quad\"}]},{\"@type\":\"WebSite\",\"@id\":\"http:\/\/rando-quad19.fr\/#website\",\"url\":\"http:\/\/rando-quad19.fr\/\",\"name\":\"Rando-Moto-Quad19\",\"description\":\"Cr\u00e9ateur d&#039;\u00e9motion en Haute Corr\u00e8ze\",\"potentialAction\":[{\"@type\":\"SearchAction\",\"target\":{\"@type\":\"EntryPoint\",\"urlTemplate\":\"http:\/\/rando-quad19.fr\/?s={search_term_string}\"},\"query-input\":\"required name=search_term_string\"}],\"inLanguage\":\"fr-FR\"}]}<\/script>\n<!-- \/ Yoast SEO plugin. -->","yoast_head_json":{"title":"Location Randonn\u00e9e Quad - Rando-Moto-Quad19","description":"Partez \u00e0 l\u2019aventure en Corr\u00e8ze avec nos randonn\u00e9es en quad guid\u00e9es. Explorez des paysages exceptionnels en toute s\u00e9curit\u00e9.","robots":{"index":"index","follow":"follow","max-snippet":"max-snippet:-1","max-image-preview":"max-image-preview:large","max-video-preview":"max-video-preview:-1"},"canonical":"http:\/\/rando-quad19.fr\/?page_id=1363","og_locale":"fr_FR","og_type":"article","og_title":"Location Randonn\u00e9e Quad - Rando-Moto-Quad19","og_description":"Partez \u00e0 l\u2019aventure en Corr\u00e8ze avec nos randonn\u00e9es en quad guid\u00e9es. Explorez des paysages exceptionnels en toute s\u00e9curit\u00e9.","og_url":"http:\/\/rando-quad19.fr\/?page_id=1363","og_site_name":"Rando-Moto-Quad19","article_modified_time":"2024-10-18T08:32:43+00:00","og_image":[{"url":"http:\/\/rando-quad19.fr\/wp-content\/uploads\/2024\/10\/IMG_5714.webp"}],"twitter_card":"summary_large_image","twitter_misc":{"Dur\u00e9e de lecture estim\u00e9e":"2 minutes"},"schema":{"@context":"https:\/\/schema.org","@graph":[{"@type":"WebPage","@id":"http:\/\/rando-quad19.fr\/?page_id=1363","url":"http:\/\/rando-quad19.fr\/?page_id=1363","name":"Location Randonn\u00e9e Quad - Rando-Moto-Quad19","isPartOf":{"@id":"http:\/\/rando-quad19.fr\/#website"},"datePublished":"2024-10-17T17:10:02+00:00","dateModified":"2024-10-18T08:32:43+00:00","description":"Partez \u00e0 l\u2019aventure en Corr\u00e8ze avec nos randonn\u00e9es en quad guid\u00e9es. Explorez des paysages exceptionnels en toute s\u00e9curit\u00e9.","breadcrumb":{"@id":"http:\/\/rando-quad19.fr\/?page_id=1363#breadcrumb"},"inLanguage":"fr-FR","potentialAction":[{"@type":"ReadAction","target":["http:\/\/rando-quad19.fr\/?page_id=1363"]}]},{"@type":"BreadcrumbList","@id":"http:\/\/rando-quad19.fr\/?page_id=1363#breadcrumb","itemListElement":[{"@type":"ListItem","position":1,"name":"Accueil","item":"http:\/\/rando-quad19.fr\/"},{"@type":"ListItem","position":2,"name":"Location Randonn\u00e9e Quad"}]},{"@type":"WebSite","@id":"http:\/\/rando-quad19.fr\/#website","url":"http:\/\/rando-quad19.fr\/","name":"Rando-Moto-Quad19","description":"Cr\u00e9ateur d&#039;\u00e9motion en Haute Corr\u00e8ze","potentialAction":[{"@type":"SearchAction","target":{"@type":"EntryPoint","urlTemplate":"http:\/\/rando-quad19.fr\/?s={search_term_string}"},"query-input":"required name=search_term_string"}],"inLanguage":"fr-FR"}]}},"kubio_ai_page_context":{"short_desc":"","purpose":"general"},"jetpack_sharing_enabled":true,"_links":{"self":[{"href":"http:\/\/rando-quad19.fr\/index.php?rest_route=\/wp\/v2\/pages\/1363","targetHints":{"allow":["GET"]}}],"collection":[{"href":"http:\/\/rando-quad19.fr\/index.php?rest_route=\/wp\/v2\/pages"}],"about":[{"href":"http:\/\/rando-quad19.fr\/index.php?rest_route=\/wp\/v2\/types\/page"}],"author":[{"embeddable":true,"href":"http:\/\/rando-quad19.fr\/index.php?rest_route=\/wp\/v2\/users\/2"}],"replies":[{"embeddable":true,"href":"http:\/\/rando-quad19.fr\/index.php?rest_route=%2Fwp%2Fv2%2Fcomments&post=1363"}],"version-history":[{"count":7,"href":"http:\/\/rando-quad19.fr\/index.php?rest_route=\/wp\/v2\/pages\/1363\/revisions"}],"predecessor-version":[{"id":1409,"href":"http:\/\/rando-quad19.fr\/index.php?rest_route=\/wp\/v2\/pages\/1363\/revisions\/1409"}],"wp:attachment":[{"href":"http:\/\/rando-quad19.fr\/index.php?rest_route=%2Fwp%2Fv2%2Fmedia&parent=1363"}],"curies":[{"name":"wp","href":"https:\/\/api.w.org\/{rel}","templated":true}]}}