{"id":1401,"date":"2024-10-17T17:41:22","date_gmt":"2024-10-17T17:41:22","guid":{"rendered":"http:\/\/rando-quad19.fr\/?page_id=1401"},"modified":"2024-10-17T17:55:53","modified_gmt":"2024-10-17T17:55:53","slug":"randonnee-3h","status":"publish","type":"page","link":"http:\/\/rando-quad19.fr\/?page_id=1401","title":{"rendered":"Randonn\u00e9e 3h"},"content":{"rendered":"\n<h3 class=\"wp-block-heading\"><strong>Vivez l\u2019aventure avec notre randonn\u00e9e en quad de 3 heures en Haute-Corr\u00e8ze !<\/strong><\/h3>\n\n\n\n<p>Pr\u00eat \u00e0 explorer la Haute-Corr\u00e8ze de mani\u00e8re plus intense et immersive ? Notre randonn\u00e9e en quad de 3 heures est con\u00e7ue pour les aventuriers qui recherchent une exp\u00e9rience plus longue et un peu plus technique. Encadr\u00e9 par un guide expert, vous d\u00e9couvrirez des paysages vari\u00e9s tout en profitant de la mont\u00e9e d\u2019adr\u00e9naline que procure le quad !<\/p>\n\n\n\n<div class=\"wp-block-media-text is-stacked-on-mobile\"><figure class=\"wp-block-media-text__media\"><img loading=\"lazy\" decoding=\"async\" width=\"1024\" height=\"704\" src=\"http:\/\/rando-quad19.fr\/wp-content\/uploads\/2024\/10\/1v6a7325-scaled-1164x800-c-center-1024x704.webp\" alt=\"\" class=\"wp-image-1352 size-full\" srcset=\"http:\/\/rando-quad19.fr\/wp-content\/uploads\/2024\/10\/1v6a7325-scaled-1164x800-c-center-1024x704.webp 1024w, http:\/\/rando-quad19.fr\/wp-content\/uploads\/2024\/10\/1v6a7325-scaled-1164x800-c-center-300x206.webp 300w, http:\/\/rando-quad19.fr\/wp-content\/uploads\/2024\/10\/1v6a7325-scaled-1164x800-c-center-768x528.webp 768w, http:\/\/rando-quad19.fr\/wp-content\/uploads\/2024\/10\/1v6a7325-scaled-1164x800-c-center-600x412.webp 600w, http:\/\/rando-quad19.fr\/wp-content\/uploads\/2024\/10\/1v6a7325-scaled-1164x800-c-center.webp 1164w\" sizes=\"auto, (max-width: 1024px) 100vw, 1024px\" \/><\/figure><div class=\"wp-block-media-text__content\">\n<p><strong>Tarif:<\/strong><\/p>\n\n\n\n<p class=\"has-text-align-center\"><strong>Monoplace = 120\u20ac<\/strong><\/p>\n\n\n\n<p class=\"has-text-align-center\"><strong>Biplace = 150\u20ac<\/strong><\/p>\n<\/div><\/div>\n\n\n\n<p><strong>Un parcours pour les amateurs de sensations<\/strong><br>Cette excursion de 3 heures s\u2019adresse aux participants ayant d\u00e9j\u00e0 une premi\u00e8re exp\u00e9rience en quad ou cherchant \u00e0 se lancer dans une aventure plus longue. Sur des chemins alternant entre passages forestiers et sentiers escarp\u00e9s, vous profiterez des panoramas \u00e0 couper le souffle qu\u2019offre la Haute-Corr\u00e8ze. C\u2019est l\u2019occasion id\u00e9ale pour perfectionner votre technique tout en explorant des recoins cach\u00e9s de la r\u00e9gion.<\/p>\n\n\n\n<p><strong>\u00c9quipement inclus pour une randonn\u00e9e en toute s\u00e9curit\u00e9<\/strong><br>Comme toujours, nous veillons \u00e0 votre s\u00e9curit\u00e9 en fournissant l\u2019\u00e9quipement n\u00e9cessaire. Casques et gants sont inclus, et notre guide vous donnera toutes les consignes de s\u00e9curit\u00e9 avant le d\u00e9part. Que vous soyez un habitu\u00e9 ou que vous souhaitiez relever un d\u00e9fi, cette randonn\u00e9e est une opportunit\u00e9 de vivre une aventure unique en toute confiance.<\/p>\n\n\n\n<p><strong>Pr\u00eat \u00e0 relever le d\u00e9fi en Haute-Corr\u00e8ze ?<\/strong><br>Rejoignez-nous pour cette excursion de 3 heures et plongez au c\u0153ur de la nature corr\u00e9zienne. Vivez des sensations fortes et d\u00e9couvrez des paysages magnifiques avec nos quads tout-terrain. R\u00e9servez votre place d\u00e8s aujourd\u2019hui et pr\u00e9parez-vous \u00e0 explorer la Haute-Corr\u00e8ze autrement !<\/p>\n","protected":false},"excerpt":{"rendered":"<p>Vivez l\u2019aventure avec notre randonn\u00e9e en quad de 3 heures en Haute-Corr\u00e8ze ! Pr\u00eat \u00e0 explorer la Haute-Corr\u00e8ze de mani\u00e8re plus intense et immersive ? Notre randonn\u00e9e en quad de 3 heures est con\u00e7ue pour les aventuriers qui recherchent une exp\u00e9rience plus longue et un peu plus technique. Encadr\u00e9 par un guide expert, vous d\u00e9couvrirez [&hellip;]<\/p>\n","protected":false},"author":2,"featured_media":0,"parent":0,"menu_order":0,"comment_status":"closed","ping_status":"closed","template":"","meta":{"saved_in_kubio":false,"footnotes":""},"class_list":["post-1401","page","type-page","status-publish","hentry"],"yoast_head":"<!-- This site is optimized with the Yoast SEO plugin v20.2.1 - https:\/\/yoast.com\/wordpress\/plugins\/seo\/ -->\n<title>Randonn\u00e9e 3h - Rando-Moto-Quad19<\/title>\n<meta name=\"robots\" content=\"index, follow, max-snippet:-1, max-image-preview:large, max-video-preview:-1\" \/>\n<link rel=\"canonical\" href=\"http:\/\/rando-quad19.fr\/?page_id=1401\" \/>\n<meta property=\"og:locale\" content=\"fr_FR\" \/>\n<meta property=\"og:type\" content=\"article\" \/>\n<meta property=\"og:title\" content=\"Randonn\u00e9e 3h - Rando-Moto-Quad19\" \/>\n<meta property=\"og:description\" content=\"Vivez l\u2019aventure avec notre randonn\u00e9e en quad de 3 heures en Haute-Corr\u00e8ze ! Pr\u00eat \u00e0 explorer la Haute-Corr\u00e8ze de mani\u00e8re plus intense et immersive ? Notre randonn\u00e9e en quad de 3 heures est con\u00e7ue pour les aventuriers qui recherchent une exp\u00e9rience plus longue et un peu plus technique. Encadr\u00e9 par un guide expert, vous d\u00e9couvrirez [&hellip;]\" \/>\n<meta property=\"og:url\" content=\"http:\/\/rando-quad19.fr\/?page_id=1401\" \/>\n<meta property=\"og:site_name\" content=\"Rando-Moto-Quad19\" \/>\n<meta property=\"article:modified_time\" content=\"2024-10-17T17:55:53+00:00\" \/>\n<meta property=\"og:image\" content=\"http:\/\/rando-quad19.fr\/wp-content\/uploads\/2024\/10\/1v6a7325-scaled-1164x800-c-center-1024x704.webp\" \/>\n<meta name=\"twitter:card\" content=\"summary_large_image\" \/>\n<meta name=\"twitter:label1\" content=\"Dur\u00e9e de lecture estim\u00e9e\" \/>\n\t<meta name=\"twitter:data1\" content=\"2 minutes\" \/>\n<script type=\"application\/ld+json\" class=\"yoast-schema-graph\">{\"@context\":\"https:\/\/schema.org\",\"@graph\":[{\"@type\":\"WebPage\",\"@id\":\"http:\/\/rando-quad19.fr\/?page_id=1401\",\"url\":\"http:\/\/rando-quad19.fr\/?page_id=1401\",\"name\":\"Randonn\u00e9e 3h - Rando-Moto-Quad19\",\"isPartOf\":{\"@id\":\"http:\/\/rando-quad19.fr\/#website\"},\"datePublished\":\"2024-10-17T17:41:22+00:00\",\"dateModified\":\"2024-10-17T17:55:53+00:00\",\"breadcrumb\":{\"@id\":\"http:\/\/rando-quad19.fr\/?page_id=1401#breadcrumb\"},\"inLanguage\":\"fr-FR\",\"potentialAction\":[{\"@type\":\"ReadAction\",\"target\":[\"http:\/\/rando-quad19.fr\/?page_id=1401\"]}]},{\"@type\":\"BreadcrumbList\",\"@id\":\"http:\/\/rando-quad19.fr\/?page_id=1401#breadcrumb\",\"itemListElement\":[{\"@type\":\"ListItem\",\"position\":1,\"name\":\"Accueil\",\"item\":\"http:\/\/rando-quad19.fr\/\"},{\"@type\":\"ListItem\",\"position\":2,\"name\":\"Randonn\u00e9e 3h\"}]},{\"@type\":\"WebSite\",\"@id\":\"http:\/\/rando-quad19.fr\/#website\",\"url\":\"http:\/\/rando-quad19.fr\/\",\"name\":\"Rando-Moto-Quad19\",\"description\":\"Cr\u00e9ateur d&#039;\u00e9motion en Haute Corr\u00e8ze\",\"potentialAction\":[{\"@type\":\"SearchAction\",\"target\":{\"@type\":\"EntryPoint\",\"urlTemplate\":\"http:\/\/rando-quad19.fr\/?s={search_term_string}\"},\"query-input\":\"required name=search_term_string\"}],\"inLanguage\":\"fr-FR\"}]}<\/script>\n<!-- \/ Yoast SEO plugin. -->","yoast_head_json":{"title":"Randonn\u00e9e 3h - Rando-Moto-Quad19","robots":{"index":"index","follow":"follow","max-snippet":"max-snippet:-1","max-image-preview":"max-image-preview:large","max-video-preview":"max-video-preview:-1"},"canonical":"http:\/\/rando-quad19.fr\/?page_id=1401","og_locale":"fr_FR","og_type":"article","og_title":"Randonn\u00e9e 3h - Rando-Moto-Quad19","og_description":"Vivez l\u2019aventure avec notre randonn\u00e9e en quad de 3 heures en Haute-Corr\u00e8ze ! Pr\u00eat \u00e0 explorer la Haute-Corr\u00e8ze de mani\u00e8re plus intense et immersive ? Notre randonn\u00e9e en quad de 3 heures est con\u00e7ue pour les aventuriers qui recherchent une exp\u00e9rience plus longue et un peu plus technique. Encadr\u00e9 par un guide expert, vous d\u00e9couvrirez [&hellip;]","og_url":"http:\/\/rando-quad19.fr\/?page_id=1401","og_site_name":"Rando-Moto-Quad19","article_modified_time":"2024-10-17T17:55:53+00:00","og_image":[{"url":"http:\/\/rando-quad19.fr\/wp-content\/uploads\/2024\/10\/1v6a7325-scaled-1164x800-c-center-1024x704.webp"}],"twitter_card":"summary_large_image","twitter_misc":{"Dur\u00e9e de lecture estim\u00e9e":"2 minutes"},"schema":{"@context":"https:\/\/schema.org","@graph":[{"@type":"WebPage","@id":"http:\/\/rando-quad19.fr\/?page_id=1401","url":"http:\/\/rando-quad19.fr\/?page_id=1401","name":"Randonn\u00e9e 3h - Rando-Moto-Quad19","isPartOf":{"@id":"http:\/\/rando-quad19.fr\/#website"},"datePublished":"2024-10-17T17:41:22+00:00","dateModified":"2024-10-17T17:55:53+00:00","breadcrumb":{"@id":"http:\/\/rando-quad19.fr\/?page_id=1401#breadcrumb"},"inLanguage":"fr-FR","potentialAction":[{"@type":"ReadAction","target":["http:\/\/rando-quad19.fr\/?page_id=1401"]}]},{"@type":"BreadcrumbList","@id":"http:\/\/rando-quad19.fr\/?page_id=1401#breadcrumb","itemListElement":[{"@type":"ListItem","position":1,"name":"Accueil","item":"http:\/\/rando-quad19.fr\/"},{"@type":"ListItem","position":2,"name":"Randonn\u00e9e 3h"}]},{"@type":"WebSite","@id":"http:\/\/rando-quad19.fr\/#website","url":"http:\/\/rando-quad19.fr\/","name":"Rando-Moto-Quad19","description":"Cr\u00e9ateur d&#039;\u00e9motion en Haute Corr\u00e8ze","potentialAction":[{"@type":"SearchAction","target":{"@type":"EntryPoint","urlTemplate":"http:\/\/rando-quad19.fr\/?s={search_term_string}"},"query-input":"required name=search_term_string"}],"inLanguage":"fr-FR"}]}},"kubio_ai_page_context":{"short_desc":"","purpose":"general"},"jetpack_sharing_enabled":true,"_links":{"self":[{"href":"http:\/\/rando-quad19.fr\/index.php?rest_route=\/wp\/v2\/pages\/1401","targetHints":{"allow":["GET"]}}],"collection":[{"href":"http:\/\/rando-quad19.fr\/index.php?rest_route=\/wp\/v2\/pages"}],"about":[{"href":"http:\/\/rando-quad19.fr\/index.php?rest_route=\/wp\/v2\/types\/page"}],"author":[{"embeddable":true,"href":"http:\/\/rando-quad19.fr\/index.php?rest_route=\/wp\/v2\/users\/2"}],"replies":[{"embeddable":true,"href":"http:\/\/rando-quad19.fr\/index.php?rest_route=%2Fwp%2Fv2%2Fcomments&post=1401"}],"version-history":[{"count":2,"href":"http:\/\/rando-quad19.fr\/index.php?rest_route=\/wp\/v2\/pages\/1401\/revisions"}],"predecessor-version":[{"id":1405,"href":"http:\/\/rando-quad19.fr\/index.php?rest_route=\/wp\/v2\/pages\/1401\/revisions\/1405"}],"wp:attachment":[{"href":"http:\/\/rando-quad19.fr\/index.php?rest_route=%2Fwp%2Fv2%2Fmedia&parent=1401"}],"curies":[{"name":"wp","href":"https:\/\/api.w.org\/{rel}","templated":true}]}}