{"id":1407,"date":"2024-10-17T18:27:39","date_gmt":"2024-10-17T18:27:39","guid":{"rendered":"http:\/\/rando-quad19.fr\/?page_id=1407"},"modified":"2025-07-26T11:22:24","modified_gmt":"2025-07-26T11:22:24","slug":"randonnee-journee","status":"publish","type":"page","link":"http:\/\/rando-quad19.fr\/?page_id=1407","title":{"rendered":"Randonn\u00e9e journ\u00e9e"},"content":{"rendered":"\n<h3 class=\"wp-block-heading\"><strong>Partez pour une journ\u00e9e d\u2019aventure en quad avec repas typique en Haute-Corr\u00e8ze !<\/strong><\/h3>\n\n\n\n<p>Envie de vivre une journ\u00e9e compl\u00e8te d\u2019aventure en Haute-Corr\u00e8ze ? Notre randonn\u00e9e en quad vous propose une immersion totale dans les paysages splendides de la r\u00e9gion, le tout ponctu\u00e9 d\u2019un repas typique pour une exp\u00e9rience locale authentique. Parfait pour les passionn\u00e9s de nature et d\u2019adr\u00e9naline !<\/p>\n\n\n\n<div class=\"wp-block-media-text is-stacked-on-mobile\"><figure class=\"wp-block-media-text__media\"><img loading=\"lazy\" decoding=\"async\" width=\"1024\" height=\"682\" src=\"http:\/\/rando-quad19.fr\/wp-content\/uploads\/2024\/10\/IMG_5822-1024x682.jpg\" alt=\"\" class=\"wp-image-1350 size-full\" srcset=\"http:\/\/rando-quad19.fr\/wp-content\/uploads\/2024\/10\/IMG_5822-1024x682.jpg 1024w, http:\/\/rando-quad19.fr\/wp-content\/uploads\/2024\/10\/IMG_5822-300x200.jpg 300w, http:\/\/rando-quad19.fr\/wp-content\/uploads\/2024\/10\/IMG_5822-768x511.jpg 768w, http:\/\/rando-quad19.fr\/wp-content\/uploads\/2024\/10\/IMG_5822-1320x879.jpg 1320w, http:\/\/rando-quad19.fr\/wp-content\/uploads\/2024\/10\/IMG_5822-600x400.jpg 600w, http:\/\/rando-quad19.fr\/wp-content\/uploads\/2024\/10\/IMG_5822.jpg 1440w\" sizes=\"auto, (max-width: 1024px) 100vw, 1024px\" \/><\/figure><div class=\"wp-block-media-text__content\">\n<p><strong>Tarif petite journ\u00e9e :<\/strong><\/p>\n\n\n\n<p class=\"has-text-align-center\"><strong>Monoplace = 180\u20ac<\/strong><\/p>\n\n\n\n<p class=\"has-text-align-center\"><strong>Biplace = 270\u20ac<\/strong><\/p>\n\n\n\n<p class=\"has-text-align-left\"><strong>Tarif grande journ\u00e9e <\/strong>: <strong>8h de quad<\/strong><\/p>\n\n\n\n<p class=\"has-text-align-center\"><strong>Monoplace = 250\u20ac<\/strong><\/p>\n\n\n\n<p class=\"has-text-align-center\"><strong>Biplace = 380\u20ac<\/strong><\/p>\n<\/div><\/div>\n\n\n\n<p><strong>Une aventure d\u2019une journ\u00e9e pour d\u00e9couvrir la Haute-Corr\u00e8ze autrement<\/strong><br>Cette excursion est id\u00e9ale pour les amateurs de sensations fortes et de d\u00e9couvertes. Sur une journ\u00e9e enti\u00e8re, vous explorerez des itin\u00e9raires vari\u00e9s : for\u00eats, chemins de terre, vall\u00e9es, et rivi\u00e8res se succ\u00e8dent pour offrir un panorama complet des tr\u00e9sors de la Haute-Corr\u00e8ze. Con\u00e7ue pour les participants ayant d\u00e9j\u00e0 une exp\u00e9rience en quad, cette randonn\u00e9e vous fera vivre des moments intenses, au plus pr\u00e8s de la nature.<\/p>\n\n\n\n<p><strong>Un repas typique de la r\u00e9gion inclus<\/strong><br>Pour faire de cette journ\u00e9e une aventure m\u00e9morable, un repas typique de la Haute-Corr\u00e8ze est inclus. En milieu de parcours, vous vous arr\u00eaterez pour savourer des sp\u00e9cialit\u00e9s locales dans un cadre naturel magnifique. C\u2019est l\u2019occasion parfaite de go\u00fbter aux saveurs de la r\u00e9gion tout en partageant un moment convivial avec votre groupe.<\/p>\n\n\n\n<p><strong>\u00c9quipement fourni pour une journ\u00e9e en toute s\u00e9curit\u00e9<\/strong><br>Nous mettons \u00e0 votre disposition tout l\u2019\u00e9quipement n\u00e9cessaire pour cette sortie : casques et gants sont fournis afin de garantir votre s\u00e9curit\u00e9 et votre confort tout au long de l\u2019aventure. Encadr\u00e9 par un guide exp\u00e9riment\u00e9, vous profiterez pleinement de cette journ\u00e9e exceptionnelle, en toute confiance.<\/p>\n\n\n\n<p><strong>R\u00e9servez votre journ\u00e9e en Haute-Corr\u00e8ze !<\/strong><br>Vous r\u00eavez d\u2019une journ\u00e9e d\u2019\u00e9vasion au c\u0153ur des paysages corr\u00e9ziens, avec un repas local pour couronner le tout ? Rejoignez-nous pour cette aventure en quad d\u2019une journ\u00e9e compl\u00e8te et d\u00e9couvrez la beaut\u00e9 de la Haute-Corr\u00e8ze comme jamais auparavant. R\u00e9servez d\u00e8s maintenant et pr\u00e9parez-vous \u00e0 vivre une journ\u00e9e inoubliable !<\/p>\n","protected":false},"excerpt":{"rendered":"<p>Partez pour une journ\u00e9e d\u2019aventure en quad avec repas typique en Haute-Corr\u00e8ze ! Envie de vivre une journ\u00e9e compl\u00e8te d\u2019aventure en Haute-Corr\u00e8ze ? Notre randonn\u00e9e en quad vous propose une immersion totale dans les paysages splendides de la r\u00e9gion, le tout ponctu\u00e9 d\u2019un repas typique pour une exp\u00e9rience locale authentique. Parfait pour les passionn\u00e9s de [&hellip;]<\/p>\n","protected":false},"author":2,"featured_media":0,"parent":0,"menu_order":0,"comment_status":"closed","ping_status":"closed","template":"","meta":{"saved_in_kubio":true,"footnotes":""},"class_list":["post-1407","page","type-page","status-publish","hentry"],"yoast_head":"<!-- This site is optimized with the Yoast SEO plugin v20.2.1 - https:\/\/yoast.com\/wordpress\/plugins\/seo\/ -->\n<title>Randonn\u00e9e journ\u00e9e - Rando-Moto-Quad19<\/title>\n<meta name=\"robots\" content=\"index, follow, max-snippet:-1, max-image-preview:large, max-video-preview:-1\" \/>\n<link rel=\"canonical\" href=\"http:\/\/rando-quad19.fr\/?page_id=1407\" \/>\n<meta property=\"og:locale\" content=\"fr_FR\" \/>\n<meta property=\"og:type\" content=\"article\" \/>\n<meta property=\"og:title\" content=\"Randonn\u00e9e journ\u00e9e - Rando-Moto-Quad19\" \/>\n<meta property=\"og:description\" content=\"Partez pour une journ\u00e9e d\u2019aventure en quad avec repas typique en Haute-Corr\u00e8ze ! Envie de vivre une journ\u00e9e compl\u00e8te d\u2019aventure en Haute-Corr\u00e8ze ? Notre randonn\u00e9e en quad vous propose une immersion totale dans les paysages splendides de la r\u00e9gion, le tout ponctu\u00e9 d\u2019un repas typique pour une exp\u00e9rience locale authentique. Parfait pour les passionn\u00e9s de [&hellip;]\" \/>\n<meta property=\"og:url\" content=\"http:\/\/rando-quad19.fr\/?page_id=1407\" \/>\n<meta property=\"og:site_name\" content=\"Rando-Moto-Quad19\" \/>\n<meta property=\"article:modified_time\" content=\"2025-07-26T11:22:24+00:00\" \/>\n<meta property=\"og:image\" content=\"http:\/\/rando-quad19.fr\/wp-content\/uploads\/2024\/10\/IMG_5822-1024x682.jpg\" \/>\n<meta name=\"twitter:card\" content=\"summary_large_image\" \/>\n<meta name=\"twitter:label1\" content=\"Dur\u00e9e de lecture estim\u00e9e\" \/>\n\t<meta name=\"twitter:data1\" content=\"2 minutes\" \/>\n<script type=\"application\/ld+json\" class=\"yoast-schema-graph\">{\"@context\":\"https:\/\/schema.org\",\"@graph\":[{\"@type\":\"WebPage\",\"@id\":\"http:\/\/rando-quad19.fr\/?page_id=1407\",\"url\":\"http:\/\/rando-quad19.fr\/?page_id=1407\",\"name\":\"Randonn\u00e9e journ\u00e9e - Rando-Moto-Quad19\",\"isPartOf\":{\"@id\":\"http:\/\/rando-quad19.fr\/#website\"},\"datePublished\":\"2024-10-17T18:27:39+00:00\",\"dateModified\":\"2025-07-26T11:22:24+00:00\",\"breadcrumb\":{\"@id\":\"http:\/\/rando-quad19.fr\/?page_id=1407#breadcrumb\"},\"inLanguage\":\"fr-FR\",\"potentialAction\":[{\"@type\":\"ReadAction\",\"target\":[\"http:\/\/rando-quad19.fr\/?page_id=1407\"]}]},{\"@type\":\"BreadcrumbList\",\"@id\":\"http:\/\/rando-quad19.fr\/?page_id=1407#breadcrumb\",\"itemListElement\":[{\"@type\":\"ListItem\",\"position\":1,\"name\":\"Accueil\",\"item\":\"http:\/\/rando-quad19.fr\/\"},{\"@type\":\"ListItem\",\"position\":2,\"name\":\"Randonn\u00e9e journ\u00e9e\"}]},{\"@type\":\"WebSite\",\"@id\":\"http:\/\/rando-quad19.fr\/#website\",\"url\":\"http:\/\/rando-quad19.fr\/\",\"name\":\"Rando-Moto-Quad19\",\"description\":\"Cr\u00e9ateur d&#039;\u00e9motion en Haute Corr\u00e8ze\",\"potentialAction\":[{\"@type\":\"SearchAction\",\"target\":{\"@type\":\"EntryPoint\",\"urlTemplate\":\"http:\/\/rando-quad19.fr\/?s={search_term_string}\"},\"query-input\":\"required name=search_term_string\"}],\"inLanguage\":\"fr-FR\"}]}<\/script>\n<!-- \/ Yoast SEO plugin. -->","yoast_head_json":{"title":"Randonn\u00e9e journ\u00e9e - Rando-Moto-Quad19","robots":{"index":"index","follow":"follow","max-snippet":"max-snippet:-1","max-image-preview":"max-image-preview:large","max-video-preview":"max-video-preview:-1"},"canonical":"http:\/\/rando-quad19.fr\/?page_id=1407","og_locale":"fr_FR","og_type":"article","og_title":"Randonn\u00e9e journ\u00e9e - Rando-Moto-Quad19","og_description":"Partez pour une journ\u00e9e d\u2019aventure en quad avec repas typique en Haute-Corr\u00e8ze ! Envie de vivre une journ\u00e9e compl\u00e8te d\u2019aventure en Haute-Corr\u00e8ze ? Notre randonn\u00e9e en quad vous propose une immersion totale dans les paysages splendides de la r\u00e9gion, le tout ponctu\u00e9 d\u2019un repas typique pour une exp\u00e9rience locale authentique. Parfait pour les passionn\u00e9s de [&hellip;]","og_url":"http:\/\/rando-quad19.fr\/?page_id=1407","og_site_name":"Rando-Moto-Quad19","article_modified_time":"2025-07-26T11:22:24+00:00","og_image":[{"url":"http:\/\/rando-quad19.fr\/wp-content\/uploads\/2024\/10\/IMG_5822-1024x682.jpg"}],"twitter_card":"summary_large_image","twitter_misc":{"Dur\u00e9e de lecture estim\u00e9e":"2 minutes"},"schema":{"@context":"https:\/\/schema.org","@graph":[{"@type":"WebPage","@id":"http:\/\/rando-quad19.fr\/?page_id=1407","url":"http:\/\/rando-quad19.fr\/?page_id=1407","name":"Randonn\u00e9e journ\u00e9e - Rando-Moto-Quad19","isPartOf":{"@id":"http:\/\/rando-quad19.fr\/#website"},"datePublished":"2024-10-17T18:27:39+00:00","dateModified":"2025-07-26T11:22:24+00:00","breadcrumb":{"@id":"http:\/\/rando-quad19.fr\/?page_id=1407#breadcrumb"},"inLanguage":"fr-FR","potentialAction":[{"@type":"ReadAction","target":["http:\/\/rando-quad19.fr\/?page_id=1407"]}]},{"@type":"BreadcrumbList","@id":"http:\/\/rando-quad19.fr\/?page_id=1407#breadcrumb","itemListElement":[{"@type":"ListItem","position":1,"name":"Accueil","item":"http:\/\/rando-quad19.fr\/"},{"@type":"ListItem","position":2,"name":"Randonn\u00e9e journ\u00e9e"}]},{"@type":"WebSite","@id":"http:\/\/rando-quad19.fr\/#website","url":"http:\/\/rando-quad19.fr\/","name":"Rando-Moto-Quad19","description":"Cr\u00e9ateur d&#039;\u00e9motion en Haute Corr\u00e8ze","potentialAction":[{"@type":"SearchAction","target":{"@type":"EntryPoint","urlTemplate":"http:\/\/rando-quad19.fr\/?s={search_term_string}"},"query-input":"required name=search_term_string"}],"inLanguage":"fr-FR"}]}},"kubio_ai_page_context":{"short_desc":"","purpose":"general"},"jetpack_sharing_enabled":true,"_links":{"self":[{"href":"http:\/\/rando-quad19.fr\/index.php?rest_route=\/wp\/v2\/pages\/1407","targetHints":{"allow":["GET"]}}],"collection":[{"href":"http:\/\/rando-quad19.fr\/index.php?rest_route=\/wp\/v2\/pages"}],"about":[{"href":"http:\/\/rando-quad19.fr\/index.php?rest_route=\/wp\/v2\/types\/page"}],"author":[{"embeddable":true,"href":"http:\/\/rando-quad19.fr\/index.php?rest_route=\/wp\/v2\/users\/2"}],"replies":[{"embeddable":true,"href":"http:\/\/rando-quad19.fr\/index.php?rest_route=%2Fwp%2Fv2%2Fcomments&post=1407"}],"version-history":[{"count":3,"href":"http:\/\/rando-quad19.fr\/index.php?rest_route=\/wp\/v2\/pages\/1407\/revisions"}],"predecessor-version":[{"id":1434,"href":"http:\/\/rando-quad19.fr\/index.php?rest_route=\/wp\/v2\/pages\/1407\/revisions\/1434"}],"wp:attachment":[{"href":"http:\/\/rando-quad19.fr\/index.php?rest_route=%2Fwp%2Fv2%2Fmedia&parent=1407"}],"curies":[{"name":"wp","href":"https:\/\/api.w.org\/{rel}","templated":true}]}}