{"id":1417,"date":"2024-10-18T12:54:52","date_gmt":"2024-10-18T12:54:52","guid":{"rendered":"http:\/\/rando-quad19.fr\/?page_id=1417"},"modified":"2024-10-18T13:01:48","modified_gmt":"2024-10-18T13:01:48","slug":"nos-tarifs-2024-2o25","status":"publish","type":"page","link":"http:\/\/rando-quad19.fr\/?page_id=1417","title":{"rendered":"Nos tarifs 2024\/2O25"},"content":{"rendered":"\n<h2 class=\"wp-block-heading\"><strong>Location quad guid\u00e9 <\/strong><\/h2>\n\n\n\n<figure class=\"wp-block-table\"><table class=\"has-fixed-layout\"><tbody><tr><td class=\"has-text-align-left\" data-align=\"left\"><strong>Prestation<\/strong><\/td><td class=\"has-text-align-center\" data-align=\"center\"><strong>Type de Quad <\/strong><\/td><td class=\"has-text-align-center\" data-align=\"center\"><strong>Tarif par Quad <\/strong><\/td><\/tr><tr><td class=\"has-text-align-left\" data-align=\"left\"><a href=\"http:\/\/rando-quad19.fr\/?page_id=1366\">D\u00e9couverte 1H30<\/a><\/td><td class=\"has-text-align-center\" data-align=\"center\">Monoplace <br>Biplace <\/td><td class=\"has-text-align-center\" data-align=\"center\">80\u20ac<br>105\u20ac<\/td><\/tr><tr><td class=\"has-text-align-left\" data-align=\"left\"><a href=\"http:\/\/rando-quad19.fr\/?page_id=1401\">Randonn\u00e9e 3H<\/a><\/td><td class=\"has-text-align-center\" data-align=\"center\">Monoplace <br>Biplace <\/td><td class=\"has-text-align-center\" data-align=\"center\">120\u20ac<br>150\u20ac<\/td><\/tr><tr><td class=\"has-text-align-left\" data-align=\"left\"><a href=\"http:\/\/rando-quad19.fr\/?page_id=1407\">Journ\u00e9e (avec repas )<\/a><\/td><td class=\"has-text-align-center\" data-align=\"center\">Monoplace <br>Biplace <\/td><td class=\"has-text-align-center\" data-align=\"center\">180\u20ac<br>270\u20ac<\/td><\/tr><tr><td class=\"has-text-align-left\" data-align=\"left\">Raid 2 jours (hors h\u00e9bergement)<\/td><td class=\"has-text-align-center\" data-align=\"center\">Monoplace <br>Biplace <\/td><td class=\"has-text-align-center\" data-align=\"center\">360\u20ac<br>500\u20ac<\/td><\/tr><\/tbody><\/table><\/figure>\n\n\n\n<h2 class=\"wp-block-heading\"><strong>Randonn\u00e9e Quad \/ SSV propri\u00e9taire  <\/strong><\/h2>\n\n\n\n<figure class=\"wp-block-table\"><table class=\"has-fixed-layout\"><tbody><tr><td class=\"has-text-align-left\" data-align=\"left\"><strong>Prestation<\/strong><\/td><td class=\"has-text-align-center\" data-align=\"center\"><strong>Type de Quad <\/strong><\/td><td class=\"has-text-align-center\" data-align=\"center\"><strong>Tarif par Quad <\/strong><\/td><\/tr><tr><td class=\"has-text-align-left\" data-align=\"left\"><a href=\"http:\/\/rando-quad19.fr\/?page_id=1063\">Randonn\u00e9e journ\u00e9e avec repas<\/a> <\/td><td class=\"has-text-align-center\" data-align=\"center\">Monoplace <br>Biplace <\/td><td class=\"has-text-align-center\" data-align=\"center\">95\u20ac<br>165\u20ac<\/td><\/tr><tr><td class=\"has-text-align-left\" data-align=\"left\"><a href=\"http:\/\/rando-quad19.fr\/?page_id=1063\">Raid 2 jours (all inclusive )<\/a><\/td><td class=\"has-text-align-center\" data-align=\"center\">Monoplace <br>Biplace <\/td><td class=\"has-text-align-center\" data-align=\"center\">\u00e0 partir de 265\u20ac<br>\u00e0 partir de 420\u20ac<\/td><\/tr><tr><td class=\"has-text-align-left\" data-align=\"left\"><a href=\"http:\/\/rando-quad19.fr\/?page_id=1063\">Raid 3 jours (all inclusive )<\/a><\/td><td class=\"has-text-align-center\" data-align=\"center\">Monoplace <br>Biplace <\/td><td class=\"has-text-align-center\" data-align=\"center\">\u00e0 partir de 365\u20ac<br>\u00e0 partir de 605\u20ac<\/td><\/tr><tr><td class=\"has-text-align-left\" data-align=\"left\"><a href=\"http:\/\/rando-quad19.fr\/?page_id=1063\">Raid 4 jours (all inclusive )<\/a><\/td><td class=\"has-text-align-center\" data-align=\"center\">Monoplace <br>Biplace <\/td><td class=\"has-text-align-center\" data-align=\"center\">\u00e0 partir de 520\u20ac<br>\u00e0 partir de 805\u20ac<\/td><\/tr><tr><td class=\"has-text-align-left\" data-align=\"left\"><a href=\"http:\/\/rando-quad19.fr\/?page_id=1063\">Raid 5 jours (all inclusive )<\/a><\/td><td class=\"has-text-align-center\" data-align=\"center\">Monoplace <br>Biplace<\/td><td class=\"has-text-align-center\" data-align=\"center\">\u00e0 partir de 670\u20ac<br>\u00e0 partir de 1050\u20ac<\/td><\/tr><\/tbody><\/table><\/figure>\n\n\n\n<h2 class=\"wp-block-heading\">Location trottinette \u00e9lectrique tout terrain guid\u00e9 <\/h2>\n\n\n\n<figure class=\"wp-block-table\"><table class=\"has-fixed-layout\"><tbody><tr><td class=\"has-text-align-left\" data-align=\"left\"><strong>Prestation<\/strong><\/td><td class=\"has-text-align-center\" data-align=\"center\"><strong>Trottinette <\/strong><\/td><td class=\"has-text-align-center\" data-align=\"center\"><strong>Tarif par trott<\/strong><\/td><\/tr><tr><td class=\"has-text-align-left\" data-align=\"left\"><a href=\"https:\/\/trottsancy.fr\/index.php\/boutique\/\">Couch\u00e9 de soleil 1h30<\/a><\/td><td class=\"has-text-align-center\" data-align=\"center\">Trott <\/td><td class=\"has-text-align-center\" data-align=\"center\">40\u20ac<\/td><\/tr><tr><td class=\"has-text-align-left\" data-align=\"left\"><a href=\"https:\/\/trottsancy.fr\/index.php\/boutique\/\">Randonn\u00e9e d\u00e9couverte <br>(d\u00e9butant ) 2h30<\/a><\/td><td class=\"has-text-align-center\" data-align=\"center\">Trott <\/td><td class=\"has-text-align-center\" data-align=\"center\">52\u20ac<\/td><\/tr><tr><td class=\"has-text-align-left\" data-align=\"left\"><a href=\"https:\/\/trottsancy.fr\/index.php\/boutique\/\">Autour du lac 3H<\/a><\/td><td class=\"has-text-align-center\" data-align=\"center\">Trott <\/td><td class=\"has-text-align-center\" data-align=\"center\">55\u20ac<\/td><\/tr><\/tbody><\/table><\/figure>\n\n\n\n<h2 class=\"wp-block-heading\">Evasion CANADA<\/h2>\n\n\n\n<figure class=\"wp-block-table\"><table class=\"has-fixed-layout\"><tbody><tr><td class=\"has-text-align-left\" data-align=\"left\"><strong>Prestation<\/strong><\/td><td class=\"has-text-align-center\" data-align=\"center\"><strong>Type de Motoneige <\/strong><\/td><td class=\"has-text-align-center\" data-align=\"center\"><strong>Tarif par<\/strong> <strong>Motoneige <\/strong><\/td><\/tr><tr><td class=\"has-text-align-left\" data-align=\"left\">7 jours Canada all inclusive avec Vol<\/td><td class=\"has-text-align-center\" data-align=\"center\">Monoplace <br>Biplace<\/td><td class=\"has-text-align-center\" data-align=\"center\">3990\u20ac<br>5590\u20ac<\/td><\/tr><tr><td class=\"has-text-align-left\" data-align=\"left\">10 jours Canada all inclusive avec Vol<\/td><td class=\"has-text-align-center\" data-align=\"center\">Monoplace <br>Biplace<\/td><td class=\"has-text-align-center\" data-align=\"center\">4990\u20ac<br>7990\u20ac<\/td><\/tr><tr><td class=\"has-text-align-left\" data-align=\"left\">12 jours Canada all inclusive avec Vol<\/td><td class=\"has-text-align-center\" data-align=\"center\">Monoplace <br>Biplace<\/td><td class=\"has-text-align-center\" data-align=\"center\">5990\u20ac<br>9990\u20ac<\/td><\/tr><\/tbody><\/table><\/figure>\n\n\n\n<p><\/p>\n","protected":false},"excerpt":{"rendered":"<p>Location quad guid\u00e9 Prestation Type de Quad Tarif par Quad D\u00e9couverte 1H30 Monoplace Biplace 80\u20ac105\u20ac Randonn\u00e9e 3H Monoplace Biplace 120\u20ac150\u20ac Journ\u00e9e (avec repas ) Monoplace Biplace 180\u20ac270\u20ac Raid 2 jours (hors h\u00e9bergement) Monoplace Biplace 360\u20ac500\u20ac Randonn\u00e9e Quad \/ SSV propri\u00e9taire Prestation Type de Quad Tarif par Quad Randonn\u00e9e journ\u00e9e avec repas Monoplace Biplace 95\u20ac165\u20ac Raid [&hellip;]<\/p>\n","protected":false},"author":2,"featured_media":0,"parent":0,"menu_order":0,"comment_status":"closed","ping_status":"closed","template":"","meta":{"saved_in_kubio":false,"footnotes":""},"class_list":["post-1417","page","type-page","status-publish","hentry"],"yoast_head":"<!-- This site is optimized with the Yoast SEO plugin v20.2.1 - https:\/\/yoast.com\/wordpress\/plugins\/seo\/ -->\n<title>Nos tarifs 2024\/2O25 - Rando-Moto-Quad19<\/title>\n<meta name=\"robots\" content=\"index, follow, max-snippet:-1, max-image-preview:large, max-video-preview:-1\" \/>\n<link rel=\"canonical\" href=\"http:\/\/rando-quad19.fr\/?page_id=1417\" \/>\n<meta property=\"og:locale\" content=\"fr_FR\" \/>\n<meta property=\"og:type\" content=\"article\" \/>\n<meta property=\"og:title\" content=\"Nos tarifs 2024\/2O25 - Rando-Moto-Quad19\" \/>\n<meta property=\"og:description\" content=\"Location quad guid\u00e9 Prestation Type de Quad Tarif par Quad D\u00e9couverte 1H30 Monoplace Biplace 80\u20ac105\u20ac Randonn\u00e9e 3H Monoplace Biplace 120\u20ac150\u20ac Journ\u00e9e (avec repas ) Monoplace Biplace 180\u20ac270\u20ac Raid 2 jours (hors h\u00e9bergement) Monoplace Biplace 360\u20ac500\u20ac Randonn\u00e9e Quad \/ SSV propri\u00e9taire Prestation Type de Quad Tarif par Quad Randonn\u00e9e journ\u00e9e avec repas Monoplace Biplace 95\u20ac165\u20ac Raid [&hellip;]\" \/>\n<meta property=\"og:url\" content=\"http:\/\/rando-quad19.fr\/?page_id=1417\" \/>\n<meta property=\"og:site_name\" content=\"Rando-Moto-Quad19\" \/>\n<meta property=\"article:modified_time\" content=\"2024-10-18T13:01:48+00:00\" \/>\n<meta name=\"twitter:card\" content=\"summary_large_image\" \/>\n<meta name=\"twitter:label1\" content=\"Dur\u00e9e de lecture estim\u00e9e\" \/>\n\t<meta name=\"twitter:data1\" content=\"1 minute\" \/>\n<script type=\"application\/ld+json\" class=\"yoast-schema-graph\">{\"@context\":\"https:\/\/schema.org\",\"@graph\":[{\"@type\":\"WebPage\",\"@id\":\"http:\/\/rando-quad19.fr\/?page_id=1417\",\"url\":\"http:\/\/rando-quad19.fr\/?page_id=1417\",\"name\":\"Nos tarifs 2024\/2O25 - Rando-Moto-Quad19\",\"isPartOf\":{\"@id\":\"https:\/\/rando-quad19.fr\/#website\"},\"datePublished\":\"2024-10-18T12:54:52+00:00\",\"dateModified\":\"2024-10-18T13:01:48+00:00\",\"breadcrumb\":{\"@id\":\"http:\/\/rando-quad19.fr\/?page_id=1417#breadcrumb\"},\"inLanguage\":\"fr-FR\",\"potentialAction\":[{\"@type\":\"ReadAction\",\"target\":[\"http:\/\/rando-quad19.fr\/?page_id=1417\"]}]},{\"@type\":\"BreadcrumbList\",\"@id\":\"http:\/\/rando-quad19.fr\/?page_id=1417#breadcrumb\",\"itemListElement\":[{\"@type\":\"ListItem\",\"position\":1,\"name\":\"Accueil\",\"item\":\"https:\/\/rando-quad19.fr\/\"},{\"@type\":\"ListItem\",\"position\":2,\"name\":\"Nos tarifs 2024\/2O25\"}]},{\"@type\":\"WebSite\",\"@id\":\"https:\/\/rando-quad19.fr\/#website\",\"url\":\"https:\/\/rando-quad19.fr\/\",\"name\":\"Rando-Moto-Quad19\",\"description\":\"Cr\u00e9ateur d&#039;\u00e9motion en Haute Corr\u00e8ze\",\"potentialAction\":[{\"@type\":\"SearchAction\",\"target\":{\"@type\":\"EntryPoint\",\"urlTemplate\":\"https:\/\/rando-quad19.fr\/?s={search_term_string}\"},\"query-input\":\"required name=search_term_string\"}],\"inLanguage\":\"fr-FR\"}]}<\/script>\n<!-- \/ Yoast SEO plugin. -->","yoast_head_json":{"title":"Nos tarifs 2024\/2O25 - Rando-Moto-Quad19","robots":{"index":"index","follow":"follow","max-snippet":"max-snippet:-1","max-image-preview":"max-image-preview:large","max-video-preview":"max-video-preview:-1"},"canonical":"http:\/\/rando-quad19.fr\/?page_id=1417","og_locale":"fr_FR","og_type":"article","og_title":"Nos tarifs 2024\/2O25 - Rando-Moto-Quad19","og_description":"Location quad guid\u00e9 Prestation Type de Quad Tarif par Quad D\u00e9couverte 1H30 Monoplace Biplace 80\u20ac105\u20ac Randonn\u00e9e 3H Monoplace Biplace 120\u20ac150\u20ac Journ\u00e9e (avec repas ) Monoplace Biplace 180\u20ac270\u20ac Raid 2 jours (hors h\u00e9bergement) Monoplace Biplace 360\u20ac500\u20ac Randonn\u00e9e Quad \/ SSV propri\u00e9taire Prestation Type de Quad Tarif par Quad Randonn\u00e9e journ\u00e9e avec repas Monoplace Biplace 95\u20ac165\u20ac Raid [&hellip;]","og_url":"http:\/\/rando-quad19.fr\/?page_id=1417","og_site_name":"Rando-Moto-Quad19","article_modified_time":"2024-10-18T13:01:48+00:00","twitter_card":"summary_large_image","twitter_misc":{"Dur\u00e9e de lecture estim\u00e9e":"1 minute"},"schema":{"@context":"https:\/\/schema.org","@graph":[{"@type":"WebPage","@id":"http:\/\/rando-quad19.fr\/?page_id=1417","url":"http:\/\/rando-quad19.fr\/?page_id=1417","name":"Nos tarifs 2024\/2O25 - Rando-Moto-Quad19","isPartOf":{"@id":"https:\/\/rando-quad19.fr\/#website"},"datePublished":"2024-10-18T12:54:52+00:00","dateModified":"2024-10-18T13:01:48+00:00","breadcrumb":{"@id":"http:\/\/rando-quad19.fr\/?page_id=1417#breadcrumb"},"inLanguage":"fr-FR","potentialAction":[{"@type":"ReadAction","target":["http:\/\/rando-quad19.fr\/?page_id=1417"]}]},{"@type":"BreadcrumbList","@id":"http:\/\/rando-quad19.fr\/?page_id=1417#breadcrumb","itemListElement":[{"@type":"ListItem","position":1,"name":"Accueil","item":"https:\/\/rando-quad19.fr\/"},{"@type":"ListItem","position":2,"name":"Nos tarifs 2024\/2O25"}]},{"@type":"WebSite","@id":"https:\/\/rando-quad19.fr\/#website","url":"https:\/\/rando-quad19.fr\/","name":"Rando-Moto-Quad19","description":"Cr\u00e9ateur d&#039;\u00e9motion en Haute Corr\u00e8ze","potentialAction":[{"@type":"SearchAction","target":{"@type":"EntryPoint","urlTemplate":"https:\/\/rando-quad19.fr\/?s={search_term_string}"},"query-input":"required name=search_term_string"}],"inLanguage":"fr-FR"}]}},"kubio_ai_page_context":{"short_desc":"","purpose":"general"},"jetpack_sharing_enabled":true,"_links":{"self":[{"href":"http:\/\/rando-quad19.fr\/index.php?rest_route=\/wp\/v2\/pages\/1417","targetHints":{"allow":["GET"]}}],"collection":[{"href":"http:\/\/rando-quad19.fr\/index.php?rest_route=\/wp\/v2\/pages"}],"about":[{"href":"http:\/\/rando-quad19.fr\/index.php?rest_route=\/wp\/v2\/types\/page"}],"author":[{"embeddable":true,"href":"http:\/\/rando-quad19.fr\/index.php?rest_route=\/wp\/v2\/users\/2"}],"replies":[{"embeddable":true,"href":"http:\/\/rando-quad19.fr\/index.php?rest_route=%2Fwp%2Fv2%2Fcomments&post=1417"}],"version-history":[{"count":3,"href":"http:\/\/rando-quad19.fr\/index.php?rest_route=\/wp\/v2\/pages\/1417\/revisions"}],"predecessor-version":[{"id":1422,"href":"http:\/\/rando-quad19.fr\/index.php?rest_route=\/wp\/v2\/pages\/1417\/revisions\/1422"}],"wp:attachment":[{"href":"http:\/\/rando-quad19.fr\/index.php?rest_route=%2Fwp%2Fv2%2Fmedia&parent=1417"}],"curies":[{"name":"wp","href":"https:\/\/api.w.org\/{rel}","templated":true}]}}