{"id":200,"date":"2012-02-10T22:01:46","date_gmt":"2012-02-10T22:01:46","guid":{"rendered":"http:\/\/rando-quad19.fr\/?page_id=200"},"modified":"2018-03-16T12:22:25","modified_gmt":"2018-03-16T12:22:25","slug":"localisation","status":"publish","type":"page","link":"http:\/\/rando-quad19.fr\/?page_id=200","title":{"rendered":"Localisation"},"content":{"rendered":"<p><iframe loading=\"lazy\" src=\"http:\/\/maps.google.fr\/maps?f=q&amp;source=s_q&amp;hl=fr&amp;q=La+Bred%C3%A8che,+19200+Ussel,+Corr%C3%A8ze,+Limousin&amp;aq=&amp;sll=46.75984,1.738281&amp;sspn=11.125464,19.665527&amp;ie=UTF8&amp;geocode=FX9ytwIdsWkjAA&amp;split=0&amp;hq=&amp;hnear=La+Bred%C3%A8che,+Ussel,+Corr%C3%A8ze,+Limousin&amp;ll=45.576831,2.320817&amp;spn=0.044397,0.076818&amp;t=m&amp;z=14&amp;output=embed\" width=\"425\" height=\"350\" frameborder=\"0\" marginwidth=\"0\" marginheight=\"0\" scrolling=\"no\"><\/iframe><br \/>\n<small><a style=\"color: #0000ff; text-align: left;\" href=\"http:\/\/maps.google.fr\/maps?f=q&amp;source=embed&amp;hl=fr&amp;q=La+Bred%C3%A8che,+19200+Ussel,+Corr%C3%A8ze,+Limousin&amp;aq=&amp;sll=46.75984,1.738281&amp;sspn=11.125464,19.665527&amp;ie=UTF8&amp;geocode=FX9ytwIdsWkjAA&amp;split=0&amp;hq=&amp;hnear=La+Bred%C3%A8che,+Ussel,+Corr%C3%A8ze,+Limousin&amp;ll=45.576831,2.320817&amp;spn=0.044397,0.076818&amp;t=m&amp;z=14\">Agrandir le plan<\/a><\/small><\/p>\n<h3><strong>Rando Quad Haute Corr\u00e8ze<\/strong><\/h3>\n<p>T\u00e9l: 0686809252<\/p>\n<p>La bred\u00e9che<br \/>\n19200 Ussel<\/p>\n","protected":false},"excerpt":{"rendered":"<p>Agrandir le plan Rando Quad Haute Corr\u00e8ze T\u00e9l: 0686809252 La bred\u00e9che 19200 Ussel<\/p>\n","protected":false},"author":1,"featured_media":439,"parent":0,"menu_order":5,"comment_status":"closed","ping_status":"closed","template":"","meta":{"saved_in_kubio":false,"footnotes":""},"class_list":["post-200","page","type-page","status-publish","has-post-thumbnail","hentry"],"yoast_head":"<!-- This site is optimized with the Yoast SEO plugin v20.2.1 - https:\/\/yoast.com\/wordpress\/plugins\/seo\/ -->\n<title>Localisation - Rando-Moto-Quad19<\/title>\n<meta name=\"robots\" content=\"index, follow, max-snippet:-1, max-image-preview:large, max-video-preview:-1\" \/>\n<link rel=\"canonical\" href=\"http:\/\/rando-quad19.fr\/?page_id=200\" \/>\n<meta property=\"og:locale\" content=\"fr_FR\" \/>\n<meta property=\"og:type\" content=\"article\" \/>\n<meta property=\"og:title\" content=\"Localisation - Rando-Moto-Quad19\" \/>\n<meta property=\"og:description\" content=\"Agrandir le plan Rando Quad Haute Corr\u00e8ze T\u00e9l: 0686809252 La bred\u00e9che 19200 Ussel\" \/>\n<meta property=\"og:url\" content=\"http:\/\/rando-quad19.fr\/?page_id=200\" \/>\n<meta property=\"og:site_name\" content=\"Rando-Moto-Quad19\" \/>\n<meta property=\"article:modified_time\" content=\"2018-03-16T12:22:25+00:00\" \/>\n<meta property=\"og:image\" content=\"http:\/\/rando-quad19.fr\/wp-content\/uploads\/2012\/02\/20150813_164748-e1521202924794-scaled.jpg\" \/>\n\t<meta property=\"og:image:width\" content=\"2560\" \/>\n\t<meta property=\"og:image:height\" content=\"1440\" \/>\n\t<meta property=\"og:image:type\" content=\"image\/jpeg\" \/>\n<meta name=\"twitter:card\" content=\"summary_large_image\" \/>\n<script type=\"application\/ld+json\" class=\"yoast-schema-graph\">{\"@context\":\"https:\/\/schema.org\",\"@graph\":[{\"@type\":\"WebPage\",\"@id\":\"http:\/\/rando-quad19.fr\/?page_id=200\",\"url\":\"http:\/\/rando-quad19.fr\/?page_id=200\",\"name\":\"Localisation - Rando-Moto-Quad19\",\"isPartOf\":{\"@id\":\"http:\/\/rando-quad19.fr\/#website\"},\"datePublished\":\"2012-02-10T22:01:46+00:00\",\"dateModified\":\"2018-03-16T12:22:25+00:00\",\"breadcrumb\":{\"@id\":\"http:\/\/rando-quad19.fr\/?page_id=200#breadcrumb\"},\"inLanguage\":\"fr-FR\",\"potentialAction\":[{\"@type\":\"ReadAction\",\"target\":[\"http:\/\/rando-quad19.fr\/?page_id=200\"]}]},{\"@type\":\"BreadcrumbList\",\"@id\":\"http:\/\/rando-quad19.fr\/?page_id=200#breadcrumb\",\"itemListElement\":[{\"@type\":\"ListItem\",\"position\":1,\"name\":\"Accueil\",\"item\":\"http:\/\/rando-quad19.fr\/\"},{\"@type\":\"ListItem\",\"position\":2,\"name\":\"Localisation\"}]},{\"@type\":\"WebSite\",\"@id\":\"http:\/\/rando-quad19.fr\/#website\",\"url\":\"http:\/\/rando-quad19.fr\/\",\"name\":\"Rando-Moto-Quad19\",\"description\":\"Cr\u00e9ateur d&#039;\u00e9motion en Haute Corr\u00e8ze\",\"potentialAction\":[{\"@type\":\"SearchAction\",\"target\":{\"@type\":\"EntryPoint\",\"urlTemplate\":\"http:\/\/rando-quad19.fr\/?s={search_term_string}\"},\"query-input\":\"required name=search_term_string\"}],\"inLanguage\":\"fr-FR\"}]}<\/script>\n<!-- \/ Yoast SEO plugin. -->","yoast_head_json":{"title":"Localisation - Rando-Moto-Quad19","robots":{"index":"index","follow":"follow","max-snippet":"max-snippet:-1","max-image-preview":"max-image-preview:large","max-video-preview":"max-video-preview:-1"},"canonical":"http:\/\/rando-quad19.fr\/?page_id=200","og_locale":"fr_FR","og_type":"article","og_title":"Localisation - Rando-Moto-Quad19","og_description":"Agrandir le plan Rando Quad Haute Corr\u00e8ze T\u00e9l: 0686809252 La bred\u00e9che 19200 Ussel","og_url":"http:\/\/rando-quad19.fr\/?page_id=200","og_site_name":"Rando-Moto-Quad19","article_modified_time":"2018-03-16T12:22:25+00:00","og_image":[{"width":2560,"height":1440,"url":"http:\/\/rando-quad19.fr\/wp-content\/uploads\/2012\/02\/20150813_164748-e1521202924794-scaled.jpg","type":"image\/jpeg"}],"twitter_card":"summary_large_image","schema":{"@context":"https:\/\/schema.org","@graph":[{"@type":"WebPage","@id":"http:\/\/rando-quad19.fr\/?page_id=200","url":"http:\/\/rando-quad19.fr\/?page_id=200","name":"Localisation - Rando-Moto-Quad19","isPartOf":{"@id":"http:\/\/rando-quad19.fr\/#website"},"datePublished":"2012-02-10T22:01:46+00:00","dateModified":"2018-03-16T12:22:25+00:00","breadcrumb":{"@id":"http:\/\/rando-quad19.fr\/?page_id=200#breadcrumb"},"inLanguage":"fr-FR","potentialAction":[{"@type":"ReadAction","target":["http:\/\/rando-quad19.fr\/?page_id=200"]}]},{"@type":"BreadcrumbList","@id":"http:\/\/rando-quad19.fr\/?page_id=200#breadcrumb","itemListElement":[{"@type":"ListItem","position":1,"name":"Accueil","item":"http:\/\/rando-quad19.fr\/"},{"@type":"ListItem","position":2,"name":"Localisation"}]},{"@type":"WebSite","@id":"http:\/\/rando-quad19.fr\/#website","url":"http:\/\/rando-quad19.fr\/","name":"Rando-Moto-Quad19","description":"Cr\u00e9ateur d&#039;\u00e9motion en Haute Corr\u00e8ze","potentialAction":[{"@type":"SearchAction","target":{"@type":"EntryPoint","urlTemplate":"http:\/\/rando-quad19.fr\/?s={search_term_string}"},"query-input":"required name=search_term_string"}],"inLanguage":"fr-FR"}]}},"kubio_ai_page_context":{"short_desc":"","purpose":"general"},"jetpack_sharing_enabled":true,"_links":{"self":[{"href":"http:\/\/rando-quad19.fr\/index.php?rest_route=\/wp\/v2\/pages\/200","targetHints":{"allow":["GET"]}}],"collection":[{"href":"http:\/\/rando-quad19.fr\/index.php?rest_route=\/wp\/v2\/pages"}],"about":[{"href":"http:\/\/rando-quad19.fr\/index.php?rest_route=\/wp\/v2\/types\/page"}],"author":[{"embeddable":true,"href":"http:\/\/rando-quad19.fr\/index.php?rest_route=\/wp\/v2\/users\/1"}],"replies":[{"embeddable":true,"href":"http:\/\/rando-quad19.fr\/index.php?rest_route=%2Fwp%2Fv2%2Fcomments&post=200"}],"version-history":[{"count":10,"href":"http:\/\/rando-quad19.fr\/index.php?rest_route=\/wp\/v2\/pages\/200\/revisions"}],"predecessor-version":[{"id":706,"href":"http:\/\/rando-quad19.fr\/index.php?rest_route=\/wp\/v2\/pages\/200\/revisions\/706"}],"wp:featuredmedia":[{"embeddable":true,"href":"http:\/\/rando-quad19.fr\/index.php?rest_route=\/wp\/v2\/media\/439"}],"wp:attachment":[{"href":"http:\/\/rando-quad19.fr\/index.php?rest_route=%2Fwp%2Fv2%2Fmedia&parent=200"}],"curies":[{"name":"wp","href":"https:\/\/api.w.org\/{rel}","templated":true}]}}