{"id":671,"date":"2018-03-15T14:34:42","date_gmt":"2018-03-15T14:34:42","guid":{"rendered":"http:\/\/rando-quad19.fr\/?page_id=671"},"modified":"2022-05-11T09:24:57","modified_gmt":"2022-05-11T09:24:57","slug":"les-sentiers-des-gorges","status":"publish","type":"page","link":"http:\/\/rando-quad19.fr\/?page_id=671","title":{"rendered":"Les sentiers des gorges"},"content":{"rendered":"<div>\n<div>\n<div>cette rando intitul\u00e9e \u00ab\u00a0les sentiers des gorges\u00a0\u00bb s\u2019effectuera de ma base de la bredeche pr\u00e9s d\u2019Ussel pour partir sur 2 jours en autonomie vers St Sauves d\u2019auvergne pr\u00e9s de la Bourboule.Nous passerons du massif des agriers aux gorges de chavanon empruntant des sentiers techniques pour arriver \u00e0 notre h\u00e9bergement \u00e0\u00a0 la Bourboule \u00a0pour le repas et l\u2019hebergement du soir. Le lendemain matin d\u00e9part pour les gorges de la Dordogne et d\u2019Aveze et rejoindre Messeix pour le repas du midi. Le retour se fera par l\u2019autre versant du Chavanon.<\/div>\n<p>Cette rando bien que technique dispose d\u2019itin\u00e9raires plus soft pour les moins agu\u00e9ris.<\/p>\n<\/div>\n<p>Tarif 265\u20ac pension compl\u00e8te du samedi matin au dimanche soir , 155\u20ac pour le passager carburant non compris<\/p>\n<\/div>\n<div>contact au 0648970001<\/div>\n","protected":false},"excerpt":{"rendered":"<p>cette rando intitul\u00e9e \u00ab\u00a0les sentiers des gorges\u00a0\u00bb s\u2019effectuera de ma base de la bredeche pr\u00e9s d\u2019Ussel pour partir sur 2 jours en autonomie vers St Sauves d\u2019auvergne pr\u00e9s de la Bourboule.Nous passerons du massif des agriers aux gorges de chavanon empruntant des sentiers techniques pour arriver \u00e0 notre h\u00e9bergement \u00e0\u00a0 la Bourboule \u00a0pour le repas [&hellip;]<\/p>\n","protected":false},"author":1,"featured_media":39,"parent":6,"menu_order":0,"comment_status":"closed","ping_status":"closed","template":"","meta":{"saved_in_kubio":false,"footnotes":""},"class_list":["post-671","page","type-page","status-publish","has-post-thumbnail","hentry"],"yoast_head":"<!-- This site is optimized with the Yoast SEO plugin v20.2.1 - https:\/\/yoast.com\/wordpress\/plugins\/seo\/ -->\n<title>Les sentiers des gorges - Rando-Moto-Quad19<\/title>\n<meta name=\"robots\" content=\"index, follow, max-snippet:-1, max-image-preview:large, max-video-preview:-1\" \/>\n<link rel=\"canonical\" href=\"https:\/\/rando-quad19.fr\/?page_id=671\" \/>\n<meta property=\"og:locale\" content=\"fr_FR\" \/>\n<meta property=\"og:type\" content=\"article\" \/>\n<meta property=\"og:title\" content=\"Les sentiers des gorges - Rando-Moto-Quad19\" \/>\n<meta property=\"og:description\" content=\"cette rando intitul\u00e9e \u00ab\u00a0les sentiers des gorges\u00a0\u00bb s\u2019effectuera de ma base de la bredeche pr\u00e9s d\u2019Ussel pour partir sur 2 jours en autonomie vers St Sauves d\u2019auvergne pr\u00e9s de la Bourboule.Nous passerons du massif des agriers aux gorges de chavanon empruntant des sentiers techniques pour arriver \u00e0 notre h\u00e9bergement \u00e0\u00a0 la Bourboule \u00a0pour le repas [&hellip;]\" \/>\n<meta property=\"og:url\" content=\"https:\/\/rando-quad19.fr\/?page_id=671\" \/>\n<meta property=\"og:site_name\" content=\"Rando-Moto-Quad19\" \/>\n<meta property=\"article:modified_time\" content=\"2022-05-11T09:24:57+00:00\" \/>\n<meta property=\"og:image\" content=\"https:\/\/rando-quad19.fr\/wp-content\/uploads\/2012\/02\/puy-dome-236182.jpg\" \/>\n\t<meta property=\"og:image:width\" content=\"540\" \/>\n\t<meta property=\"og:image:height\" content=\"358\" \/>\n\t<meta property=\"og:image:type\" content=\"image\/jpeg\" \/>\n<meta name=\"twitter:card\" content=\"summary_large_image\" \/>\n<meta name=\"twitter:label1\" content=\"Dur\u00e9e de lecture estim\u00e9e\" \/>\n\t<meta name=\"twitter:data1\" content=\"1 minute\" \/>\n<script type=\"application\/ld+json\" class=\"yoast-schema-graph\">{\"@context\":\"https:\/\/schema.org\",\"@graph\":[{\"@type\":\"WebPage\",\"@id\":\"https:\/\/rando-quad19.fr\/?page_id=671\",\"url\":\"https:\/\/rando-quad19.fr\/?page_id=671\",\"name\":\"Les sentiers des gorges - Rando-Moto-Quad19\",\"isPartOf\":{\"@id\":\"https:\/\/rando-quad19.fr\/#website\"},\"datePublished\":\"2018-03-15T14:34:42+00:00\",\"dateModified\":\"2022-05-11T09:24:57+00:00\",\"breadcrumb\":{\"@id\":\"https:\/\/rando-quad19.fr\/?page_id=671#breadcrumb\"},\"inLanguage\":\"fr-FR\",\"potentialAction\":[{\"@type\":\"ReadAction\",\"target\":[\"https:\/\/rando-quad19.fr\/?page_id=671\"]}]},{\"@type\":\"BreadcrumbList\",\"@id\":\"https:\/\/rando-quad19.fr\/?page_id=671#breadcrumb\",\"itemListElement\":[{\"@type\":\"ListItem\",\"position\":1,\"name\":\"Accueil\",\"item\":\"https:\/\/rando-quad19.fr\/\"},{\"@type\":\"ListItem\",\"position\":2,\"name\":\"Nos randonn\u00e9es\",\"item\":\"http:\/\/rando-quad19.fr\/?page_id=6\"},{\"@type\":\"ListItem\",\"position\":3,\"name\":\"Les sentiers des gorges\"}]},{\"@type\":\"WebSite\",\"@id\":\"https:\/\/rando-quad19.fr\/#website\",\"url\":\"https:\/\/rando-quad19.fr\/\",\"name\":\"Rando-Moto-Quad19\",\"description\":\"Cr\u00e9ateur d&#039;\u00e9motion en Haute Corr\u00e8ze\",\"potentialAction\":[{\"@type\":\"SearchAction\",\"target\":{\"@type\":\"EntryPoint\",\"urlTemplate\":\"https:\/\/rando-quad19.fr\/?s={search_term_string}\"},\"query-input\":\"required name=search_term_string\"}],\"inLanguage\":\"fr-FR\"}]}<\/script>\n<!-- \/ Yoast SEO plugin. -->","yoast_head_json":{"title":"Les sentiers des gorges - Rando-Moto-Quad19","robots":{"index":"index","follow":"follow","max-snippet":"max-snippet:-1","max-image-preview":"max-image-preview:large","max-video-preview":"max-video-preview:-1"},"canonical":"https:\/\/rando-quad19.fr\/?page_id=671","og_locale":"fr_FR","og_type":"article","og_title":"Les sentiers des gorges - Rando-Moto-Quad19","og_description":"cette rando intitul\u00e9e \u00ab\u00a0les sentiers des gorges\u00a0\u00bb s\u2019effectuera de ma base de la bredeche pr\u00e9s d\u2019Ussel pour partir sur 2 jours en autonomie vers St Sauves d\u2019auvergne pr\u00e9s de la Bourboule.Nous passerons du massif des agriers aux gorges de chavanon empruntant des sentiers techniques pour arriver \u00e0 notre h\u00e9bergement \u00e0\u00a0 la Bourboule \u00a0pour le repas [&hellip;]","og_url":"https:\/\/rando-quad19.fr\/?page_id=671","og_site_name":"Rando-Moto-Quad19","article_modified_time":"2022-05-11T09:24:57+00:00","og_image":[{"width":540,"height":358,"url":"https:\/\/rando-quad19.fr\/wp-content\/uploads\/2012\/02\/puy-dome-236182.jpg","type":"image\/jpeg"}],"twitter_card":"summary_large_image","twitter_misc":{"Dur\u00e9e de lecture estim\u00e9e":"1 minute"},"schema":{"@context":"https:\/\/schema.org","@graph":[{"@type":"WebPage","@id":"https:\/\/rando-quad19.fr\/?page_id=671","url":"https:\/\/rando-quad19.fr\/?page_id=671","name":"Les sentiers des gorges - Rando-Moto-Quad19","isPartOf":{"@id":"https:\/\/rando-quad19.fr\/#website"},"datePublished":"2018-03-15T14:34:42+00:00","dateModified":"2022-05-11T09:24:57+00:00","breadcrumb":{"@id":"https:\/\/rando-quad19.fr\/?page_id=671#breadcrumb"},"inLanguage":"fr-FR","potentialAction":[{"@type":"ReadAction","target":["https:\/\/rando-quad19.fr\/?page_id=671"]}]},{"@type":"BreadcrumbList","@id":"https:\/\/rando-quad19.fr\/?page_id=671#breadcrumb","itemListElement":[{"@type":"ListItem","position":1,"name":"Accueil","item":"https:\/\/rando-quad19.fr\/"},{"@type":"ListItem","position":2,"name":"Nos randonn\u00e9es","item":"http:\/\/rando-quad19.fr\/?page_id=6"},{"@type":"ListItem","position":3,"name":"Les sentiers des gorges"}]},{"@type":"WebSite","@id":"https:\/\/rando-quad19.fr\/#website","url":"https:\/\/rando-quad19.fr\/","name":"Rando-Moto-Quad19","description":"Cr\u00e9ateur d&#039;\u00e9motion en Haute Corr\u00e8ze","potentialAction":[{"@type":"SearchAction","target":{"@type":"EntryPoint","urlTemplate":"https:\/\/rando-quad19.fr\/?s={search_term_string}"},"query-input":"required name=search_term_string"}],"inLanguage":"fr-FR"}]}},"kubio_ai_page_context":{"short_desc":"","purpose":"general"},"jetpack_sharing_enabled":true,"_links":{"self":[{"href":"http:\/\/rando-quad19.fr\/index.php?rest_route=\/wp\/v2\/pages\/671","targetHints":{"allow":["GET"]}}],"collection":[{"href":"http:\/\/rando-quad19.fr\/index.php?rest_route=\/wp\/v2\/pages"}],"about":[{"href":"http:\/\/rando-quad19.fr\/index.php?rest_route=\/wp\/v2\/types\/page"}],"author":[{"embeddable":true,"href":"http:\/\/rando-quad19.fr\/index.php?rest_route=\/wp\/v2\/users\/1"}],"replies":[{"embeddable":true,"href":"http:\/\/rando-quad19.fr\/index.php?rest_route=%2Fwp%2Fv2%2Fcomments&post=671"}],"version-history":[{"count":4,"href":"http:\/\/rando-quad19.fr\/index.php?rest_route=\/wp\/v2\/pages\/671\/revisions"}],"predecessor-version":[{"id":1116,"href":"http:\/\/rando-quad19.fr\/index.php?rest_route=\/wp\/v2\/pages\/671\/revisions\/1116"}],"up":[{"embeddable":true,"href":"http:\/\/rando-quad19.fr\/index.php?rest_route=\/wp\/v2\/pages\/6"}],"wp:featuredmedia":[{"embeddable":true,"href":"http:\/\/rando-quad19.fr\/index.php?rest_route=\/wp\/v2\/media\/39"}],"wp:attachment":[{"href":"http:\/\/rando-quad19.fr\/index.php?rest_route=%2Fwp%2Fv2%2Fmedia&parent=671"}],"curies":[{"name":"wp","href":"https:\/\/api.w.org\/{rel}","templated":true}]}}