{"id":1217,"date":"2023-03-09T15:38:03","date_gmt":"2023-03-09T15:38:03","guid":{"rendered":"http:\/\/rando-quad19.fr\/?page_id=1217"},"modified":"2023-03-09T15:38:04","modified_gmt":"2023-03-09T15:38:04","slug":"trail-maxi-trail","status":"publish","type":"page","link":"https:\/\/rando-quad19.fr\/?page_id=1217","title":{"rendered":"TRAIL \/ MAXI TRAIL"},"content":{"rendered":"\n<p>Si tu es passionn\u00e9 de moto trail et que tu cherches des randonn\u00e9es de 1 \u00e0 plusieurs jours, la r\u00e9gion de Haute Corr\u00e8ze est faite pour toi ! Avec ses paysages \u00e0 couper le souffle, ses routes sinueuses et ses sentiers de terre, tu vas vivre une exp\u00e9rience inoubliable.<\/p>\n\n\n\n<p>Nos guides dipl\u00f4m\u00e9s te proposent des itin\u00e9raires adapt\u00e9s \u00e0 ton niveau, pour que tu puisses profiter pleinement de chaque kilom\u00e8tre parcouru. Tu vas rouler \u00e0 travers des for\u00eats, longer des rivi\u00e8res et traverser des villages typiques.<\/p>\n\n\n\n<p>Pendant tes randonn\u00e9es, tu seras h\u00e9berg\u00e9 dans des h\u00f4tels confortables et pourras d\u00e9guster les sp\u00e9cialit\u00e9s culinaires de la r\u00e9gion dans des restaurants locaux. Tu pourras ainsi d\u00e9couvrir les produits du terroir et te laisser surprendre par de nouvelles saveurs.<\/p>\n\n\n\n<p>Que tu sois d\u00e9butant ou confirm\u00e9, nos randonn\u00e9es en moto trail te permettront de vivre une exp\u00e9rience de conduite unique en son genre. Alors n&#8217;h\u00e9site plus et viens d\u00e9couvrir les merveilles de la Haute Corr\u00e8ze \u00e0 moto !<\/p>\n\n\n\n<p><\/p>\n\n\n\n<figure class=\"wp-block-image size-full\"><a href=\"http:\/\/rando-quad19.fr\/wp-content\/uploads\/2023\/03\/IMG-2967.jpg\"><img loading=\"lazy\" decoding=\"async\" width=\"828\" height=\"552\" src=\"http:\/\/rando-quad19.fr\/wp-content\/uploads\/2023\/03\/IMG-2967.jpg\" alt=\"\" class=\"wp-image-1219\" srcset=\"https:\/\/rando-quad19.fr\/wp-content\/uploads\/2023\/03\/IMG-2967.jpg 828w, https:\/\/rando-quad19.fr\/wp-content\/uploads\/2023\/03\/IMG-2967-600x400.jpg 600w, https:\/\/rando-quad19.fr\/wp-content\/uploads\/2023\/03\/IMG-2967-300x200.jpg 300w, https:\/\/rando-quad19.fr\/wp-content\/uploads\/2023\/03\/IMG-2967-768x512.jpg 768w, https:\/\/rando-quad19.fr\/wp-content\/uploads\/2023\/03\/IMG-2967-243x162.jpg 243w\" sizes=\"auto, (max-width: 828px) 100vw, 828px\" \/><\/a><\/figure>\n","protected":false},"excerpt":{"rendered":"<p>Si tu es passionn\u00e9 de moto trail et que tu cherches des randonn\u00e9es de 1 \u00e0 plusieurs jours, la r\u00e9gion de Haute Corr\u00e8ze est faite pour toi ! Avec ses paysages \u00e0 couper le souffle, ses routes sinueuses et ses sentiers de terre, tu vas vivre une exp\u00e9rience inoubliable. Nos guides dipl\u00f4m\u00e9s te proposent des [&hellip;]<\/p>\n","protected":false},"author":2,"featured_media":0,"parent":0,"menu_order":0,"comment_status":"closed","ping_status":"closed","template":"","meta":{"saved_in_kubio":false,"footnotes":""},"class_list":["post-1217","page","type-page","status-publish","hentry"],"yoast_head":"<!-- This site is optimized with the Yoast SEO plugin v20.2.1 - https:\/\/yoast.com\/wordpress\/plugins\/seo\/ -->\n<title>TRAIL \/ MAXI TRAIL - Rando-Moto-Quad19<\/title>\n<meta name=\"robots\" content=\"index, follow, max-snippet:-1, max-image-preview:large, max-video-preview:-1\" \/>\n<link rel=\"canonical\" href=\"https:\/\/rando-quad19.fr\/?page_id=1217\" \/>\n<meta property=\"og:locale\" content=\"fr_FR\" \/>\n<meta property=\"og:type\" content=\"article\" \/>\n<meta property=\"og:title\" content=\"TRAIL \/ MAXI TRAIL - Rando-Moto-Quad19\" \/>\n<meta property=\"og:description\" content=\"Si tu es passionn\u00e9 de moto trail et que tu cherches des randonn\u00e9es de 1 \u00e0 plusieurs jours, la r\u00e9gion de Haute Corr\u00e8ze est faite pour toi ! Avec ses paysages \u00e0 couper le souffle, ses routes sinueuses et ses sentiers de terre, tu vas vivre une exp\u00e9rience inoubliable. Nos guides dipl\u00f4m\u00e9s te proposent des [&hellip;]\" \/>\n<meta property=\"og:url\" content=\"https:\/\/rando-quad19.fr\/?page_id=1217\" \/>\n<meta property=\"og:site_name\" content=\"Rando-Moto-Quad19\" \/>\n<meta property=\"article:modified_time\" content=\"2023-03-09T15:38:04+00:00\" \/>\n<meta property=\"og:image\" content=\"http:\/\/rando-quad19.fr\/wp-content\/uploads\/2023\/03\/IMG-2967.jpg\" \/>\n<meta name=\"twitter:card\" content=\"summary_large_image\" \/>\n<meta name=\"twitter:label1\" content=\"Dur\u00e9e de lecture estim\u00e9e\" \/>\n\t<meta name=\"twitter:data1\" content=\"2 minutes\" \/>\n<script type=\"application\/ld+json\" class=\"yoast-schema-graph\">{\"@context\":\"https:\/\/schema.org\",\"@graph\":[{\"@type\":\"WebPage\",\"@id\":\"https:\/\/rando-quad19.fr\/?page_id=1217\",\"url\":\"https:\/\/rando-quad19.fr\/?page_id=1217\",\"name\":\"TRAIL \/ MAXI TRAIL - Rando-Moto-Quad19\",\"isPartOf\":{\"@id\":\"http:\/\/rando-quad19.fr\/#website\"},\"datePublished\":\"2023-03-09T15:38:03+00:00\",\"dateModified\":\"2023-03-09T15:38:04+00:00\",\"breadcrumb\":{\"@id\":\"https:\/\/rando-quad19.fr\/?page_id=1217#breadcrumb\"},\"inLanguage\":\"fr-FR\",\"potentialAction\":[{\"@type\":\"ReadAction\",\"target\":[\"https:\/\/rando-quad19.fr\/?page_id=1217\"]}]},{\"@type\":\"BreadcrumbList\",\"@id\":\"https:\/\/rando-quad19.fr\/?page_id=1217#breadcrumb\",\"itemListElement\":[{\"@type\":\"ListItem\",\"position\":1,\"name\":\"Accueil\",\"item\":\"http:\/\/rando-quad19.fr\/\"},{\"@type\":\"ListItem\",\"position\":2,\"name\":\"TRAIL \/ MAXI TRAIL\"}]},{\"@type\":\"WebSite\",\"@id\":\"http:\/\/rando-quad19.fr\/#website\",\"url\":\"http:\/\/rando-quad19.fr\/\",\"name\":\"Rando-Moto-Quad19\",\"description\":\"Cr\u00e9ateur d&#039;\u00e9motion en Haute Corr\u00e8ze\",\"potentialAction\":[{\"@type\":\"SearchAction\",\"target\":{\"@type\":\"EntryPoint\",\"urlTemplate\":\"http:\/\/rando-quad19.fr\/?s={search_term_string}\"},\"query-input\":\"required name=search_term_string\"}],\"inLanguage\":\"fr-FR\"}]}<\/script>\n<!-- \/ Yoast SEO plugin. -->","yoast_head_json":{"title":"TRAIL \/ MAXI TRAIL - Rando-Moto-Quad19","robots":{"index":"index","follow":"follow","max-snippet":"max-snippet:-1","max-image-preview":"max-image-preview:large","max-video-preview":"max-video-preview:-1"},"canonical":"https:\/\/rando-quad19.fr\/?page_id=1217","og_locale":"fr_FR","og_type":"article","og_title":"TRAIL \/ MAXI TRAIL - Rando-Moto-Quad19","og_description":"Si tu es passionn\u00e9 de moto trail et que tu cherches des randonn\u00e9es de 1 \u00e0 plusieurs jours, la r\u00e9gion de Haute Corr\u00e8ze est faite pour toi ! Avec ses paysages \u00e0 couper le souffle, ses routes sinueuses et ses sentiers de terre, tu vas vivre une exp\u00e9rience inoubliable. Nos guides dipl\u00f4m\u00e9s te proposent des [&hellip;]","og_url":"https:\/\/rando-quad19.fr\/?page_id=1217","og_site_name":"Rando-Moto-Quad19","article_modified_time":"2023-03-09T15:38:04+00:00","og_image":[{"url":"http:\/\/rando-quad19.fr\/wp-content\/uploads\/2023\/03\/IMG-2967.jpg"}],"twitter_card":"summary_large_image","twitter_misc":{"Dur\u00e9e de lecture estim\u00e9e":"2 minutes"},"schema":{"@context":"https:\/\/schema.org","@graph":[{"@type":"WebPage","@id":"https:\/\/rando-quad19.fr\/?page_id=1217","url":"https:\/\/rando-quad19.fr\/?page_id=1217","name":"TRAIL \/ MAXI TRAIL - Rando-Moto-Quad19","isPartOf":{"@id":"http:\/\/rando-quad19.fr\/#website"},"datePublished":"2023-03-09T15:38:03+00:00","dateModified":"2023-03-09T15:38:04+00:00","breadcrumb":{"@id":"https:\/\/rando-quad19.fr\/?page_id=1217#breadcrumb"},"inLanguage":"fr-FR","potentialAction":[{"@type":"ReadAction","target":["https:\/\/rando-quad19.fr\/?page_id=1217"]}]},{"@type":"BreadcrumbList","@id":"https:\/\/rando-quad19.fr\/?page_id=1217#breadcrumb","itemListElement":[{"@type":"ListItem","position":1,"name":"Accueil","item":"http:\/\/rando-quad19.fr\/"},{"@type":"ListItem","position":2,"name":"TRAIL \/ MAXI TRAIL"}]},{"@type":"WebSite","@id":"http:\/\/rando-quad19.fr\/#website","url":"http:\/\/rando-quad19.fr\/","name":"Rando-Moto-Quad19","description":"Cr\u00e9ateur d&#039;\u00e9motion en Haute Corr\u00e8ze","potentialAction":[{"@type":"SearchAction","target":{"@type":"EntryPoint","urlTemplate":"http:\/\/rando-quad19.fr\/?s={search_term_string}"},"query-input":"required name=search_term_string"}],"inLanguage":"fr-FR"}]}},"kubio_ai_page_context":{"short_desc":"","purpose":"general"},"jetpack_sharing_enabled":true,"_links":{"self":[{"href":"https:\/\/rando-quad19.fr\/index.php?rest_route=\/wp\/v2\/pages\/1217","targetHints":{"allow":["GET"]}}],"collection":[{"href":"https:\/\/rando-quad19.fr\/index.php?rest_route=\/wp\/v2\/pages"}],"about":[{"href":"https:\/\/rando-quad19.fr\/index.php?rest_route=\/wp\/v2\/types\/page"}],"author":[{"embeddable":true,"href":"https:\/\/rando-quad19.fr\/index.php?rest_route=\/wp\/v2\/users\/2"}],"replies":[{"embeddable":true,"href":"https:\/\/rando-quad19.fr\/index.php?rest_route=%2Fwp%2Fv2%2Fcomments&post=1217"}],"version-history":[{"count":1,"href":"https:\/\/rando-quad19.fr\/index.php?rest_route=\/wp\/v2\/pages\/1217\/revisions"}],"predecessor-version":[{"id":1220,"href":"https:\/\/rando-quad19.fr\/index.php?rest_route=\/wp\/v2\/pages\/1217\/revisions\/1220"}],"wp:attachment":[{"href":"https:\/\/rando-quad19.fr\/index.php?rest_route=%2Fwp%2Fv2%2Fmedia&parent=1217"}],"curies":[{"name":"wp","href":"https:\/\/api.w.org\/{rel}","templated":true}]}}