{"id":1276,"date":"2023-03-14T09:10:11","date_gmt":"2023-03-14T09:10:11","guid":{"rendered":"http:\/\/rando-quad19.fr\/?page_id=1276"},"modified":"2023-03-14T17:58:31","modified_gmt":"2023-03-14T17:58:31","slug":"seminaire-team-building","status":"publish","type":"page","link":"https:\/\/rando-quad19.fr\/?page_id=1276","title":{"rendered":"S\u00e9minaire \/ Team Building"},"content":{"rendered":"\n<p>Nous vous proposons une vari\u00e9t\u00e9 d&#8217;activit\u00e9s pour vos s\u00e9minaires et \u00e9v\u00e9nements d&#8217;entreprise. Que ce soit pour renforcer les liens entre les membres de votre \u00e9quipe ou pour offrir un moment de d\u00e9tente, nous avons ce qu&#8217;il vous faut. <\/p>\n\n\n\n<div class=\"wp-block-media-text alignwide is-stacked-on-mobile\"><figure class=\"wp-block-media-text__media\"><img loading=\"lazy\" decoding=\"async\" width=\"1024\" height=\"684\" src=\"http:\/\/rando-quad19.fr\/wp-content\/uploads\/2023\/03\/AEC_7693-1024x684.jpg\" alt=\"\" class=\"wp-image-1277 size-full\" srcset=\"https:\/\/rando-quad19.fr\/wp-content\/uploads\/2023\/03\/AEC_7693-1024x684.jpg 1024w, https:\/\/rando-quad19.fr\/wp-content\/uploads\/2023\/03\/AEC_7693-scaled-600x401.jpg 600w, https:\/\/rando-quad19.fr\/wp-content\/uploads\/2023\/03\/AEC_7693-300x200.jpg 300w, https:\/\/rando-quad19.fr\/wp-content\/uploads\/2023\/03\/AEC_7693-768x513.jpg 768w, https:\/\/rando-quad19.fr\/wp-content\/uploads\/2023\/03\/AEC_7693-1536x1025.jpg 1536w, https:\/\/rando-quad19.fr\/wp-content\/uploads\/2023\/03\/AEC_7693-2048x1367.jpg 2048w, https:\/\/rando-quad19.fr\/wp-content\/uploads\/2023\/03\/AEC_7693-243x162.jpg 243w\" sizes=\"auto, (max-width: 1024px) 100vw, 1024px\" \/><\/figure><div class=\"wp-block-media-text__content\">\n<p>Vous pourrez opter pour une randonn\u00e9e en trottinette \u00e9lectrique.<\/p>\n\n\n\n<p>La randonn\u00e9e en trottinette \u00e9lectrique est une activit\u00e9 id\u00e9ale . Cette activit\u00e9 permet de d\u00e9couvrir les environs de mani\u00e8re ludique et \u00e9cologique. Les participants pourront profiter de la nature tout en renfor\u00e7ant l&#8217;esprit d&#8217;\u00e9quipe. La trottinette \u00e9lectrique est facile \u00e0 utiliser et convient \u00e0 tous les niveaux de pratique. Elle permet de parcourir de longues distances sans fatigue et avec un minimum d&#8217;effort. <\/p>\n<\/div><\/div>\n\n\n\n<p> <\/p>\n\n\n\n<div class=\"wp-block-media-text alignwide has-media-on-the-right is-stacked-on-mobile\"><div class=\"wp-block-media-text__content\">\n<p>Une randonn\u00e9e en quad.<\/p>\n\n\n\n<p>La randonn\u00e9e en quad est une activit\u00e9 de plein air . Elle permet de d\u00e9couvrir de nouvelles sensations de conduite tout en profitant du paysage. Cette activit\u00e9 est accessible \u00e0 tous, que l\u2019on soit novice ou exp\u00e9riment\u00e9 en conduite de quad. L\u2019activit\u00e9 est encadr\u00e9e par des professionnels qualifi\u00e9s qui dispensent des instructions de s\u00e9curit\u00e9 avant le d\u00e9part. La randonn\u00e9e en quad est une exp\u00e9rience unique qui permet de renforcer l\u2019esprit d\u2019\u00e9quipe et de cr\u00e9er des liens forts entre les participants<\/p>\n<\/div><figure class=\"wp-block-media-text__media\"><img loading=\"lazy\" decoding=\"async\" width=\"768\" height=\"1024\" src=\"http:\/\/rando-quad19.fr\/wp-content\/uploads\/2023\/03\/IMG-2898-2-768x1024.jpg\" alt=\"\" class=\"wp-image-1185 size-full\" srcset=\"https:\/\/rando-quad19.fr\/wp-content\/uploads\/2023\/03\/IMG-2898-2-768x1024.jpg 768w, https:\/\/rando-quad19.fr\/wp-content\/uploads\/2023\/03\/IMG-2898-2-scaled-600x800.jpg 600w, https:\/\/rando-quad19.fr\/wp-content\/uploads\/2023\/03\/IMG-2898-2-225x300.jpg 225w, https:\/\/rando-quad19.fr\/wp-content\/uploads\/2023\/03\/IMG-2898-2-1152x1536.jpg 1152w, https:\/\/rando-quad19.fr\/wp-content\/uploads\/2023\/03\/IMG-2898-2-1536x2048.jpg 1536w, https:\/\/rando-quad19.fr\/wp-content\/uploads\/2023\/03\/IMG-2898-2-122x162.jpg 122w, https:\/\/rando-quad19.fr\/wp-content\/uploads\/2023\/03\/IMG-2898-2-scaled.jpg 1920w\" sizes=\"auto, (max-width: 768px) 100vw, 768px\" \/><\/figure><\/div>\n\n\n\n<p> <\/p>\n\n\n\n<div class=\"wp-block-media-text alignwide is-stacked-on-mobile\"><figure class=\"wp-block-media-text__media\"><img loading=\"lazy\" decoding=\"async\" width=\"1024\" height=\"488\" src=\"http:\/\/rando-quad19.fr\/wp-content\/uploads\/2023\/03\/course-orientation-bandeau-1024x488.jpg\" alt=\"\" class=\"wp-image-1278 size-full\" srcset=\"https:\/\/rando-quad19.fr\/wp-content\/uploads\/2023\/03\/course-orientation-bandeau-1024x488.jpg 1024w, https:\/\/rando-quad19.fr\/wp-content\/uploads\/2023\/03\/course-orientation-bandeau-600x286.jpg 600w, https:\/\/rando-quad19.fr\/wp-content\/uploads\/2023\/03\/course-orientation-bandeau-300x143.jpg 300w, https:\/\/rando-quad19.fr\/wp-content\/uploads\/2023\/03\/course-orientation-bandeau-768x366.jpg 768w, https:\/\/rando-quad19.fr\/wp-content\/uploads\/2023\/03\/course-orientation-bandeau-1536x733.jpg 1536w, https:\/\/rando-quad19.fr\/wp-content\/uploads\/2023\/03\/course-orientation-bandeau-2048x977.jpg 2048w, https:\/\/rando-quad19.fr\/wp-content\/uploads\/2023\/03\/course-orientation-bandeau-262x125.jpg 262w\" sizes=\"auto, (max-width: 1024px) 100vw, 1024px\" \/><\/figure><div class=\"wp-block-media-text__content\">\n<p>Une course d&#8217;orientation ou Laser Game.<\/p>\n\n\n\n<p>Pour dynamiser le s\u00e9minaire d\u2019entreprise, nous organisons une course d\u2019orientation ou une partie de Laser Game. Les deux activit\u00e9s permettent de renforcer la coh\u00e9sion d\u2019\u00e9quipe et de favoriser l\u2019esprit de comp\u00e9tition entre les collaborateurs. La course d\u2019orientation permettra aux participants de d\u00e9couvrir une nature sauvage et pr\u00e9serv\u00e9e, tout en alliant l\u2019effort physique et la r\u00e9flexion pour trouver les balises diss\u00e9min\u00e9es sur le parcours. <\/p>\n\n\n\n<p>Quant au Laser Game, c\u2019est une activit\u00e9 ludique et conviviale qui permettra aux collaborateurs de se d\u00e9fouler et de s\u2019amuser tout en renfor\u00e7ant leur esprit d\u2019\u00e9quipe. Dans les deux cas, ces activit\u00e9s seront encadr\u00e9es par des professionnels qui veilleront \u00e0 la s\u00e9curit\u00e9 et \u00e0 la bonne marche de l\u2019activit\u00e9.<\/p>\n<\/div><\/div>\n\n\n\n<p> En plus des activit\u00e9s. Nous mettons \u00e0 votre disposition une salle de r\u00e9union et un restaurant pour vos repas du midi. <\/p>\n\n\n\n<p>   <\/p>\n\n\n\n<p>Nous sommes l\u00e0 pour vous accompagner dans l&#8217;organisation de votre \u00e9v\u00e9nement pour qu&#8217;il soit un succ\u00e8s.<\/p>\n","protected":false},"excerpt":{"rendered":"<p>Nous vous proposons une vari\u00e9t\u00e9 d&#8217;activit\u00e9s pour vos s\u00e9minaires et \u00e9v\u00e9nements d&#8217;entreprise. Que ce soit pour renforcer les liens entre les membres de votre \u00e9quipe ou pour offrir un moment de d\u00e9tente, nous avons ce qu&#8217;il vous faut. Vous pourrez opter pour une randonn\u00e9e en trottinette \u00e9lectrique. La randonn\u00e9e en trottinette \u00e9lectrique est une activit\u00e9 [&hellip;]<\/p>\n","protected":false},"author":2,"featured_media":0,"parent":0,"menu_order":0,"comment_status":"closed","ping_status":"closed","template":"","meta":{"saved_in_kubio":false,"footnotes":""},"class_list":["post-1276","page","type-page","status-publish","hentry"],"yoast_head":"<!-- This site is optimized with the Yoast SEO plugin v20.2.1 - https:\/\/yoast.com\/wordpress\/plugins\/seo\/ -->\n<title>S\u00e9minaire \/ Team Building - Rando-Moto-Quad19<\/title>\n<meta name=\"description\" content=\"Nous vous proposons une vari\u00e9t\u00e9 d&#039;activit\u00e9s pour vos s\u00e9minaires et \u00e9v\u00e9nements d&#039;entreprise. Randonn\u00e9e en trottinette \u00e9lectrique , en quad.\" \/>\n<meta name=\"robots\" content=\"index, follow, max-snippet:-1, max-image-preview:large, max-video-preview:-1\" \/>\n<link rel=\"canonical\" href=\"https:\/\/rando-quad19.fr\/?page_id=1276\" \/>\n<meta property=\"og:locale\" content=\"fr_FR\" \/>\n<meta property=\"og:type\" content=\"article\" \/>\n<meta property=\"og:title\" content=\"S\u00e9minaire \/ Team Building - Rando-Moto-Quad19\" \/>\n<meta property=\"og:description\" content=\"Nous vous proposons une vari\u00e9t\u00e9 d&#039;activit\u00e9s pour vos s\u00e9minaires et \u00e9v\u00e9nements d&#039;entreprise. Randonn\u00e9e en trottinette \u00e9lectrique , en quad.\" \/>\n<meta property=\"og:url\" content=\"https:\/\/rando-quad19.fr\/?page_id=1276\" \/>\n<meta property=\"og:site_name\" content=\"Rando-Moto-Quad19\" \/>\n<meta property=\"article:modified_time\" content=\"2023-03-14T17:58:31+00:00\" \/>\n<meta property=\"og:image\" content=\"http:\/\/rando-quad19.fr\/wp-content\/uploads\/2023\/03\/AEC_7693-1024x684.jpg\" \/>\n<meta name=\"twitter:card\" content=\"summary_large_image\" \/>\n<meta name=\"twitter:label1\" content=\"Dur\u00e9e de lecture estim\u00e9e\" \/>\n\t<meta name=\"twitter:data1\" content=\"3 minutes\" \/>\n<script type=\"application\/ld+json\" class=\"yoast-schema-graph\">{\"@context\":\"https:\/\/schema.org\",\"@graph\":[{\"@type\":\"WebPage\",\"@id\":\"https:\/\/rando-quad19.fr\/?page_id=1276\",\"url\":\"https:\/\/rando-quad19.fr\/?page_id=1276\",\"name\":\"S\u00e9minaire \/ Team Building - Rando-Moto-Quad19\",\"isPartOf\":{\"@id\":\"http:\/\/rando-quad19.fr\/#website\"},\"datePublished\":\"2023-03-14T09:10:11+00:00\",\"dateModified\":\"2023-03-14T17:58:31+00:00\",\"description\":\"Nous vous proposons une vari\u00e9t\u00e9 d'activit\u00e9s pour vos s\u00e9minaires et \u00e9v\u00e9nements d'entreprise. Randonn\u00e9e en trottinette \u00e9lectrique , en quad.\",\"breadcrumb\":{\"@id\":\"https:\/\/rando-quad19.fr\/?page_id=1276#breadcrumb\"},\"inLanguage\":\"fr-FR\",\"potentialAction\":[{\"@type\":\"ReadAction\",\"target\":[\"https:\/\/rando-quad19.fr\/?page_id=1276\"]}]},{\"@type\":\"BreadcrumbList\",\"@id\":\"https:\/\/rando-quad19.fr\/?page_id=1276#breadcrumb\",\"itemListElement\":[{\"@type\":\"ListItem\",\"position\":1,\"name\":\"Accueil\",\"item\":\"http:\/\/rando-quad19.fr\/\"},{\"@type\":\"ListItem\",\"position\":2,\"name\":\"S\u00e9minaire \/ Team Building\"}]},{\"@type\":\"WebSite\",\"@id\":\"http:\/\/rando-quad19.fr\/#website\",\"url\":\"http:\/\/rando-quad19.fr\/\",\"name\":\"Rando-Moto-Quad19\",\"description\":\"Cr\u00e9ateur d&#039;\u00e9motion en Haute Corr\u00e8ze\",\"potentialAction\":[{\"@type\":\"SearchAction\",\"target\":{\"@type\":\"EntryPoint\",\"urlTemplate\":\"http:\/\/rando-quad19.fr\/?s={search_term_string}\"},\"query-input\":\"required name=search_term_string\"}],\"inLanguage\":\"fr-FR\"}]}<\/script>\n<!-- \/ Yoast SEO plugin. -->","yoast_head_json":{"title":"S\u00e9minaire \/ Team Building - Rando-Moto-Quad19","description":"Nous vous proposons une vari\u00e9t\u00e9 d'activit\u00e9s pour vos s\u00e9minaires et \u00e9v\u00e9nements d'entreprise. Randonn\u00e9e en trottinette \u00e9lectrique , en quad.","robots":{"index":"index","follow":"follow","max-snippet":"max-snippet:-1","max-image-preview":"max-image-preview:large","max-video-preview":"max-video-preview:-1"},"canonical":"https:\/\/rando-quad19.fr\/?page_id=1276","og_locale":"fr_FR","og_type":"article","og_title":"S\u00e9minaire \/ Team Building - Rando-Moto-Quad19","og_description":"Nous vous proposons une vari\u00e9t\u00e9 d'activit\u00e9s pour vos s\u00e9minaires et \u00e9v\u00e9nements d'entreprise. Randonn\u00e9e en trottinette \u00e9lectrique , en quad.","og_url":"https:\/\/rando-quad19.fr\/?page_id=1276","og_site_name":"Rando-Moto-Quad19","article_modified_time":"2023-03-14T17:58:31+00:00","og_image":[{"url":"http:\/\/rando-quad19.fr\/wp-content\/uploads\/2023\/03\/AEC_7693-1024x684.jpg"}],"twitter_card":"summary_large_image","twitter_misc":{"Dur\u00e9e de lecture estim\u00e9e":"3 minutes"},"schema":{"@context":"https:\/\/schema.org","@graph":[{"@type":"WebPage","@id":"https:\/\/rando-quad19.fr\/?page_id=1276","url":"https:\/\/rando-quad19.fr\/?page_id=1276","name":"S\u00e9minaire \/ Team Building - Rando-Moto-Quad19","isPartOf":{"@id":"http:\/\/rando-quad19.fr\/#website"},"datePublished":"2023-03-14T09:10:11+00:00","dateModified":"2023-03-14T17:58:31+00:00","description":"Nous vous proposons une vari\u00e9t\u00e9 d'activit\u00e9s pour vos s\u00e9minaires et \u00e9v\u00e9nements d'entreprise. Randonn\u00e9e en trottinette \u00e9lectrique , en quad.","breadcrumb":{"@id":"https:\/\/rando-quad19.fr\/?page_id=1276#breadcrumb"},"inLanguage":"fr-FR","potentialAction":[{"@type":"ReadAction","target":["https:\/\/rando-quad19.fr\/?page_id=1276"]}]},{"@type":"BreadcrumbList","@id":"https:\/\/rando-quad19.fr\/?page_id=1276#breadcrumb","itemListElement":[{"@type":"ListItem","position":1,"name":"Accueil","item":"http:\/\/rando-quad19.fr\/"},{"@type":"ListItem","position":2,"name":"S\u00e9minaire \/ Team Building"}]},{"@type":"WebSite","@id":"http:\/\/rando-quad19.fr\/#website","url":"http:\/\/rando-quad19.fr\/","name":"Rando-Moto-Quad19","description":"Cr\u00e9ateur d&#039;\u00e9motion en Haute Corr\u00e8ze","potentialAction":[{"@type":"SearchAction","target":{"@type":"EntryPoint","urlTemplate":"http:\/\/rando-quad19.fr\/?s={search_term_string}"},"query-input":"required name=search_term_string"}],"inLanguage":"fr-FR"}]}},"kubio_ai_page_context":{"short_desc":"","purpose":"general"},"jetpack_sharing_enabled":true,"_links":{"self":[{"href":"https:\/\/rando-quad19.fr\/index.php?rest_route=\/wp\/v2\/pages\/1276","targetHints":{"allow":["GET"]}}],"collection":[{"href":"https:\/\/rando-quad19.fr\/index.php?rest_route=\/wp\/v2\/pages"}],"about":[{"href":"https:\/\/rando-quad19.fr\/index.php?rest_route=\/wp\/v2\/types\/page"}],"author":[{"embeddable":true,"href":"https:\/\/rando-quad19.fr\/index.php?rest_route=\/wp\/v2\/users\/2"}],"replies":[{"embeddable":true,"href":"https:\/\/rando-quad19.fr\/index.php?rest_route=%2Fwp%2Fv2%2Fcomments&post=1276"}],"version-history":[{"count":2,"href":"https:\/\/rando-quad19.fr\/index.php?rest_route=\/wp\/v2\/pages\/1276\/revisions"}],"predecessor-version":[{"id":1286,"href":"https:\/\/rando-quad19.fr\/index.php?rest_route=\/wp\/v2\/pages\/1276\/revisions\/1286"}],"wp:attachment":[{"href":"https:\/\/rando-quad19.fr\/index.php?rest_route=%2Fwp%2Fv2%2Fmedia&parent=1276"}],"curies":[{"name":"wp","href":"https:\/\/api.w.org\/{rel}","templated":true}]}}