{"id":1373,"date":"2024-10-17T17:19:58","date_gmt":"2024-10-17T17:19:58","guid":{"rendered":"http:\/\/rando-quad19.fr\/?page_id=1373"},"modified":"2024-10-18T13:13:36","modified_gmt":"2024-10-18T13:13:36","slug":"front_page","status":"publish","type":"page","link":"https:\/\/rando-quad19.fr\/","title":{"rendered":"Home"},"content":{"rendered":"\n\n\n\n","protected":false},"excerpt":{"rendered":"","protected":false},"author":2,"featured_media":0,"parent":970,"menu_order":0,"comment_status":"closed","ping_status":"closed","template":"","meta":{"saved_in_kubio":true,"footnotes":""},"class_list":["post-1373","page","type-page","status-publish","hentry"],"yoast_head":"<!-- This site is optimized with the Yoast SEO plugin v20.2.1 - https:\/\/yoast.com\/wordpress\/plugins\/seo\/ -->\n<title>Home - Rando-Moto-Quad19<\/title>\n<meta name=\"robots\" content=\"index, follow, max-snippet:-1, max-image-preview:large, max-video-preview:-1\" \/>\n<link rel=\"canonical\" href=\"http:\/\/rando-quad19.fr\/\" \/>\n<meta property=\"og:locale\" content=\"fr_FR\" \/>\n<meta property=\"og:type\" content=\"article\" \/>\n<meta property=\"og:title\" content=\"Home - Rando-Moto-Quad19\" \/>\n<meta property=\"og:url\" content=\"http:\/\/rando-quad19.fr\/\" \/>\n<meta property=\"og:site_name\" content=\"Rando-Moto-Quad19\" \/>\n<meta property=\"article:modified_time\" content=\"2024-10-18T13:13:36+00:00\" \/>\n<meta name=\"twitter:card\" content=\"summary_large_image\" \/>\n<meta name=\"twitter:label1\" content=\"Dur\u00e9e de lecture estim\u00e9e\" \/>\n\t<meta name=\"twitter:data1\" content=\"1 minute\" \/>\n<script type=\"application\/ld+json\" class=\"yoast-schema-graph\">{\"@context\":\"https:\/\/schema.org\",\"@graph\":[{\"@type\":\"WebPage\",\"@id\":\"http:\/\/rando-quad19.fr\/\",\"url\":\"http:\/\/rando-quad19.fr\/\",\"name\":\"Home - Rando-Moto-Quad19\",\"isPartOf\":{\"@id\":\"http:\/\/rando-quad19.fr\/#website\"},\"datePublished\":\"2024-10-17T17:19:58+00:00\",\"dateModified\":\"2024-10-18T13:13:36+00:00\",\"breadcrumb\":{\"@id\":\"http:\/\/rando-quad19.fr\/#breadcrumb\"},\"inLanguage\":\"fr-FR\",\"potentialAction\":[{\"@type\":\"ReadAction\",\"target\":[\"http:\/\/rando-quad19.fr\/\"]}]},{\"@type\":\"BreadcrumbList\",\"@id\":\"http:\/\/rando-quad19.fr\/#breadcrumb\",\"itemListElement\":[{\"@type\":\"ListItem\",\"position\":1,\"name\":\"Accueil\",\"item\":\"http:\/\/rando-quad19.fr\/\"},{\"@type\":\"ListItem\",\"position\":2,\"name\":\"Accueil\",\"item\":\"http:\/\/rando-quad19.fr\/?page_id=970\"},{\"@type\":\"ListItem\",\"position\":3,\"name\":\"Home\"}]},{\"@type\":\"WebSite\",\"@id\":\"http:\/\/rando-quad19.fr\/#website\",\"url\":\"http:\/\/rando-quad19.fr\/\",\"name\":\"Rando-Moto-Quad19\",\"description\":\"Cr\u00e9ateur d&#039;\u00e9motion en Haute Corr\u00e8ze\",\"potentialAction\":[{\"@type\":\"SearchAction\",\"target\":{\"@type\":\"EntryPoint\",\"urlTemplate\":\"http:\/\/rando-quad19.fr\/?s={search_term_string}\"},\"query-input\":\"required name=search_term_string\"}],\"inLanguage\":\"fr-FR\"}]}<\/script>\n<!-- \/ Yoast SEO plugin. -->","yoast_head_json":{"title":"Home - Rando-Moto-Quad19","robots":{"index":"index","follow":"follow","max-snippet":"max-snippet:-1","max-image-preview":"max-image-preview:large","max-video-preview":"max-video-preview:-1"},"canonical":"http:\/\/rando-quad19.fr\/","og_locale":"fr_FR","og_type":"article","og_title":"Home - Rando-Moto-Quad19","og_url":"http:\/\/rando-quad19.fr\/","og_site_name":"Rando-Moto-Quad19","article_modified_time":"2024-10-18T13:13:36+00:00","twitter_card":"summary_large_image","twitter_misc":{"Dur\u00e9e de lecture estim\u00e9e":"1 minute"},"schema":{"@context":"https:\/\/schema.org","@graph":[{"@type":"WebPage","@id":"http:\/\/rando-quad19.fr\/","url":"http:\/\/rando-quad19.fr\/","name":"Home - Rando-Moto-Quad19","isPartOf":{"@id":"http:\/\/rando-quad19.fr\/#website"},"datePublished":"2024-10-17T17:19:58+00:00","dateModified":"2024-10-18T13:13:36+00:00","breadcrumb":{"@id":"http:\/\/rando-quad19.fr\/#breadcrumb"},"inLanguage":"fr-FR","potentialAction":[{"@type":"ReadAction","target":["http:\/\/rando-quad19.fr\/"]}]},{"@type":"BreadcrumbList","@id":"http:\/\/rando-quad19.fr\/#breadcrumb","itemListElement":[{"@type":"ListItem","position":1,"name":"Accueil","item":"http:\/\/rando-quad19.fr\/"},{"@type":"ListItem","position":2,"name":"Accueil","item":"http:\/\/rando-quad19.fr\/?page_id=970"},{"@type":"ListItem","position":3,"name":"Home"}]},{"@type":"WebSite","@id":"http:\/\/rando-quad19.fr\/#website","url":"http:\/\/rando-quad19.fr\/","name":"Rando-Moto-Quad19","description":"Cr\u00e9ateur d&#039;\u00e9motion en Haute Corr\u00e8ze","potentialAction":[{"@type":"SearchAction","target":{"@type":"EntryPoint","urlTemplate":"http:\/\/rando-quad19.fr\/?s={search_term_string}"},"query-input":"required name=search_term_string"}],"inLanguage":"fr-FR"}]}},"kubio_ai_page_context":{"short_desc":"","purpose":"general"},"jetpack_sharing_enabled":true,"_links":{"self":[{"href":"https:\/\/rando-quad19.fr\/index.php?rest_route=\/wp\/v2\/pages\/1373","targetHints":{"allow":["GET"]}}],"collection":[{"href":"https:\/\/rando-quad19.fr\/index.php?rest_route=\/wp\/v2\/pages"}],"about":[{"href":"https:\/\/rando-quad19.fr\/index.php?rest_route=\/wp\/v2\/types\/page"}],"author":[{"embeddable":true,"href":"https:\/\/rando-quad19.fr\/index.php?rest_route=\/wp\/v2\/users\/2"}],"replies":[{"embeddable":true,"href":"https:\/\/rando-quad19.fr\/index.php?rest_route=%2Fwp%2Fv2%2Fcomments&post=1373"}],"version-history":[{"count":6,"href":"https:\/\/rando-quad19.fr\/index.php?rest_route=\/wp\/v2\/pages\/1373\/revisions"}],"predecessor-version":[{"id":1426,"href":"https:\/\/rando-quad19.fr\/index.php?rest_route=\/wp\/v2\/pages\/1373\/revisions\/1426"}],"up":[{"embeddable":true,"href":"https:\/\/rando-quad19.fr\/index.php?rest_route=\/wp\/v2\/pages\/970"}],"wp:attachment":[{"href":"https:\/\/rando-quad19.fr\/index.php?rest_route=%2Fwp%2Fv2%2Fmedia&parent=1373"}],"curies":[{"name":"wp","href":"https:\/\/api.w.org\/{rel}","templated":true}]}}